{"id":1276,"date":"2024-12-11T06:56:41","date_gmt":"2024-12-11T06:56:41","guid":{"rendered":"https:\/\/klbtheme.com\/fynode\/?page_id=1276"},"modified":"2025-04-12T18:21:06","modified_gmt":"2025-04-12T18:21:06","slug":"contact","status":"publish","type":"page","link":"https:\/\/ametllafilmfest.com\/en\/contact\/","title":{"rendered":"Contact"},"content":{"rendered":"<div data-elementor-type=\"wp-page\" data-elementor-id=\"1276\" class=\"elementor elementor-1276\">\n\t\t\t\t<div class=\"elementor-element elementor-element-bcbda5b e-con-full e-flex e-con e-parent\" data-id=\"bcbda5b\" data-element_type=\"container\">\n\t\t<div class=\"elementor-element elementor-element-ab4bb34 e-con-full e-flex e-con e-child\" data-id=\"ab4bb34\" data-element_type=\"container\">\n\t\t\t\t<div class=\"elementor-element elementor-element-d5571d0 elementor-widget elementor-widget-fynode-home-slider\" data-id=\"d5571d0\" data-element_type=\"widget\" data-widget_type=\"fynode-home-slider.default\">\n\t\t\t\t<div class=\"elementor-widget-container\">\n\t\t\t\t\t<div class=\"site-slider slider-style loader-default\" data-items=\"1\" data-items-tablet=\"1\" data-items-mobile=\"1\" data-itemsscroll=\"1\" data-speed=\"600\" data-arrows=\"true\" data-dots=\"true\" data-autoplay=\"true\" data-autospeed=\"600\" data-loop=\"true\" style=\"--dots-background: #f3f4f6;\"><div class=\"site-slider-item\"><div class=\"site-banner default-style light\" style=\"--banner-mobile: 466px; --banner-tablet: 827px; --banner-desktop: 827px;\"><div class=\"site-banner-content align-items-center justify-content-center\"><div class=\"site-banner-inner max-width\" style=\"--max-width-desktop: 820px; --max-width-tablet: 820px; --max-width-mobile: 100%;\"><div class=\"site-banner-header\"><h3 class=\"entry-subtitle subtitle-sm subtitle-lg\">Your opinion<\/h3><h2 class=\"entry-title title-6xl fw-bold tracking-tighter leading-tight\">is our driving force.<\/h2><\/div><!-- site-banner-header --><div class=\"site-banner-body\"><div class=\"entry-description description-xl opacity-75 fw-light\"><p>Together, we make the festival grow.<\/p><\/div><!-- entry-description --><\/div><!-- site-banner-body --><div class=\"site-banner-footer\"><a href=\"https:\/\/entradas.codetickets.com\/entradas\/ametlla-film-fest\"  target=\"&quot;_blank&quot;\" class=\"btn btn-white btn-rounded\">Get your ticket<\/a><\/div><!-- site-banner-footer --><\/div><!-- site-banner-inner --><\/div><!-- site-banner-content --><div class=\"site-banner-media image-overlay dark\" style=\"--overlay-opacity: 0.3;\"><img decoding=\"async\" src=\"https:\/\/ametllafilmfest.com\/wp-content\/uploads\/2025\/03\/visualelectric-1742137373480.png\" alt=\"\"><\/div><!-- site-banner-media --><\/div><!-- site-banner --><\/div><!-- site-slider-item --><\/div><!-- site-slider -->\t\t\t\t<\/div>\n\t\t\t\t<\/div>\n\t\t\t\t<\/div>\n\t\t\t\t<\/div>\n\t\t<div class=\"elementor-element elementor-element-23b2c4d e-flex e-con-boxed e-con e-parent\" data-id=\"23b2c4d\" data-element_type=\"container\">\n\t\t\t\t\t<div class=\"e-con-inner\">\n\t\t<div class=\"elementor-element elementor-element-e4e38fc e-con-full e-flex e-con e-child\" data-id=\"e4e38fc\" data-element_type=\"container\">\n\t\t<div class=\"elementor-element elementor-element-8a2f510 e-con-full e-flex e-con e-child\" data-id=\"8a2f510\" data-element_type=\"container\">\n\t\t\t\t<div class=\"elementor-element elementor-element-3fef50b elementor-widget elementor-widget-heading\" data-id=\"3fef50b\" data-element_type=\"widget\" data-widget_type=\"heading.default\">\n\t\t\t\t<div class=\"elementor-widget-container\">\n\t\t\t\t\t<h2 class=\"elementor-heading-title elementor-size-default\">WHERE YOU CAN SEE US?<\/h2>\t\t\t\t<\/div>\n\t\t\t\t<\/div>\n\t\t\t\t<\/div>\n\t\t\t\t<div class=\"elementor-element elementor-element-486fc00 elementor-widget elementor-widget-heading\" data-id=\"486fc00\" data-element_type=\"widget\" data-widget_type=\"heading.default\">\n\t\t\t\t<div class=\"elementor-widget-container\">\n\t\t\t\t\t<p class=\"elementor-heading-title elementor-size-default\">If you want to find us, you\u2019ll have to come experience the magic of the festival. Come enjoy cinema, creativity, and the energy of the event. We\u2019ll see you at the festival!<\/p>\t\t\t\t<\/div>\n\t\t\t\t<\/div>\n\t\t\t\t<div class=\"elementor-element elementor-element-08ec459 opacity-75 elementor-widget elementor-widget-heading\" data-id=\"08ec459\" data-element_type=\"widget\" data-widget_type=\"heading.default\">\n\t\t\t\t<div class=\"elementor-widget-container\">\n\t\t\t\t\t<p class=\"elementor-heading-title elementor-size-default\"><a href=\"https:\/\/www.google.com\/maps\/place\/Societat+Cultural+Esportiva+I+Recreativa+De+L&#039;Ametlla+De+Mar\/@40.8839727,0.8014,17z\/data=!3m1!5s0x12a116cf6cd08409:0xb887dc89bb86614!4m15!1m8!3m7!1s0x12a116cf6cd81a97:0xfc6680833acf03f1!2sCarrer+Pa%C3%AFsos+Catalans,+18,+43860+L&#039;Ametlla+de+Mar,+Tarragona!3b1!8m2!3d40.8839727!4d0.8039803!16s%2Fg%2F11bzz1gqz7!3m5!1s0x12a116cf6d5fd269:0x4365969caf264929!8m2!3d40.8839984!4d0.8038337!16s%2Fg%2F1q5bl3l37?entry=ttu&#038;g_ep=EgoyMDI1MDQwMi4xIKXMDSoJLDEwMjExNDUzSAFQAw%3D%3D\" target=\"_blank\">Sala SCER de L'Ametlla de Mar<\/a><\/p>\t\t\t\t<\/div>\n\t\t\t\t<\/div>\n\t\t\t\t<div class=\"elementor-element elementor-element-d887a7d elementor-widget__width-initial elementor-widget elementor-widget-fynode-address-box\" data-id=\"d887a7d\" data-element_type=\"widget\" data-widget_type=\"fynode-address-box.default\">\n\t\t\t\t<div class=\"elementor-widget-container\">\n\t\t\t\t\t<div class=\"klb-address-box contact-details\"><ul><li><div class=\"map-icon\"><i class=\"klb-icon-map-pin\"><\/i><\/div><div class=\"contact-info\"><span>Ametlla de Mar<\/span><h4>Del 6 al 8 de Juny<\/h4><p>Carrer Pa\u00efsos Catalans, 18,\n43860 L'Ametlla de Mar, Tarragona<\/p><a class=\"phone\" href=\"tel:\"><\/a><a class=\"email\" href=\"mailto:info@ametllafilmfest.com\">info@ametllafilmfest.com<\/a><\/div><!-- contact-info --><\/li><\/ul><\/div>\t\t\t\t<\/div>\n\t\t\t\t<\/div>\n\t\t<div class=\"elementor-element elementor-element-54675c7 e-con-full e-flex e-con e-child\" data-id=\"54675c7\" data-element_type=\"container\">\n\t\t\t\t<div class=\"elementor-element elementor-element-39c4d25 elementor-widget elementor-widget-heading\" data-id=\"39c4d25\" data-element_type=\"widget\" data-widget_type=\"heading.default\">\n\t\t\t\t<div class=\"elementor-widget-container\">\n\t\t\t\t\t<span class=\"elementor-heading-title elementor-size-default\">Follow us on social media:\n<\/span>\t\t\t\t<\/div>\n\t\t\t\t<\/div>\n\t\t\t\t<\/div>\n\t\t\t\t<div class=\"elementor-element elementor-element-125ea3f e-grid-align-left elementor-shape-rounded elementor-grid-0 elementor-widget elementor-widget-social-icons\" data-id=\"125ea3f\" data-element_type=\"widget\" data-widget_type=\"social-icons.default\">\n\t\t\t\t<div class=\"elementor-widget-container\">\n\t\t\t\t\t\t\t<div class=\"elementor-social-icons-wrapper elementor-grid\">\n\t\t\t\t\t\t\t<span class=\"elementor-grid-item\">\n\t\t\t\t\t<a class=\"elementor-icon elementor-social-icon elementor-social-icon-instagram elementor-repeater-item-ea66ec8\" href=\"https:\/\/www.instagram.com\/ametllafilmfest\/\" target=\"_blank\">\n\t\t\t\t\t\t<span class=\"elementor-screen-only\">Instagram<\/span>\n\t\t\t\t\t\t<svg class=\"e-font-icon-svg e-fab-instagram\" viewbox=\"0 0 448 512\" xmlns=\"http:\/\/www.w3.org\/2000\/svg\"><path d=\"M224.1 141c-63.6 0-114.9 51.3-114.9 114.9s51.3 114.9 114.9 114.9S339 319.5 339 255.9 287.7 141 224.1 141zm0 189.6c-41.1 0-74.7-33.5-74.7-74.7s33.5-74.7 74.7-74.7 74.7 33.5 74.7 74.7-33.6 74.7-74.7 74.7zm146.4-194.3c0 14.9-12 26.8-26.8 26.8-14.9 0-26.8-12-26.8-26.8s12-26.8 26.8-26.8 26.8 12 26.8 26.8zm76.1 27.2c-1.7-35.9-9.9-67.7-36.2-93.9-26.2-26.2-58-34.4-93.9-36.2-37-2.1-147.9-2.1-184.9 0-35.8 1.7-67.6 9.9-93.9 36.1s-34.4 58-36.2 93.9c-2.1 37-2.1 147.9 0 184.9 1.7 35.9 9.9 67.7 36.2 93.9s58 34.4 93.9 36.2c37 2.1 147.9 2.1 184.9 0 35.9-1.7 67.7-9.9 93.9-36.2 26.2-26.2 34.4-58 36.2-93.9 2.1-37 2.1-147.8 0-184.8zM398.8 388c-7.8 19.6-22.9 34.7-42.6 42.6-29.5 11.7-99.5 9-132.1 9s-102.7 2.6-132.1-9c-19.6-7.8-34.7-22.9-42.6-42.6-11.7-29.5-9-99.5-9-132.1s-2.6-102.7 9-132.1c7.8-19.6 22.9-34.7 42.6-42.6 29.5-11.7 99.5-9 132.1-9s102.7-2.6 132.1 9c19.6 7.8 34.7 22.9 42.6 42.6 11.7 29.5 9 99.5 9 132.1s2.7 102.7-9 132.1z\"><\/path><\/svg>\t\t\t\t\t<\/a>\n\t\t\t\t<\/span>\n\t\t\t\t\t<\/div>\n\t\t\t\t\t\t<\/div>\n\t\t\t\t<\/div>\n\t\t\t\t<\/div>\n\t\t<div class=\"elementor-element elementor-element-ac54bcd e-con-full e-flex e-con e-child\" data-id=\"ac54bcd\" data-element_type=\"container\">\n\t\t\t\t<div class=\"elementor-element elementor-element-a5f6405 elementor-widget elementor-widget-heading\" data-id=\"a5f6405\" data-element_type=\"widget\" data-widget_type=\"heading.default\">\n\t\t\t\t<div class=\"elementor-widget-container\">\n\t\t\t\t\t<p class=\"elementor-heading-title elementor-size-default\">Your voice is important to us. If you have any questions or comments about the festival, don\u2019t hesitate to reach out to us via the form below. We\u2019ll get back to you as soon as possible. If you represent a company, organization, or are a sponsor and wish to collaborate with us, you can also send us your message here. We\u2019d love to hear from you.<\/p>\t\t\t\t<\/div>\n\t\t\t\t<\/div>\n\t\t\t\t<div class=\"elementor-element elementor-element-f772fbf elementor-widget elementor-widget-fynode-contact-form-7\" data-id=\"f772fbf\" data-element_type=\"widget\" data-widget_type=\"fynode-contact-form-7.default\">\n\t\t\t\t<div class=\"elementor-widget-container\">\n\t\t\t\t\t<div class=\"klb-contact-form contact-form-wrapper\">\n<div class=\"wpcf7 no-js\" id=\"wpcf7-f1341-o1\" lang=\"en-US\" dir=\"ltr\" data-wpcf7-id=\"1341\">\n<div class=\"screen-reader-response\"><p role=\"status\" aria-live=\"polite\" aria-atomic=\"true\"><\/p> <ul><\/ul><\/div>\n<form action=\"\/wp-json\/wp\/v2\/pages\/1276\" method=\"post\" class=\"wpcf7-form init\" aria-label=\"Contact form\" novalidate=\"novalidate\" data-status=\"init\" data-trp-original-action=\"\/en\/wp-json\/wp\/v2\/pages\/1276#wpcf7-f1341-o1\">\n<div style=\"display: none;\">\n<input type=\"hidden\" name=\"_wpcf7\" value=\"1341\" \/>\n<input type=\"hidden\" name=\"_wpcf7_version\" value=\"6.0.4\" \/>\n<input type=\"hidden\" name=\"_wpcf7_locale\" value=\"en_US\" \/>\n<input type=\"hidden\" name=\"_wpcf7_unit_tag\" value=\"wpcf7-f1341-o1\" \/>\n<input type=\"hidden\" name=\"_wpcf7_container_post\" value=\"0\" \/>\n<input type=\"hidden\" name=\"_wpcf7_posted_data_hash\" value=\"\" \/>\n<\/div>\n<div class=\"row\">\n\t<div class=\"col-12 col-lg-6\">\n\t\t<p><label> Your name * <\/label><span class=\"wpcf7-form-control-wrap\" data-name=\"your-name\"><input size=\"40\" maxlength=\"400\" class=\"wpcf7-form-control wpcf7-text wpcf7-validates-as-required\" aria-required=\"true\" aria-invalid=\"false\" value=\"\" type=\"text\" name=\"your-name\" \/><\/span>\n\t\t<\/p>\n\t<\/div>\n\t<div class=\"col-12 col-lg-6\">\n\t\t<p><label> Your email *<\/label><span class=\"wpcf7-form-control-wrap\" data-name=\"your-email\"><input size=\"40\" maxlength=\"400\" class=\"wpcf7-form-control wpcf7-email wpcf7-validates-as-required wpcf7-text wpcf7-validates-as-email\" aria-required=\"true\" aria-invalid=\"false\" value=\"\" type=\"email\" name=\"your-email\" \/><\/span>\n\t\t<\/p>\n\t<\/div>\n\t<div class=\"col-12 col-lg-12\">\n\t\t<p><label> Subject * <\/label><span class=\"wpcf7-form-control-wrap\" data-name=\"your-subject\"><input size=\"40\" maxlength=\"400\" class=\"wpcf7-form-control wpcf7-text wpcf7-validates-as-required\" aria-required=\"true\" aria-invalid=\"false\" value=\"\" type=\"text\" name=\"your-subject\" \/><\/span>\n\t\t<\/p>\n\t<\/div>\n\t<div class=\"col-12 col-lg-12\">\n\t\t<p><label> Your message <\/label><span class=\"wpcf7-form-control-wrap\" data-name=\"your-message\"><textarea cols=\"40\" rows=\"10\" maxlength=\"2000\" class=\"wpcf7-form-control wpcf7-textarea\" aria-invalid=\"false\" name=\"your-message\"><\/textarea><\/span>\n\t\t<\/p>\n\t<\/div>\n\t<div class=\"col-12 col-lg-12\">\n\t\t<p><input class=\"wpcf7-form-control wpcf7-submit has-spinner\" type=\"submit\" value=\"Send Message\" \/>\n\t\t<\/p>\n\t<\/div>\n<\/div><div class=\"wpcf7-response-output\" aria-hidden=\"true\"><\/div>\n<input type=\"hidden\" name=\"trp-form-language\" value=\"en\"\/><\/form>\n<\/div>\n<\/div><!-- contact-form -->\t\t\t\t<\/div>\n\t\t\t\t<\/div>\n\t\t\t\t<\/div>\n\t\t\t\t\t<\/div>\n\t\t\t\t<\/div>\n\t\t\t\t<\/div>","protected":false},"excerpt":{"rendered":"<p>La teva opini\u00f3 \u00e9s el nostre motor. Junts fem cr\u00e9ixer el festival. Compra la teva entrada ON ENS VEIEM? Si vols trobar-nos, hauras de venir a viure la m\u00e0gia del festival. Vine a gaudir del cinema, la creativitat i l\u2019energia de l\u2019esdeveniment. Ens veiem al festival! Sala SCER de L&#8217;Ametlla de Mar Ametlla de Mar<\/p>\n<div class=\"klb-readmore post-buttons\"><a class=\"btn btn-black btn-rounded\" href=\"https:\/\/ametllafilmfest.com\/en\/contact\/\">Read More <i class=\"klbth-icon-right-arrow\"><\/i><\/a><\/div>","protected":false},"author":1,"featured_media":0,"parent":0,"menu_order":0,"comment_status":"closed","ping_status":"closed","template":"","meta":{"footnotes":""},"class_list":["post-1276","page","type-page","status-publish","hentry"],"_links":{"self":[{"href":"https:\/\/ametllafilmfest.com\/en\/wp-json\/wp\/v2\/pages\/1276","targetHints":{"allow":["GET"]}}],"collection":[{"href":"https:\/\/ametllafilmfest.com\/en\/wp-json\/wp\/v2\/pages"}],"about":[{"href":"https:\/\/ametllafilmfest.com\/en\/wp-json\/wp\/v2\/types\/page"}],"author":[{"embeddable":true,"href":"https:\/\/ametllafilmfest.com\/en\/wp-json\/wp\/v2\/users\/1"}],"replies":[{"embeddable":true,"href":"https:\/\/ametllafilmfest.com\/en\/wp-json\/wp\/v2\/comments?post=1276"}],"version-history":[{"count":5,"href":"https:\/\/ametllafilmfest.com\/en\/wp-json\/wp\/v2\/pages\/1276\/revisions"}],"predecessor-version":[{"id":3174,"href":"https:\/\/ametllafilmfest.com\/en\/wp-json\/wp\/v2\/pages\/1276\/revisions\/3174"}],"wp:attachment":[{"href":"https:\/\/ametllafilmfest.com\/en\/wp-json\/wp\/v2\/media?parent=1276"}],"curies":[{"name":"wp","href":"https:\/\/api.w.org\/{rel}","templated":true}]}}