{"id":1469,"date":"2024-12-11T12:37:50","date_gmt":"2024-12-11T12:37:50","guid":{"rendered":"https:\/\/klbtheme.com\/fynode\/?page_id=1469"},"modified":"2025-04-02T12:27:59","modified_gmt":"2025-04-02T12:27:59","slug":"terms-and-conditions","status":"publish","type":"page","link":"https:\/\/ametllafilmfest.com\/en\/terms-and-conditions\/","title":{"rendered":"Terms and Conditions"},"content":{"rendered":"<div data-elementor-type=\"wp-page\" data-elementor-id=\"1469\" class=\"elementor elementor-1469\">\n\t\t\t\t<div class=\"elementor-element elementor-element-10d0075 e-flex e-con-boxed e-con e-parent\" data-id=\"10d0075\" data-element_type=\"container\">\n\t\t\t\t\t<div class=\"e-con-inner\">\n\t\t\t\t<div class=\"elementor-element elementor-element-170ac4b elementor-widget elementor-widget-spacer\" data-id=\"170ac4b\" data-element_type=\"widget\" data-widget_type=\"spacer.default\">\n\t\t\t\t<div class=\"elementor-widget-container\">\n\t\t\t\t\t\t\t<div class=\"elementor-spacer\">\n\t\t\t<div class=\"elementor-spacer-inner\"><\/div>\n\t\t<\/div>\n\t\t\t\t\t\t<\/div>\n\t\t\t\t<\/div>\n\t\t\t\t\t<\/div>\n\t\t\t\t<\/div>\n\t\t<div class=\"elementor-element elementor-element-09e05dc e-flex e-con-boxed e-con e-parent\" data-id=\"09e05dc\" data-element_type=\"container\">\n\t\t\t\t\t<div class=\"e-con-inner\">\n\t\t<div class=\"elementor-element elementor-element-a487cee e-con-full e-flex e-con e-child\" data-id=\"a487cee\" data-element_type=\"container\">\n\t\t\t\t<div class=\"elementor-element elementor-element-c6fce3a elementor-widget elementor-widget-heading\" data-id=\"c6fce3a\" data-element_type=\"widget\" data-widget_type=\"heading.default\">\n\t\t\t\t<div class=\"elementor-widget-container\">\n\t\t\t\t\t<h2 class=\"elementor-heading-title elementor-size-default\">Terms and Conditions<\/h2>\t\t\t\t<\/div>\n\t\t\t\t<\/div>\n\t\t\t\t<\/div>\n\t\t\t\t\t<\/div>\n\t\t\t\t<\/div>\n\t\t<div class=\"elementor-element elementor-element-cfaa09a e-flex e-con-boxed e-con e-parent\" data-id=\"cfaa09a\" data-element_type=\"container\">\n\t\t\t\t\t<div class=\"e-con-inner\">\n\t\t\t\t<div class=\"elementor-element elementor-element-d239482 elementor-widget elementor-widget-text-editor\" data-id=\"d239482\" data-element_type=\"widget\" data-widget_type=\"text-editor.default\">\n\t\t\t\t<div class=\"elementor-widget-container\">\n\t\t\t\t\t\t\t\t\t<p class=\" translation-block\" data-start=\"139\" data-end=\"376\"><strong data-start=\"139\" data-end=\"164\">1. General Information<\/strong><br data-start=\"164\" data-end=\"167\">Ametlla Film Fest is a cinematic event dedicated to the screening of films and short films in a unique setting. Through this website, tickets are sold exclusively for the films programmed at the festival.<\/p><p class=\"\" data-start=\"378\" data-end=\"404\"><strong data-start=\"378\" data-end=\"402\">2. Ticket Purchase<\/strong><\/p><ul data-start=\"405\" data-end=\"869\"><li class=\"\" data-start=\"405\" data-end=\"546\"><p class=\"\" data-start=\"407\" data-end=\"546\">All tickets are sold exclusively through our official website and at physical locations informed by the organization.<\/p><\/li><li class=\"\" data-start=\"547\" data-end=\"697\"><p class=\"\" data-start=\"549\" data-end=\"697\">The purchase will be considered confirmed once payment is completed and the confirmation email is received (for tickets purchased online).<\/p><\/li><li class=\"\" data-start=\"698\" data-end=\"770\"><p class=\"\" data-start=\"700\" data-end=\"770\">Each ticket is nominal and valid only for the session indicated.<\/p><\/li><li class=\"\" data-start=\"771\" data-end=\"869\"><p class=\"\" data-start=\"773\" data-end=\"869\">The availability of advance tickets at physical locations may vary depending on capacity.<\/p><\/li><\/ul><p class=\"\" data-start=\"871\" data-end=\"920\"><strong data-start=\"871\" data-end=\"918\">3. Cancellation and Refund Policy<\/strong><\/p><ul data-start=\"921\" data-end=\"1188\"><li class=\"\" data-start=\"921\" data-end=\"1049\"><p class=\"\" data-start=\"923\" data-end=\"1049\">No cancellations or refunds are accepted, except in the event of the event being canceled by the organization.<\/p><\/li><li class=\"\" data-start=\"1050\" data-end=\"1188\"><p class=\"\" data-start=\"1052\" data-end=\"1188\">In case of suspension due to force majeure, the organization will contact attendees to offer possible solutions.<\/p><\/li><\/ul><p class=\"\" data-start=\"1190\" data-end=\"1216\"><strong data-start=\"1190\" data-end=\"1214\">4. Access and Rules<\/strong><\/p><ul data-start=\"1217\" data-end=\"1405\"><li class=\"\" data-start=\"1217\" data-end=\"1296\"><p class=\"\" data-start=\"1219\" data-end=\"1296\">It is necessary to present the ticket (digital or printed) at the entrance to the venue.<\/p><\/li><li class=\"\" data-start=\"1297\" data-end=\"1346\"><p class=\"\" data-start=\"1299\" data-end=\"1346\">The organization reserves the right of admission.<\/p><\/li><li class=\"\" data-start=\"1347\" data-end=\"1405\"><p class=\"\" data-start=\"1349\" data-end=\"1405\">Entry will not be allowed once the screening has started.<\/p><\/li><\/ul><p class=\"\" data-start=\"1407\" data-end=\"1434\"><strong data-start=\"1407\" data-end=\"1432\">5. Data Protection<\/strong><\/p><ul data-start=\"1435\" data-end=\"1560\"><li class=\"\" data-start=\"1435\" data-end=\"1560\"><p class=\"\" data-start=\"1437\" data-end=\"1560\">All personal data provided during the purchase process will be handled according to our Privacy Policy.<\/p><\/li><\/ul><p class=\"\" data-start=\"1562\" data-end=\"1681\"><strong data-start=\"1562\" data-end=\"1577\">6. Contact<\/strong><br data-start=\"1577\" data-end=\"1580\" \/>For any questions or issues, you can contact us via our official email: info@ametllafilmfest.com\u00a0<\/p>\t\t\t\t\t\t\t\t<\/div>\n\t\t\t\t<\/div>\n\t\t\t\t\t<\/div>\n\t\t\t\t<\/div>\n\t\t\t\t<\/div>","protected":false},"excerpt":{"rendered":"<p>Termes i Condicions 1. Informaci\u00f3 GeneralAmetlla Film Fest \u00e9s un esdeveniment cinematogr\u00e0fic dedicat a la projecci\u00f3 de pel\u00b7l\u00edcules i curtmetratges en un entorn \u00fanic. A trav\u00e9s d\u2019aquesta web, \u00fanicament es venen entrades per a la pel\u00b7l\u00edcula programada en el festival. 2. Compra d\u2019Entrades Totes les entrades es venen exclusivament a trav\u00e9s de la nostra p\u00e0gina<\/p>\n<div class=\"klb-readmore post-buttons\"><a class=\"btn btn-black btn-rounded\" href=\"https:\/\/ametllafilmfest.com\/en\/terms-and-conditions\/\">Read More <i class=\"klbth-icon-right-arrow\"><\/i><\/a><\/div>","protected":false},"author":1,"featured_media":0,"parent":0,"menu_order":0,"comment_status":"closed","ping_status":"closed","template":"","meta":{"footnotes":""},"class_list":["post-1469","page","type-page","status-publish","hentry"],"_links":{"self":[{"href":"https:\/\/ametllafilmfest.com\/en\/wp-json\/wp\/v2\/pages\/1469","targetHints":{"allow":["GET"]}}],"collection":[{"href":"https:\/\/ametllafilmfest.com\/en\/wp-json\/wp\/v2\/pages"}],"about":[{"href":"https:\/\/ametllafilmfest.com\/en\/wp-json\/wp\/v2\/types\/page"}],"author":[{"embeddable":true,"href":"https:\/\/ametllafilmfest.com\/en\/wp-json\/wp\/v2\/users\/1"}],"replies":[{"embeddable":true,"href":"https:\/\/ametllafilmfest.com\/en\/wp-json\/wp\/v2\/comments?post=1469"}],"version-history":[{"count":3,"href":"https:\/\/ametllafilmfest.com\/en\/wp-json\/wp\/v2\/pages\/1469\/revisions"}],"predecessor-version":[{"id":2846,"href":"https:\/\/ametllafilmfest.com\/en\/wp-json\/wp\/v2\/pages\/1469\/revisions\/2846"}],"wp:attachment":[{"href":"https:\/\/ametllafilmfest.com\/en\/wp-json\/wp\/v2\/media?parent=1469"}],"curies":[{"name":"wp","href":"https:\/\/api.w.org\/{rel}","templated":true}]}}