{"id":2549,"date":"2025-03-30T21:08:40","date_gmt":"2025-03-30T21:08:40","guid":{"rendered":"https:\/\/ametllafilmfest.com\/?page_id=2549"},"modified":"2025-03-30T21:11:42","modified_gmt":"2025-03-30T21:11:42","slug":"curtmetratges-cordon-policial","status":"publish","type":"page","link":"https:\/\/ametllafilmfest.com\/en\/curtmetratges-cordon-policial\/","title":{"rendered":"Curtmetratges | Cord\u00f3n Policial"},"content":{"rendered":"<div data-elementor-type=\"wp-page\" data-elementor-id=\"2549\" class=\"elementor elementor-2549\">\n\t\t\t\t<div class=\"elementor-element elementor-element-70de91e6 e-flex e-con-boxed e-con e-parent\" data-id=\"70de91e6\" data-element_type=\"container\">\n\t\t\t\t\t<div class=\"e-con-inner\">\n\t\t<div class=\"elementor-element elementor-element-29810840 e-con-full e-flex e-con e-child\" data-id=\"29810840\" data-element_type=\"container\">\n\t\t\t\t<div class=\"elementor-element elementor-element-62bbd872 elementor-widget elementor-widget-spacer\" data-id=\"62bbd872\" data-element_type=\"widget\" data-widget_type=\"spacer.default\">\n\t\t\t\t<div class=\"elementor-widget-container\">\n\t\t\t\t\t\t\t<div class=\"elementor-spacer\">\n\t\t\t<div class=\"elementor-spacer-inner\"><\/div>\n\t\t<\/div>\n\t\t\t\t\t\t<\/div>\n\t\t\t\t<\/div>\n\t\t\t\t<\/div>\n\t\t\t\t\t<\/div>\n\t\t\t\t<\/div>\n\t\t<div class=\"elementor-element elementor-element-78b86170 e-flex e-con-boxed e-con e-parent\" data-id=\"78b86170\" data-element_type=\"container\">\n\t\t\t\t\t<div class=\"e-con-inner\">\n\t\t<div class=\"elementor-element elementor-element-48508b6d e-con-full e-flex e-con e-child\" data-id=\"48508b6d\" data-element_type=\"container\">\n\t\t\t\t<div class=\"elementor-element elementor-element-5182c23d elementor-widget elementor-widget-fynode-image-box\" data-id=\"5182c23d\" data-element_type=\"widget\" data-widget_type=\"fynode-image-box.default\">\n\t\t\t\t<div class=\"elementor-widget-container\">\n\t\t\t\t\t<div class=\"site-image-content\"><div class=\"entry-media\"><a href=\"\" ><img decoding=\"async\" src=\"https:\/\/ametllafilmfest.com\/wp-content\/uploads\/2025\/03\/217-poster_Cordon-Policial.jpg\"><\/a><\/div><!-- entry-media --><div class=\"entry-content\"><\/div><!-- entry-content --><\/div><!-- site-image-content -->\t\t\t\t<\/div>\n\t\t\t\t<\/div>\n\t\t\t\t<\/div>\n\t\t\t\t\t<\/div>\n\t\t\t\t<\/div>\n\t\t<div class=\"elementor-element elementor-element-59091b16 e-flex e-con-boxed e-con e-parent\" data-id=\"59091b16\" data-element_type=\"container\">\n\t\t\t\t\t<div class=\"e-con-inner\">\n\t\t<div class=\"elementor-element elementor-element-5200dc02 e-con-full e-flex e-con e-child\" data-id=\"5200dc02\" data-element_type=\"container\">\n\t\t\t\t<div class=\"elementor-element elementor-element-75edc9b3 elementor-widget elementor-widget-heading\" data-id=\"75edc9b3\" data-element_type=\"widget\" data-widget_type=\"heading.default\">\n\t\t\t\t<div class=\"elementor-widget-container\">\n\t\t\t\t\t<h2 class=\"elementor-heading-title elementor-size-default\">Cord\u00f3n Policial<\/h2>\t\t\t\t<\/div>\n\t\t\t\t<\/div>\n\t\t\t\t<\/div>\n\t\t\t\t\t<\/div>\n\t\t\t\t<\/div>\n\t\t<div class=\"elementor-element elementor-element-31792cc4 e-flex e-con-boxed e-con e-parent\" data-id=\"31792cc4\" data-element_type=\"container\">\n\t\t\t\t\t<div class=\"e-con-inner\">\n\t\t<div class=\"elementor-element elementor-element-4fbf9faa e-con-full e-flex e-con e-child\" data-id=\"4fbf9faa\" data-element_type=\"container\">\n\t\t<div class=\"elementor-element elementor-element-4e3782d9 e-con-full e-flex e-con e-child\" data-id=\"4e3782d9\" data-element_type=\"container\">\n\t\t\t\t<div class=\"elementor-element elementor-element-1f7349e8 elementor-widget elementor-widget-fynode-custom-title\" data-id=\"1f7349e8\" data-element_type=\"widget\" data-widget_type=\"fynode-custom-title.default\">\n\t\t\t\t<div class=\"elementor-widget-container\">\n\t\t\t\t\t<div class=\"site-module-header fynode-custom-title\"><div class=\"column\"><h3 class=\"entry-title\">Adam Yadlovskyi<\/h3><\/div><!-- column --><div class=\"column\"><div class=\"entry-description\"><p>Celina Ram\u00edrez is one of the first women from the Guardia Civil sent to a small town in deep Spain. It's 1988. After removing the police cordon from a crime scene she was not even allowed to approach, she and her reluctant partner find the trail of a much larger crime. Alone and under the threat of an impending rainstorm, they must reconstruct the events of the new scene before the water erases the evidence that links the two locations.<\/p><\/div><!-- entry-descriptio --><\/div><!-- column --><\/div>\t\t\t\t<\/div>\n\t\t\t\t<\/div>\n\t\t\t\t<\/div>\n\t\t\t\t<\/div>\n\t\t\t\t\t<\/div>\n\t\t\t\t<\/div>\n\t\t<div class=\"elementor-element elementor-element-965b770 e-flex e-con-boxed e-con e-parent\" data-id=\"965b770\" data-element_type=\"container\">\n\t\t\t\t\t<div class=\"e-con-inner\">\n\t\t<div class=\"elementor-element elementor-element-675956f4 e-con-full e-flex e-con e-child\" data-id=\"675956f4\" data-element_type=\"container\">\n\t\t<div class=\"elementor-element elementor-element-37f9f881 e-con-full e-flex e-con e-child\" data-id=\"37f9f881\" data-element_type=\"container\">\n\t\t<div class=\"elementor-element elementor-element-2e5e8092 e-con-full e-flex e-con e-child\" data-id=\"2e5e8092\" data-element_type=\"container\">\n\t\t\t\t<div class=\"elementor-element elementor-element-5236d55a elementor-widget-divider--view-line elementor-widget elementor-widget-divider\" data-id=\"5236d55a\" data-element_type=\"widget\" data-widget_type=\"divider.default\">\n\t\t\t\t<div class=\"elementor-widget-container\">\n\t\t\t\t\t\t\t<div class=\"elementor-divider\">\n\t\t\t<span class=\"elementor-divider-separator\">\n\t\t\t\t\t\t<\/span>\n\t\t<\/div>\n\t\t\t\t\t\t<\/div>\n\t\t\t\t<\/div>\n\t\t\t\t<div class=\"elementor-element elementor-element-6b0ac1af elementor-widget elementor-widget-fynode-custom-title\" data-id=\"6b0ac1af\" data-element_type=\"widget\" data-widget_type=\"fynode-custom-title.default\">\n\t\t\t\t<div class=\"elementor-widget-container\">\n\t\t\t\t\t<div class=\"site-module-header fynode-custom-title\"><div class=\"column\"><h3 class=\"entry-title\">Category<\/h3><\/div><!-- column --><div class=\"column\"><div class=\"entry-description\"><p>Fiction, Fantasy, Other<\/p><\/div><!-- entry-descriptio --><\/div><!-- column --><\/div>\t\t\t\t<\/div>\n\t\t\t\t<\/div>\n\t\t\t\t<\/div>\n\t\t<div class=\"elementor-element elementor-element-4542c78 e-con-full e-flex e-con e-child\" data-id=\"4542c78\" data-element_type=\"container\">\n\t\t\t\t<div class=\"elementor-element elementor-element-5e7247ae elementor-widget-divider--view-line elementor-widget elementor-widget-divider\" data-id=\"5e7247ae\" data-element_type=\"widget\" data-widget_type=\"divider.default\">\n\t\t\t\t<div class=\"elementor-widget-container\">\n\t\t\t\t\t\t\t<div class=\"elementor-divider\">\n\t\t\t<span class=\"elementor-divider-separator\">\n\t\t\t\t\t\t<\/span>\n\t\t<\/div>\n\t\t\t\t\t\t<\/div>\n\t\t\t\t<\/div>\n\t\t\t\t<div class=\"elementor-element elementor-element-7cab54ba elementor-widget elementor-widget-fynode-custom-title\" data-id=\"7cab54ba\" data-element_type=\"widget\" data-widget_type=\"fynode-custom-title.default\">\n\t\t\t\t<div class=\"elementor-widget-container\">\n\t\t\t\t\t<div class=\"site-module-header fynode-custom-title\"><div class=\"column\"><h3 class=\"entry-title\">Genre<\/h3><\/div><!-- column --><div class=\"column\"><div class=\"entry-description\"><p>Action, Drama, Other, Thriller<\/p><\/div><!-- entry-descriptio --><\/div><!-- column --><\/div>\t\t\t\t<\/div>\n\t\t\t\t<\/div>\n\t\t\t\t<\/div>\n\t\t<div class=\"elementor-element elementor-element-9ce81a3 e-con-full e-flex e-con e-child\" data-id=\"9ce81a3\" data-element_type=\"container\">\n\t\t\t\t<div class=\"elementor-element elementor-element-627f682f elementor-widget-divider--view-line elementor-widget elementor-widget-divider\" data-id=\"627f682f\" data-element_type=\"widget\" data-widget_type=\"divider.default\">\n\t\t\t\t<div class=\"elementor-widget-container\">\n\t\t\t\t\t\t\t<div class=\"elementor-divider\">\n\t\t\t<span class=\"elementor-divider-separator\">\n\t\t\t\t\t\t<\/span>\n\t\t<\/div>\n\t\t\t\t\t\t<\/div>\n\t\t\t\t<\/div>\n\t\t\t\t<div class=\"elementor-element elementor-element-6b417678 elementor-widget elementor-widget-fynode-custom-title\" data-id=\"6b417678\" data-element_type=\"widget\" data-widget_type=\"fynode-custom-title.default\">\n\t\t\t\t<div class=\"elementor-widget-container\">\n\t\t\t\t\t<div class=\"site-module-header fynode-custom-title\"><div class=\"column\"><h3 class=\"entry-title\">Theme<\/h3><\/div><!-- column --><div class=\"column\"><div class=\"entry-description\"><p>Social Issues, Mafia, Death, Women, Police\n\n\n\n\n<\/p><\/div><!-- entry-descriptio --><\/div><!-- column --><\/div>\t\t\t\t<\/div>\n\t\t\t\t<\/div>\n\t\t\t\t<\/div>\n\t\t\t\t<\/div>\n\t\t\t\t<\/div>\n\t\t\t\t\t<\/div>\n\t\t\t\t<\/div>\n\t\t<div class=\"elementor-element elementor-element-2f5951ac e-flex e-con-boxed e-con e-parent\" data-id=\"2f5951ac\" data-element_type=\"container\">\n\t\t\t\t\t<div class=\"e-con-inner\">\n\t\t\t\t<div class=\"elementor-element elementor-element-bf100d0 elementor-widget elementor-widget-video\" data-id=\"bf100d0\" data-element_type=\"widget\" data-settings=\"{&quot;youtube_url&quot;:&quot;https:\\\/\\\/www.youtube.com\\\/watch?v=tGYqbQPXRWo&amp;feature=youtu.be&quot;,&quot;show_image_overlay&quot;:&quot;yes&quot;,&quot;image_overlay&quot;:{&quot;url&quot;:&quot;https:\\\/\\\/ametllafilmfest.com\\\/wp-content\\\/uploads\\\/2025\\\/03\\\/217-banner_Cordon-Policial.jpg&quot;,&quot;id&quot;:2551,&quot;size&quot;:&quot;&quot;,&quot;alt&quot;:&quot;&quot;,&quot;source&quot;:&quot;library&quot;},&quot;video_type&quot;:&quot;youtube&quot;,&quot;controls&quot;:&quot;yes&quot;}\" data-widget_type=\"video.default\">\n\t\t\t\t<div class=\"elementor-widget-container\">\n\t\t\t\t\t\t\t<div class=\"elementor-wrapper elementor-open-inline\">\n\t\t\t<div class=\"elementor-video\"><\/div>\t\t\t\t<div class=\"elementor-custom-embed-image-overlay\" style=\"background-image: url(https:\/\/ametllafilmfest.com\/wp-content\/uploads\/2025\/03\/217-banner_Cordon-Policial.jpg);\">\n\t\t\t\t\t\t\t\t\t\t\t\t\t\t\t\t<div class=\"elementor-custom-embed-play\" role=\"button\" aria-label=\"Reproducir v\u00eddeo\" tabindex=\"0\" data-no-translation-aria-label=\"\">\n\t\t\t\t\t\t\t<svg aria-hidden=\"true\" class=\"e-font-icon-svg e-eicon-play\" viewbox=\"0 0 1000 1000\" xmlns=\"http:\/\/www.w3.org\/2000\/svg\"><path d=\"M838 162C746 71 633 25 500 25 371 25 258 71 163 162 71 254 25 367 25 500 25 633 71 746 163 837 254 929 367 979 500 979 633 979 746 933 838 837 929 746 975 633 975 500 975 367 929 254 838 162M808 192C892 279 933 379 933 500 933 621 892 725 808 808 725 892 621 938 500 938 379 938 279 896 196 808 113 725 67 621 67 500 67 379 108 279 196 192 279 108 383 62 500 62 621 62 721 108 808 192M438 392V642L642 517 438 392Z\"><\/path><\/svg>\t\t\t\t\t\t<\/div>\n\t\t\t\t\t\t\t\t\t<\/div>\n\t\t\t\t\t<\/div>\n\t\t\t\t\t\t<\/div>\n\t\t\t\t<\/div>\n\t\t\t\t\t<\/div>\n\t\t\t\t<\/div>\n\t\t\t\t<\/div>","protected":false},"excerpt":{"rendered":"<p>Cord\u00f3n Policial Adam Yadlovskyi Celina Ram\u00edrez \u00e9s una de les primeres dones Gu\u00e0rdia Civil enviades a un petit poble de l\u2019Espanya profunda. Corre l\u2019any 1988. Despr\u00e9s de retirar el cord\u00f3 policial d\u2019una escena del crim a la qual ni tan sols l\u2019han deixada acostar-se, ella i el seu company for\u00e7at troben el rastre d\u2019un crim<\/p>\n<div class=\"klb-readmore post-buttons\"><a class=\"btn btn-black btn-rounded\" href=\"https:\/\/ametllafilmfest.com\/en\/curtmetratges-cordon-policial\/\">Read More <i class=\"klbth-icon-right-arrow\"><\/i><\/a><\/div>","protected":false},"author":1,"featured_media":0,"parent":0,"menu_order":0,"comment_status":"closed","ping_status":"closed","template":"elementor_theme","meta":{"footnotes":""},"class_list":["post-2549","page","type-page","status-publish","hentry"],"_links":{"self":[{"href":"https:\/\/ametllafilmfest.com\/en\/wp-json\/wp\/v2\/pages\/2549","targetHints":{"allow":["GET"]}}],"collection":[{"href":"https:\/\/ametllafilmfest.com\/en\/wp-json\/wp\/v2\/pages"}],"about":[{"href":"https:\/\/ametllafilmfest.com\/en\/wp-json\/wp\/v2\/types\/page"}],"author":[{"embeddable":true,"href":"https:\/\/ametllafilmfest.com\/en\/wp-json\/wp\/v2\/users\/1"}],"replies":[{"embeddable":true,"href":"https:\/\/ametllafilmfest.com\/en\/wp-json\/wp\/v2\/comments?post=2549"}],"version-history":[{"count":5,"href":"https:\/\/ametllafilmfest.com\/en\/wp-json\/wp\/v2\/pages\/2549\/revisions"}],"predecessor-version":[{"id":2556,"href":"https:\/\/ametllafilmfest.com\/en\/wp-json\/wp\/v2\/pages\/2549\/revisions\/2556"}],"wp:attachment":[{"href":"https:\/\/ametllafilmfest.com\/en\/wp-json\/wp\/v2\/media?parent=2549"}],"curies":[{"name":"wp","href":"https:\/\/api.w.org\/{rel}","templated":true}]}}