{"id":2566,"date":"2025-03-30T21:34:49","date_gmt":"2025-03-30T21:34:49","guid":{"rendered":"https:\/\/ametllafilmfest.com\/?page_id=2566"},"modified":"2025-03-30T21:37:18","modified_gmt":"2025-03-30T21:37:18","slug":"curtmetratges-sarcum","status":"publish","type":"page","link":"https:\/\/ametllafilmfest.com\/en\/curtmetratges-sarcum\/","title":{"rendered":"Curtmetratges | Sarcum"},"content":{"rendered":"<div data-elementor-type=\"wp-page\" data-elementor-id=\"2566\" class=\"elementor elementor-2566\">\n\t\t\t\t<div class=\"elementor-element elementor-element-493bd1ae e-flex e-con-boxed e-con e-parent\" data-id=\"493bd1ae\" data-element_type=\"container\">\n\t\t\t\t\t<div class=\"e-con-inner\">\n\t\t<div class=\"elementor-element elementor-element-2846d965 e-con-full e-flex e-con e-child\" data-id=\"2846d965\" data-element_type=\"container\">\n\t\t\t\t<div class=\"elementor-element elementor-element-55191377 elementor-widget elementor-widget-spacer\" data-id=\"55191377\" data-element_type=\"widget\" data-widget_type=\"spacer.default\">\n\t\t\t\t<div class=\"elementor-widget-container\">\n\t\t\t\t\t\t\t<div class=\"elementor-spacer\">\n\t\t\t<div class=\"elementor-spacer-inner\"><\/div>\n\t\t<\/div>\n\t\t\t\t\t\t<\/div>\n\t\t\t\t<\/div>\n\t\t\t\t<\/div>\n\t\t\t\t\t<\/div>\n\t\t\t\t<\/div>\n\t\t<div class=\"elementor-element elementor-element-bdfa75f e-flex e-con-boxed e-con e-parent\" data-id=\"bdfa75f\" data-element_type=\"container\">\n\t\t\t\t\t<div class=\"e-con-inner\">\n\t\t<div class=\"elementor-element elementor-element-4028bae4 e-con-full e-flex e-con e-child\" data-id=\"4028bae4\" data-element_type=\"container\">\n\t\t\t\t<div class=\"elementor-element elementor-element-2e2e50c6 elementor-widget elementor-widget-fynode-image-box\" data-id=\"2e2e50c6\" data-element_type=\"widget\" data-widget_type=\"fynode-image-box.default\">\n\t\t\t\t<div class=\"elementor-widget-container\">\n\t\t\t\t\t<div class=\"site-image-content\"><div class=\"entry-media\"><a href=\"\" ><img decoding=\"async\" src=\"https:\/\/ametllafilmfest.com\/wp-content\/uploads\/2025\/03\/162-poster_Sarcum-scaled.jpg\"><\/a><\/div><!-- entry-media --><div class=\"entry-content\"><\/div><!-- entry-content --><\/div><!-- site-image-content -->\t\t\t\t<\/div>\n\t\t\t\t<\/div>\n\t\t\t\t<\/div>\n\t\t\t\t\t<\/div>\n\t\t\t\t<\/div>\n\t\t<div class=\"elementor-element elementor-element-3172ebc1 e-flex e-con-boxed e-con e-parent\" data-id=\"3172ebc1\" data-element_type=\"container\">\n\t\t\t\t\t<div class=\"e-con-inner\">\n\t\t<div class=\"elementor-element elementor-element-7a8f879d e-con-full e-flex e-con e-child\" data-id=\"7a8f879d\" data-element_type=\"container\">\n\t\t\t\t<div class=\"elementor-element elementor-element-5963cfb6 elementor-widget elementor-widget-heading\" data-id=\"5963cfb6\" data-element_type=\"widget\" data-widget_type=\"heading.default\">\n\t\t\t\t<div class=\"elementor-widget-container\">\n\t\t\t\t\t<h2 class=\"elementor-heading-title elementor-size-default\">Sarcum<\/h2>\t\t\t\t<\/div>\n\t\t\t\t<\/div>\n\t\t\t\t<\/div>\n\t\t\t\t\t<\/div>\n\t\t\t\t<\/div>\n\t\t<div class=\"elementor-element elementor-element-18d850ac e-flex e-con-boxed e-con e-parent\" data-id=\"18d850ac\" data-element_type=\"container\">\n\t\t\t\t\t<div class=\"e-con-inner\">\n\t\t<div class=\"elementor-element elementor-element-587e1fb6 e-con-full e-flex e-con e-child\" data-id=\"587e1fb6\" data-element_type=\"container\">\n\t\t<div class=\"elementor-element elementor-element-1d9224d6 e-con-full e-flex e-con e-child\" data-id=\"1d9224d6\" data-element_type=\"container\">\n\t\t\t\t<div class=\"elementor-element elementor-element-760f1653 elementor-widget elementor-widget-fynode-custom-title\" data-id=\"760f1653\" data-element_type=\"widget\" data-widget_type=\"fynode-custom-title.default\">\n\t\t\t\t<div class=\"elementor-widget-container\">\n\t\t\t\t\t<div class=\"site-module-header fynode-custom-title\"><div class=\"column\"><h3 class=\"entry-title\">Ignacio Malag\u00f3n<\/h3><\/div><!-- column --><div class=\"column\"><div class=\"entry-description\"><p>Antonio, a writer in the midst of a crisis, decides to hire the services of Sarcum Solutions, a tech company dedicated to facilitating a task that Antonio finds very difficult to do on his own.<\/p><\/div><!-- entry-descriptio --><\/div><!-- column --><\/div>\t\t\t\t<\/div>\n\t\t\t\t<\/div>\n\t\t\t\t<\/div>\n\t\t\t\t<\/div>\n\t\t\t\t\t<\/div>\n\t\t\t\t<\/div>\n\t\t<div class=\"elementor-element elementor-element-2bf1f07f e-flex e-con-boxed e-con e-parent\" data-id=\"2bf1f07f\" data-element_type=\"container\">\n\t\t\t\t\t<div class=\"e-con-inner\">\n\t\t<div class=\"elementor-element elementor-element-4f362ff2 e-con-full e-flex e-con e-child\" data-id=\"4f362ff2\" data-element_type=\"container\">\n\t\t<div class=\"elementor-element elementor-element-58c1cf6a e-con-full e-flex e-con e-child\" data-id=\"58c1cf6a\" data-element_type=\"container\">\n\t\t<div class=\"elementor-element elementor-element-63f217ef e-con-full e-flex e-con e-child\" data-id=\"63f217ef\" data-element_type=\"container\">\n\t\t\t\t<div class=\"elementor-element elementor-element-2e2ff490 elementor-widget-divider--view-line elementor-widget elementor-widget-divider\" data-id=\"2e2ff490\" data-element_type=\"widget\" data-widget_type=\"divider.default\">\n\t\t\t\t<div class=\"elementor-widget-container\">\n\t\t\t\t\t\t\t<div class=\"elementor-divider\">\n\t\t\t<span class=\"elementor-divider-separator\">\n\t\t\t\t\t\t<\/span>\n\t\t<\/div>\n\t\t\t\t\t\t<\/div>\n\t\t\t\t<\/div>\n\t\t\t\t<div class=\"elementor-element elementor-element-5ff09037 elementor-widget elementor-widget-fynode-custom-title\" data-id=\"5ff09037\" data-element_type=\"widget\" data-widget_type=\"fynode-custom-title.default\">\n\t\t\t\t<div class=\"elementor-widget-container\">\n\t\t\t\t\t<div class=\"site-module-header fynode-custom-title\"><div class=\"column\"><h3 class=\"entry-title\">Category<\/h3><\/div><!-- column --><div class=\"column\"><div class=\"entry-description\"><p>Fiction, Fantasy<\/p><\/div><!-- entry-descriptio --><\/div><!-- column --><\/div>\t\t\t\t<\/div>\n\t\t\t\t<\/div>\n\t\t\t\t<\/div>\n\t\t<div class=\"elementor-element elementor-element-4d8257a8 e-con-full e-flex e-con e-child\" data-id=\"4d8257a8\" data-element_type=\"container\">\n\t\t\t\t<div class=\"elementor-element elementor-element-4be851c9 elementor-widget-divider--view-line elementor-widget elementor-widget-divider\" data-id=\"4be851c9\" data-element_type=\"widget\" data-widget_type=\"divider.default\">\n\t\t\t\t<div class=\"elementor-widget-container\">\n\t\t\t\t\t\t\t<div class=\"elementor-divider\">\n\t\t\t<span class=\"elementor-divider-separator\">\n\t\t\t\t\t\t<\/span>\n\t\t<\/div>\n\t\t\t\t\t\t<\/div>\n\t\t\t\t<\/div>\n\t\t\t\t<div class=\"elementor-element elementor-element-5a2fe291 elementor-widget elementor-widget-fynode-custom-title\" data-id=\"5a2fe291\" data-element_type=\"widget\" data-widget_type=\"fynode-custom-title.default\">\n\t\t\t\t<div class=\"elementor-widget-container\">\n\t\t\t\t\t<div class=\"site-module-header fynode-custom-title\"><div class=\"column\"><h3 class=\"entry-title\">Genre<\/h3><\/div><!-- column --><div class=\"column\"><div class=\"entry-description\"><p>Science Fiction, Comedy, Fantasy, Horror<\/p><\/div><!-- entry-descriptio --><\/div><!-- column --><\/div>\t\t\t\t<\/div>\n\t\t\t\t<\/div>\n\t\t\t\t<\/div>\n\t\t<div class=\"elementor-element elementor-element-3491c94c e-con-full e-flex e-con e-child\" data-id=\"3491c94c\" data-element_type=\"container\">\n\t\t\t\t<div class=\"elementor-element elementor-element-4ed1d3c8 elementor-widget-divider--view-line elementor-widget elementor-widget-divider\" data-id=\"4ed1d3c8\" data-element_type=\"widget\" data-widget_type=\"divider.default\">\n\t\t\t\t<div class=\"elementor-widget-container\">\n\t\t\t\t\t\t\t<div class=\"elementor-divider\">\n\t\t\t<span class=\"elementor-divider-separator\">\n\t\t\t\t\t\t<\/span>\n\t\t<\/div>\n\t\t\t\t\t\t<\/div>\n\t\t\t\t<\/div>\n\t\t\t\t<div class=\"elementor-element elementor-element-328cc3aa elementor-widget elementor-widget-fynode-custom-title\" data-id=\"328cc3aa\" data-element_type=\"widget\" data-widget_type=\"fynode-custom-title.default\">\n\t\t\t\t<div class=\"elementor-widget-container\">\n\t\t\t\t\t<div class=\"site-module-header fynode-custom-title\"><div class=\"column\"><h3 class=\"entry-title\">Theme<\/h3><\/div><!-- column --><div class=\"column\"><div class=\"entry-description\"><p>Science and Technology, Humor, Death, Romance, Suicide\n\n\n\n<\/p><\/div><!-- entry-descriptio --><\/div><!-- column --><\/div>\t\t\t\t<\/div>\n\t\t\t\t<\/div>\n\t\t\t\t<\/div>\n\t\t\t\t<\/div>\n\t\t\t\t<\/div>\n\t\t\t\t\t<\/div>\n\t\t\t\t<\/div>\n\t\t<div class=\"elementor-element elementor-element-65d2160d e-flex e-con-boxed e-con e-parent\" data-id=\"65d2160d\" data-element_type=\"container\">\n\t\t\t\t\t<div class=\"e-con-inner\">\n\t\t\t\t<div class=\"elementor-element elementor-element-317e8b73 elementor-widget elementor-widget-video\" data-id=\"317e8b73\" data-element_type=\"widget\" data-settings=\"{&quot;video_type&quot;:&quot;vimeo&quot;,&quot;show_image_overlay&quot;:&quot;yes&quot;,&quot;image_overlay&quot;:{&quot;url&quot;:&quot;https:\\\/\\\/ametllafilmfest.com\\\/wp-content\\\/uploads\\\/2025\\\/03\\\/162-frame3_Sarcum.jpg&quot;,&quot;id&quot;:2568,&quot;size&quot;:&quot;&quot;,&quot;alt&quot;:&quot;&quot;,&quot;source&quot;:&quot;library&quot;}}\" data-widget_type=\"video.default\">\n\t\t\t\t<div class=\"elementor-widget-container\">\n\t\t\t\t\t\t\t<div class=\"elementor-wrapper elementor-open-inline\">\n\t\t\t<iframe class=\"elementor-video-iframe\" allowfullscreen allow=\"clipboard-write\" title=\"Reproductor de v\u00eddeo vimeo\" src=\"https:\/\/player.vimeo.com\/video\/889167894?color&amp;autopause=0&amp;loop=0&amp;muted=0&amp;title=1&amp;portrait=1&amp;byline=1#t=\" data-no-translation-title=\"\"><\/iframe>\t\t\t\t<div class=\"elementor-custom-embed-image-overlay\" style=\"background-image: url(https:\/\/ametllafilmfest.com\/wp-content\/uploads\/2025\/03\/162-frame3_Sarcum.jpg);\">\n\t\t\t\t\t\t\t\t\t\t\t\t\t\t\t\t<div class=\"elementor-custom-embed-play\" role=\"button\" aria-label=\"Reproducir v\u00eddeo\" tabindex=\"0\" data-no-translation-aria-label=\"\">\n\t\t\t\t\t\t\t<svg aria-hidden=\"true\" class=\"e-font-icon-svg e-eicon-play\" viewbox=\"0 0 1000 1000\" xmlns=\"http:\/\/www.w3.org\/2000\/svg\"><path d=\"M838 162C746 71 633 25 500 25 371 25 258 71 163 162 71 254 25 367 25 500 25 633 71 746 163 837 254 929 367 979 500 979 633 979 746 933 838 837 929 746 975 633 975 500 975 367 929 254 838 162M808 192C892 279 933 379 933 500 933 621 892 725 808 808 725 892 621 938 500 938 379 938 279 896 196 808 113 725 67 621 67 500 67 379 108 279 196 192 279 108 383 62 500 62 621 62 721 108 808 192M438 392V642L642 517 438 392Z\"><\/path><\/svg>\t\t\t\t\t\t<\/div>\n\t\t\t\t\t\t\t\t\t<\/div>\n\t\t\t\t\t<\/div>\n\t\t\t\t\t\t<\/div>\n\t\t\t\t<\/div>\n\t\t\t\t\t<\/div>\n\t\t\t\t<\/div>\n\t\t\t\t<\/div>","protected":false},"excerpt":{"rendered":"<p>Sarcum Ignacio Malag\u00f3n Antonio, un escriptor en plena crisi, decideix contractar els serveis de Sarcum Solutions, una empresa tecnol\u00f2gica dedicada a facilitar una tasca que a Antonio li resulta molt dif\u00edcil de fer per si sol. Categor\u00eda Ficci\u00f3 Fant\u00e0stic G\u00e8nere Ci\u00e8ncia-ficci\u00f3, Com\u00e8dia, Fantasia, Terror Tem\u00e0tica Ci\u00e8ncia i tecnologia, Humor, Mort, Roman\u00e7, Su\u00efcidi<\/p>","protected":false},"author":1,"featured_media":0,"parent":0,"menu_order":0,"comment_status":"closed","ping_status":"closed","template":"elementor_theme","meta":{"footnotes":""},"class_list":["post-2566","page","type-page","status-publish","hentry"],"_links":{"self":[{"href":"https:\/\/ametllafilmfest.com\/en\/wp-json\/wp\/v2\/pages\/2566","targetHints":{"allow":["GET"]}}],"collection":[{"href":"https:\/\/ametllafilmfest.com\/en\/wp-json\/wp\/v2\/pages"}],"about":[{"href":"https:\/\/ametllafilmfest.com\/en\/wp-json\/wp\/v2\/types\/page"}],"author":[{"embeddable":true,"href":"https:\/\/ametllafilmfest.com\/en\/wp-json\/wp\/v2\/users\/1"}],"replies":[{"embeddable":true,"href":"https:\/\/ametllafilmfest.com\/en\/wp-json\/wp\/v2\/comments?post=2566"}],"version-history":[{"count":5,"href":"https:\/\/ametllafilmfest.com\/en\/wp-json\/wp\/v2\/pages\/2566\/revisions"}],"predecessor-version":[{"id":2573,"href":"https:\/\/ametllafilmfest.com\/en\/wp-json\/wp\/v2\/pages\/2566\/revisions\/2573"}],"wp:attachment":[{"href":"https:\/\/ametllafilmfest.com\/en\/wp-json\/wp\/v2\/media?parent=2566"}],"curies":[{"name":"wp","href":"https:\/\/api.w.org\/{rel}","templated":true}]}}