{"id":2613,"date":"2025-03-30T22:01:36","date_gmt":"2025-03-30T22:01:36","guid":{"rendered":"https:\/\/ametllafilmfest.com\/?page_id=2613"},"modified":"2025-04-15T19:27:37","modified_gmt":"2025-04-15T19:27:37","slug":"curtmetratges-autorretrato","status":"publish","type":"page","link":"https:\/\/ametllafilmfest.com\/en\/curtmetratges-autorretrato\/","title":{"rendered":"Curtmetratges | Autorretrato"},"content":{"rendered":"<div data-elementor-type=\"wp-page\" data-elementor-id=\"2613\" class=\"elementor elementor-2613\">\n\t\t\t\t<div class=\"elementor-element elementor-element-41271027 e-flex e-con-boxed e-con e-parent\" data-id=\"41271027\" data-element_type=\"container\">\n\t\t\t\t\t<div class=\"e-con-inner\">\n\t\t<div class=\"elementor-element elementor-element-3e00e7a8 e-con-full e-flex e-con e-child\" data-id=\"3e00e7a8\" data-element_type=\"container\">\n\t\t\t\t<div class=\"elementor-element elementor-element-7d352352 elementor-widget elementor-widget-spacer\" data-id=\"7d352352\" data-element_type=\"widget\" data-widget_type=\"spacer.default\">\n\t\t\t\t<div class=\"elementor-widget-container\">\n\t\t\t\t\t\t\t<div class=\"elementor-spacer\">\n\t\t\t<div class=\"elementor-spacer-inner\"><\/div>\n\t\t<\/div>\n\t\t\t\t\t\t<\/div>\n\t\t\t\t<\/div>\n\t\t\t\t<\/div>\n\t\t\t\t\t<\/div>\n\t\t\t\t<\/div>\n\t\t<div class=\"elementor-element elementor-element-39573ee5 e-flex e-con-boxed e-con e-parent\" data-id=\"39573ee5\" data-element_type=\"container\">\n\t\t\t\t\t<div class=\"e-con-inner\">\n\t\t<div class=\"elementor-element elementor-element-321fb2e0 e-con-full e-flex e-con e-child\" data-id=\"321fb2e0\" data-element_type=\"container\">\n\t\t\t\t<div class=\"elementor-element elementor-element-53581e2e elementor-widget elementor-widget-fynode-image-box\" data-id=\"53581e2e\" data-element_type=\"widget\" data-widget_type=\"fynode-image-box.default\">\n\t\t\t\t<div class=\"elementor-widget-container\">\n\t\t\t\t\t<div class=\"site-image-content\"><div class=\"entry-media\"><a href=\"\" ><img decoding=\"async\" src=\"https:\/\/ametllafilmfest.com\/wp-content\/uploads\/2025\/03\/101-poster_Autorretrato.jpg\"><\/a><\/div><!-- entry-media --><div class=\"entry-content\"><\/div><!-- entry-content --><\/div><!-- site-image-content -->\t\t\t\t<\/div>\n\t\t\t\t<\/div>\n\t\t\t\t<\/div>\n\t\t\t\t\t<\/div>\n\t\t\t\t<\/div>\n\t\t<div class=\"elementor-element elementor-element-7f26970d e-flex e-con-boxed e-con e-parent\" data-id=\"7f26970d\" data-element_type=\"container\">\n\t\t\t\t\t<div class=\"e-con-inner\">\n\t\t<div class=\"elementor-element elementor-element-2c02f431 e-con-full e-flex e-con e-child\" data-id=\"2c02f431\" data-element_type=\"container\">\n\t\t\t\t<div class=\"elementor-element elementor-element-11e11250 elementor-widget elementor-widget-heading\" data-id=\"11e11250\" data-element_type=\"widget\" data-widget_type=\"heading.default\">\n\t\t\t\t<div class=\"elementor-widget-container\">\n\t\t\t\t\t<h2 class=\"elementor-heading-title elementor-size-default\">Autorretrato<\/h2>\t\t\t\t<\/div>\n\t\t\t\t<\/div>\n\t\t\t\t<\/div>\n\t\t\t\t\t<\/div>\n\t\t\t\t<\/div>\n\t\t<div class=\"elementor-element elementor-element-573c6e9c e-flex e-con-boxed e-con e-parent\" data-id=\"573c6e9c\" data-element_type=\"container\">\n\t\t\t\t\t<div class=\"e-con-inner\">\n\t\t<div class=\"elementor-element elementor-element-1e3f29c1 e-con-full e-flex e-con e-child\" data-id=\"1e3f29c1\" data-element_type=\"container\">\n\t\t<div class=\"elementor-element elementor-element-56922ab e-con-full e-flex e-con e-child\" data-id=\"56922ab\" data-element_type=\"container\">\n\t\t\t\t<div class=\"elementor-element elementor-element-2d7f7cc2 elementor-widget elementor-widget-fynode-custom-title\" data-id=\"2d7f7cc2\" data-element_type=\"widget\" data-widget_type=\"fynode-custom-title.default\">\n\t\t\t\t<div class=\"elementor-widget-container\">\n\t\t\t\t\t<div class=\"site-module-header fynode-custom-title\"><div class=\"column\"><h3 class=\"entry-title\">Daniela Goto Uehara <\/h3><\/div><!-- column --><div class=\"column\"><div class=\"entry-description\"><p>A museum gallery attendant faces the challenge of self-portrait photography for the first time, a task that turns out to be more difficult than she had planned and makes her see herself in a different light.<\/p><\/div><!-- entry-descriptio --><\/div><!-- column --><\/div>\t\t\t\t<\/div>\n\t\t\t\t<\/div>\n\t\t\t\t<\/div>\n\t\t\t\t<\/div>\n\t\t\t\t\t<\/div>\n\t\t\t\t<\/div>\n\t\t<div class=\"elementor-element elementor-element-758b801d e-flex e-con-boxed e-con e-parent\" data-id=\"758b801d\" data-element_type=\"container\">\n\t\t\t\t\t<div class=\"e-con-inner\">\n\t\t<div class=\"elementor-element elementor-element-59b388f8 e-con-full e-flex e-con e-child\" data-id=\"59b388f8\" data-element_type=\"container\">\n\t\t<div class=\"elementor-element elementor-element-1fd1380f e-con-full e-flex e-con e-child\" data-id=\"1fd1380f\" data-element_type=\"container\">\n\t\t<div class=\"elementor-element elementor-element-39b2e068 e-con-full e-flex e-con e-child\" data-id=\"39b2e068\" data-element_type=\"container\">\n\t\t\t\t<div class=\"elementor-element elementor-element-4a36388a elementor-widget-divider--view-line elementor-widget elementor-widget-divider\" data-id=\"4a36388a\" data-element_type=\"widget\" data-widget_type=\"divider.default\">\n\t\t\t\t<div class=\"elementor-widget-container\">\n\t\t\t\t\t\t\t<div class=\"elementor-divider\">\n\t\t\t<span class=\"elementor-divider-separator\">\n\t\t\t\t\t\t<\/span>\n\t\t<\/div>\n\t\t\t\t\t\t<\/div>\n\t\t\t\t<\/div>\n\t\t\t\t<div class=\"elementor-element elementor-element-3e52d2cb elementor-widget elementor-widget-fynode-custom-title\" data-id=\"3e52d2cb\" data-element_type=\"widget\" data-widget_type=\"fynode-custom-title.default\">\n\t\t\t\t<div class=\"elementor-widget-container\">\n\t\t\t\t\t<div class=\"site-module-header fynode-custom-title\"><div class=\"column\"><h3 class=\"entry-title\">Category<\/h3><\/div><!-- column --><div class=\"column\"><div class=\"entry-description\"><p>Fiction<\/p><\/div><!-- entry-descriptio --><\/div><!-- column --><\/div>\t\t\t\t<\/div>\n\t\t\t\t<\/div>\n\t\t\t\t<\/div>\n\t\t<div class=\"elementor-element elementor-element-64cdcf5b e-con-full e-flex e-con e-child\" data-id=\"64cdcf5b\" data-element_type=\"container\">\n\t\t\t\t<div class=\"elementor-element elementor-element-5b08acc1 elementor-widget-divider--view-line elementor-widget elementor-widget-divider\" data-id=\"5b08acc1\" data-element_type=\"widget\" data-widget_type=\"divider.default\">\n\t\t\t\t<div class=\"elementor-widget-container\">\n\t\t\t\t\t\t\t<div class=\"elementor-divider\">\n\t\t\t<span class=\"elementor-divider-separator\">\n\t\t\t\t\t\t<\/span>\n\t\t<\/div>\n\t\t\t\t\t\t<\/div>\n\t\t\t\t<\/div>\n\t\t\t\t<div class=\"elementor-element elementor-element-2a527a96 elementor-widget elementor-widget-fynode-custom-title\" data-id=\"2a527a96\" data-element_type=\"widget\" data-widget_type=\"fynode-custom-title.default\">\n\t\t\t\t<div class=\"elementor-widget-container\">\n\t\t\t\t\t<div class=\"site-module-header fynode-custom-title\"><div class=\"column\"><h3 class=\"entry-title\">Genre<\/h3><\/div><!-- column --><div class=\"column\"><div class=\"entry-description\"><p>Drama<\/p><\/div><!-- entry-descriptio --><\/div><!-- column --><\/div>\t\t\t\t<\/div>\n\t\t\t\t<\/div>\n\t\t\t\t<\/div>\n\t\t<div class=\"elementor-element elementor-element-5e673b6d e-con-full e-flex e-con e-child\" data-id=\"5e673b6d\" data-element_type=\"container\">\n\t\t\t\t<div class=\"elementor-element elementor-element-639496a elementor-widget-divider--view-line elementor-widget elementor-widget-divider\" data-id=\"639496a\" data-element_type=\"widget\" data-widget_type=\"divider.default\">\n\t\t\t\t<div class=\"elementor-widget-container\">\n\t\t\t\t\t\t\t<div class=\"elementor-divider\">\n\t\t\t<span class=\"elementor-divider-separator\">\n\t\t\t\t\t\t<\/span>\n\t\t<\/div>\n\t\t\t\t\t\t<\/div>\n\t\t\t\t<\/div>\n\t\t\t\t<div class=\"elementor-element elementor-element-16193ca3 elementor-widget elementor-widget-fynode-custom-title\" data-id=\"16193ca3\" data-element_type=\"widget\" data-widget_type=\"fynode-custom-title.default\">\n\t\t\t\t<div class=\"elementor-widget-container\">\n\t\t\t\t\t<div class=\"site-module-header fynode-custom-title\"><div class=\"column\"><h3 class=\"entry-title\">Theme<\/h3><\/div><!-- column --><div class=\"column\"><div class=\"entry-description\"><p>City, Photography, Youth, Woman, Mental Health, Loneliness, Old Age<\/p><\/div><!-- entry-descriptio --><\/div><!-- column --><\/div>\t\t\t\t<\/div>\n\t\t\t\t<\/div>\n\t\t\t\t<\/div>\n\t\t\t\t<\/div>\n\t\t\t\t<\/div>\n\t\t\t\t\t<\/div>\n\t\t\t\t<\/div>\n\t\t\t\t<\/div>","protected":false},"excerpt":{"rendered":"<p>Autorretrato Daniela Goto Uehara Una vigilanta de sala d\u2019un museu d\u2019art s\u2019enfronta per primera vegada al autoretrat fotogr\u00e0fic, tasca que li resultar\u00e0 m\u00e9s dif\u00edcil del que havia planejat i la far\u00e0 observar-se d\u2019una manera diferent. Categor\u00eda Ficci\u00f3 G\u00e8nere Drama Tem\u00e0tica Ciutat, Fotografia, Joventut, Dona, Salut mental, Soledat, Vellesa<\/p>","protected":false},"author":1,"featured_media":0,"parent":0,"menu_order":0,"comment_status":"closed","ping_status":"closed","template":"elementor_theme","meta":{"footnotes":""},"class_list":["post-2613","page","type-page","status-publish","hentry"],"_links":{"self":[{"href":"https:\/\/ametllafilmfest.com\/en\/wp-json\/wp\/v2\/pages\/2613","targetHints":{"allow":["GET"]}}],"collection":[{"href":"https:\/\/ametllafilmfest.com\/en\/wp-json\/wp\/v2\/pages"}],"about":[{"href":"https:\/\/ametllafilmfest.com\/en\/wp-json\/wp\/v2\/types\/page"}],"author":[{"embeddable":true,"href":"https:\/\/ametllafilmfest.com\/en\/wp-json\/wp\/v2\/users\/1"}],"replies":[{"embeddable":true,"href":"https:\/\/ametllafilmfest.com\/en\/wp-json\/wp\/v2\/comments?post=2613"}],"version-history":[{"count":5,"href":"https:\/\/ametllafilmfest.com\/en\/wp-json\/wp\/v2\/pages\/2613\/revisions"}],"predecessor-version":[{"id":3273,"href":"https:\/\/ametllafilmfest.com\/en\/wp-json\/wp\/v2\/pages\/2613\/revisions\/3273"}],"wp:attachment":[{"href":"https:\/\/ametllafilmfest.com\/en\/wp-json\/wp\/v2\/media?parent=2613"}],"curies":[{"name":"wp","href":"https:\/\/api.w.org\/{rel}","templated":true}]}}