{"id":2636,"date":"2025-03-30T22:13:58","date_gmt":"2025-03-30T22:13:58","guid":{"rendered":"https:\/\/ametllafilmfest.com\/?page_id=2636"},"modified":"2025-03-30T22:17:48","modified_gmt":"2025-03-30T22:17:48","slug":"curtmetratges-el-hombre-que-mato-a-terry-gilliam","status":"publish","type":"page","link":"https:\/\/ametllafilmfest.com\/en\/curtmetratges-el-hombre-que-mato-a-terry-gilliam\/","title":{"rendered":"Curtmetratges | El hombre que mat\u00f3 a Terry Gilliam"},"content":{"rendered":"<div data-elementor-type=\"wp-page\" data-elementor-id=\"2636\" class=\"elementor elementor-2636\">\n\t\t\t\t<div class=\"elementor-element elementor-element-2f010e93 e-flex e-con-boxed e-con e-parent\" data-id=\"2f010e93\" data-element_type=\"container\">\n\t\t\t\t\t<div class=\"e-con-inner\">\n\t\t<div class=\"elementor-element elementor-element-29545eda e-con-full e-flex e-con e-child\" data-id=\"29545eda\" data-element_type=\"container\">\n\t\t\t\t<div class=\"elementor-element elementor-element-5a895401 elementor-widget elementor-widget-spacer\" data-id=\"5a895401\" data-element_type=\"widget\" data-widget_type=\"spacer.default\">\n\t\t\t\t<div class=\"elementor-widget-container\">\n\t\t\t\t\t\t\t<div class=\"elementor-spacer\">\n\t\t\t<div class=\"elementor-spacer-inner\"><\/div>\n\t\t<\/div>\n\t\t\t\t\t\t<\/div>\n\t\t\t\t<\/div>\n\t\t\t\t<\/div>\n\t\t\t\t\t<\/div>\n\t\t\t\t<\/div>\n\t\t<div class=\"elementor-element elementor-element-3eb34f43 e-flex e-con-boxed e-con e-parent\" data-id=\"3eb34f43\" data-element_type=\"container\">\n\t\t\t\t\t<div class=\"e-con-inner\">\n\t\t<div class=\"elementor-element elementor-element-75ae2088 e-con-full e-flex e-con e-child\" data-id=\"75ae2088\" data-element_type=\"container\">\n\t\t\t\t<div class=\"elementor-element elementor-element-5dc1813f elementor-widget elementor-widget-fynode-image-box\" data-id=\"5dc1813f\" data-element_type=\"widget\" data-widget_type=\"fynode-image-box.default\">\n\t\t\t\t<div class=\"elementor-widget-container\">\n\t\t\t\t\t<div class=\"site-image-content\"><div class=\"entry-media\"><a href=\"\" ><img decoding=\"async\" src=\"https:\/\/ametllafilmfest.com\/wp-content\/uploads\/2025\/03\/65-poster_El-Hombre-que-mato-a-Terry-Gilliam-scaled.jpg\"><\/a><\/div><!-- entry-media --><div class=\"entry-content\"><\/div><!-- entry-content --><\/div><!-- site-image-content -->\t\t\t\t<\/div>\n\t\t\t\t<\/div>\n\t\t\t\t<\/div>\n\t\t\t\t\t<\/div>\n\t\t\t\t<\/div>\n\t\t<div class=\"elementor-element elementor-element-62a095a4 e-flex e-con-boxed e-con e-parent\" data-id=\"62a095a4\" data-element_type=\"container\">\n\t\t\t\t\t<div class=\"e-con-inner\">\n\t\t<div class=\"elementor-element elementor-element-484da540 e-con-full e-flex e-con e-child\" data-id=\"484da540\" data-element_type=\"container\">\n\t\t\t\t<div class=\"elementor-element elementor-element-155d2c1d elementor-widget elementor-widget-heading\" data-id=\"155d2c1d\" data-element_type=\"widget\" data-widget_type=\"heading.default\">\n\t\t\t\t<div class=\"elementor-widget-container\">\n\t\t\t\t\t<h2 class=\"elementor-heading-title elementor-size-default\">El hombre que mat\u00f3 a Terry Gilliam<\/h2>\t\t\t\t<\/div>\n\t\t\t\t<\/div>\n\t\t\t\t<\/div>\n\t\t\t\t\t<\/div>\n\t\t\t\t<\/div>\n\t\t<div class=\"elementor-element elementor-element-34997dd4 e-flex e-con-boxed e-con e-parent\" data-id=\"34997dd4\" data-element_type=\"container\">\n\t\t\t\t\t<div class=\"e-con-inner\">\n\t\t<div class=\"elementor-element elementor-element-7042ebdc e-con-full e-flex e-con e-child\" data-id=\"7042ebdc\" data-element_type=\"container\">\n\t\t<div class=\"elementor-element elementor-element-1f984552 e-con-full e-flex e-con e-child\" data-id=\"1f984552\" data-element_type=\"container\">\n\t\t\t\t<div class=\"elementor-element elementor-element-1183e576 elementor-widget elementor-widget-fynode-custom-title\" data-id=\"1183e576\" data-element_type=\"widget\" data-widget_type=\"fynode-custom-title.default\">\n\t\t\t\t<div class=\"elementor-widget-container\">\n\t\t\t\t\t<div class=\"site-module-header fynode-custom-title\"><div class=\"column\"><h3 class=\"entry-title\">Joel Munu<\/h3><\/div><!-- column --><div class=\"column\"><div class=\"entry-description\"><p>Emilio (24 years old) works as a production assistant on a film shoot in the desert. Due to poor planning, he will be forced to find a nearby gas station to fill the generator that powers the crew's lights. During the trip, he will confront the demons that inhabit every film production: greed, envy, hatred, and cruelty.<\/p><\/div><!-- entry-descriptio --><\/div><!-- column --><\/div>\t\t\t\t<\/div>\n\t\t\t\t<\/div>\n\t\t\t\t<\/div>\n\t\t\t\t<\/div>\n\t\t\t\t\t<\/div>\n\t\t\t\t<\/div>\n\t\t<div class=\"elementor-element elementor-element-1ab1d832 e-flex e-con-boxed e-con e-parent\" data-id=\"1ab1d832\" data-element_type=\"container\">\n\t\t\t\t\t<div class=\"e-con-inner\">\n\t\t<div class=\"elementor-element elementor-element-359a461 e-con-full e-flex e-con e-child\" data-id=\"359a461\" data-element_type=\"container\">\n\t\t<div class=\"elementor-element elementor-element-64dd6dbd e-con-full e-flex e-con e-child\" data-id=\"64dd6dbd\" data-element_type=\"container\">\n\t\t<div class=\"elementor-element elementor-element-723ea487 e-con-full e-flex e-con e-child\" data-id=\"723ea487\" data-element_type=\"container\">\n\t\t\t\t<div class=\"elementor-element elementor-element-775a4408 elementor-widget-divider--view-line elementor-widget elementor-widget-divider\" data-id=\"775a4408\" data-element_type=\"widget\" data-widget_type=\"divider.default\">\n\t\t\t\t<div class=\"elementor-widget-container\">\n\t\t\t\t\t\t\t<div class=\"elementor-divider\">\n\t\t\t<span class=\"elementor-divider-separator\">\n\t\t\t\t\t\t<\/span>\n\t\t<\/div>\n\t\t\t\t\t\t<\/div>\n\t\t\t\t<\/div>\n\t\t\t\t<div class=\"elementor-element elementor-element-16a7d82f elementor-widget elementor-widget-fynode-custom-title\" data-id=\"16a7d82f\" data-element_type=\"widget\" data-widget_type=\"fynode-custom-title.default\">\n\t\t\t\t<div class=\"elementor-widget-container\">\n\t\t\t\t\t<div class=\"site-module-header fynode-custom-title\"><div class=\"column\"><h3 class=\"entry-title\">Category<\/h3><\/div><!-- column --><div class=\"column\"><div class=\"entry-description\"><p>Fiction, Fantasy, Horror<\/p><\/div><!-- entry-descriptio --><\/div><!-- column --><\/div>\t\t\t\t<\/div>\n\t\t\t\t<\/div>\n\t\t\t\t<\/div>\n\t\t<div class=\"elementor-element elementor-element-5e68683a e-con-full e-flex e-con e-child\" data-id=\"5e68683a\" data-element_type=\"container\">\n\t\t\t\t<div class=\"elementor-element elementor-element-9bac529 elementor-widget-divider--view-line elementor-widget elementor-widget-divider\" data-id=\"9bac529\" data-element_type=\"widget\" data-widget_type=\"divider.default\">\n\t\t\t\t<div class=\"elementor-widget-container\">\n\t\t\t\t\t\t\t<div class=\"elementor-divider\">\n\t\t\t<span class=\"elementor-divider-separator\">\n\t\t\t\t\t\t<\/span>\n\t\t<\/div>\n\t\t\t\t\t\t<\/div>\n\t\t\t\t<\/div>\n\t\t\t\t<div class=\"elementor-element elementor-element-24080a3c elementor-widget elementor-widget-fynode-custom-title\" data-id=\"24080a3c\" data-element_type=\"widget\" data-widget_type=\"fynode-custom-title.default\">\n\t\t\t\t<div class=\"elementor-widget-container\">\n\t\t\t\t\t<div class=\"site-module-header fynode-custom-title\"><div class=\"column\"><h3 class=\"entry-title\">Genre<\/h3><\/div><!-- column --><div class=\"column\"><div class=\"entry-description\"><p>Action, Adventure, Comedy, Fantasy, Horror, Psychological, Science Fiction, Thriller, Western<\/p><\/div><!-- entry-descriptio --><\/div><!-- column --><\/div>\t\t\t\t<\/div>\n\t\t\t\t<\/div>\n\t\t\t\t<\/div>\n\t\t<div class=\"elementor-element elementor-element-580a419a e-con-full e-flex e-con e-child\" data-id=\"580a419a\" data-element_type=\"container\">\n\t\t\t\t<div class=\"elementor-element elementor-element-7fceea8d elementor-widget-divider--view-line elementor-widget elementor-widget-divider\" data-id=\"7fceea8d\" data-element_type=\"widget\" data-widget_type=\"divider.default\">\n\t\t\t\t<div class=\"elementor-widget-container\">\n\t\t\t\t\t\t\t<div class=\"elementor-divider\">\n\t\t\t<span class=\"elementor-divider-separator\">\n\t\t\t\t\t\t<\/span>\n\t\t<\/div>\n\t\t\t\t\t\t<\/div>\n\t\t\t\t<\/div>\n\t\t\t\t<div class=\"elementor-element elementor-element-4d9ad056 elementor-widget elementor-widget-fynode-custom-title\" data-id=\"4d9ad056\" data-element_type=\"widget\" data-widget_type=\"fynode-custom-title.default\">\n\t\t\t\t<div class=\"elementor-widget-container\">\n\t\t\t\t\t<div class=\"site-module-header fynode-custom-title\"><div class=\"column\"><h3 class=\"entry-title\">Theme<\/h3><\/div><!-- column --><div class=\"column\"><div class=\"entry-description\"><p>Countryside, Movies about film, Humor, Mental health.<\/p><\/div><!-- entry-descriptio --><\/div><!-- column --><\/div>\t\t\t\t<\/div>\n\t\t\t\t<\/div>\n\t\t\t\t<\/div>\n\t\t\t\t<\/div>\n\t\t\t\t<\/div>\n\t\t\t\t\t<\/div>\n\t\t\t\t<\/div>\n\t\t<div class=\"elementor-element elementor-element-7491b428 e-flex e-con-boxed e-con e-parent\" data-id=\"7491b428\" data-element_type=\"container\">\n\t\t\t\t\t<div class=\"e-con-inner\">\n\t\t\t\t<div class=\"elementor-element elementor-element-30334c19 elementor-widget elementor-widget-video\" data-id=\"30334c19\" data-element_type=\"widget\" data-settings=\"{&quot;video_type&quot;:&quot;vimeo&quot;,&quot;show_image_overlay&quot;:&quot;yes&quot;,&quot;image_overlay&quot;:{&quot;url&quot;:&quot;https:\\\/\\\/ametllafilmfest.com\\\/wp-content\\\/uploads\\\/2025\\\/03\\\/65-frame2_El-Hombre-que-mato-a-Terry-Gilliam-scaled.jpg&quot;,&quot;id&quot;:2639,&quot;size&quot;:&quot;&quot;,&quot;alt&quot;:&quot;&quot;,&quot;source&quot;:&quot;library&quot;}}\" data-widget_type=\"video.default\">\n\t\t\t\t<div class=\"elementor-widget-container\">\n\t\t\t\t\t\t\t<div class=\"elementor-wrapper elementor-open-inline\">\n\t\t\t<iframe class=\"elementor-video-iframe\" allowfullscreen allow=\"clipboard-write\" title=\"Reproductor de v\u00eddeo vimeo\" src=\"https:\/\/player.vimeo.com\/video\/942307237?color&amp;autopause=0&amp;loop=0&amp;muted=0&amp;title=1&amp;portrait=1&amp;byline=1#t=\"><\/iframe>\t\t\t\t<div class=\"elementor-custom-embed-image-overlay\" style=\"background-image: url(https:\/\/ametllafilmfest.com\/wp-content\/uploads\/2025\/03\/65-frame2_El-Hombre-que-mato-a-Terry-Gilliam-scaled.jpg);\">\n\t\t\t\t\t\t\t\t\t\t\t\t\t\t\t\t<div class=\"elementor-custom-embed-play\" role=\"button\" aria-label=\"Reprodueix v\u00eddeo\" tabindex=\"0\">\n\t\t\t\t\t\t\t<svg aria-hidden=\"true\" class=\"e-font-icon-svg e-eicon-play\" viewbox=\"0 0 1000 1000\" xmlns=\"http:\/\/www.w3.org\/2000\/svg\"><path d=\"M838 162C746 71 633 25 500 25 371 25 258 71 163 162 71 254 25 367 25 500 25 633 71 746 163 837 254 929 367 979 500 979 633 979 746 933 838 837 929 746 975 633 975 500 975 367 929 254 838 162M808 192C892 279 933 379 933 500 933 621 892 725 808 808 725 892 621 938 500 938 379 938 279 896 196 808 113 725 67 621 67 500 67 379 108 279 196 192 279 108 383 62 500 62 621 62 721 108 808 192M438 392V642L642 517 438 392Z\"><\/path><\/svg>\t\t\t\t\t\t<\/div>\n\t\t\t\t\t\t\t\t\t<\/div>\n\t\t\t\t\t<\/div>\n\t\t\t\t\t\t<\/div>\n\t\t\t\t<\/div>\n\t\t\t\t\t<\/div>\n\t\t\t\t<\/div>\n\t\t\t\t<\/div>","protected":false},"excerpt":{"rendered":"<p>El hombre que mat\u00f3 a Terry Gilliam Joel Munu Emilio (24 anys) participa com a auxiliar de producci\u00f3 en el rodatge d&#8217;una pel\u00b7l\u00edcula al desert. A causa d&#8217;una mala planificaci\u00f3, es veur\u00e0 obligat a buscar una benzinera propera per omplir el generador que dona llum a l\u2019equip. Durant el viatge, s&#8217;enfrontar\u00e0 als dimonis que habiten<\/p>\n<div class=\"klb-readmore post-buttons\"><a class=\"btn btn-black btn-rounded\" href=\"https:\/\/ametllafilmfest.com\/en\/curtmetratges-el-hombre-que-mato-a-terry-gilliam\/\">Read More <i class=\"klbth-icon-right-arrow\"><\/i><\/a><\/div>","protected":false},"author":1,"featured_media":0,"parent":0,"menu_order":0,"comment_status":"closed","ping_status":"closed","template":"elementor_theme","meta":{"footnotes":""},"class_list":["post-2636","page","type-page","status-publish","hentry"],"_links":{"self":[{"href":"https:\/\/ametllafilmfest.com\/en\/wp-json\/wp\/v2\/pages\/2636","targetHints":{"allow":["GET"]}}],"collection":[{"href":"https:\/\/ametllafilmfest.com\/en\/wp-json\/wp\/v2\/pages"}],"about":[{"href":"https:\/\/ametllafilmfest.com\/en\/wp-json\/wp\/v2\/types\/page"}],"author":[{"embeddable":true,"href":"https:\/\/ametllafilmfest.com\/en\/wp-json\/wp\/v2\/users\/1"}],"replies":[{"embeddable":true,"href":"https:\/\/ametllafilmfest.com\/en\/wp-json\/wp\/v2\/comments?post=2636"}],"version-history":[{"count":5,"href":"https:\/\/ametllafilmfest.com\/en\/wp-json\/wp\/v2\/pages\/2636\/revisions"}],"predecessor-version":[{"id":2643,"href":"https:\/\/ametllafilmfest.com\/en\/wp-json\/wp\/v2\/pages\/2636\/revisions\/2643"}],"wp:attachment":[{"href":"https:\/\/ametllafilmfest.com\/en\/wp-json\/wp\/v2\/media?parent=2636"}],"curies":[{"name":"wp","href":"https:\/\/api.w.org\/{rel}","templated":true}]}}