{"id":2682,"date":"2025-03-30T22:33:00","date_gmt":"2025-03-30T22:33:00","guid":{"rendered":"https:\/\/ametllafilmfest.com\/?page_id=2682"},"modified":"2025-04-14T16:22:10","modified_gmt":"2025-04-14T16:22:10","slug":"curtmetratges-no-bajes-de-la-cama","status":"publish","type":"page","link":"https:\/\/ametllafilmfest.com\/en\/curtmetratges-no-bajes-de-la-cama\/","title":{"rendered":"Curtmetratges | No bajes de la cama"},"content":{"rendered":"<div data-elementor-type=\"wp-page\" data-elementor-id=\"2682\" class=\"elementor elementor-2682\">\n\t\t\t\t<div class=\"elementor-element elementor-element-716f1bc2 e-flex e-con-boxed e-con e-parent\" data-id=\"716f1bc2\" data-element_type=\"container\">\n\t\t\t\t\t<div class=\"e-con-inner\">\n\t\t<div class=\"elementor-element elementor-element-2eef7c08 e-con-full e-flex e-con e-child\" data-id=\"2eef7c08\" data-element_type=\"container\">\n\t\t\t\t<div class=\"elementor-element elementor-element-3654edf4 elementor-widget elementor-widget-spacer\" data-id=\"3654edf4\" data-element_type=\"widget\" data-widget_type=\"spacer.default\">\n\t\t\t\t<div class=\"elementor-widget-container\">\n\t\t\t\t\t\t\t<div class=\"elementor-spacer\">\n\t\t\t<div class=\"elementor-spacer-inner\"><\/div>\n\t\t<\/div>\n\t\t\t\t\t\t<\/div>\n\t\t\t\t<\/div>\n\t\t\t\t<\/div>\n\t\t\t\t\t<\/div>\n\t\t\t\t<\/div>\n\t\t<div class=\"elementor-element elementor-element-442da09f e-flex e-con-boxed e-con e-parent\" data-id=\"442da09f\" data-element_type=\"container\">\n\t\t\t\t\t<div class=\"e-con-inner\">\n\t\t<div class=\"elementor-element elementor-element-cd4e881 e-con-full e-flex e-con e-child\" data-id=\"cd4e881\" data-element_type=\"container\">\n\t\t\t\t<div class=\"elementor-element elementor-element-7c702b26 elementor-widget elementor-widget-fynode-image-box\" data-id=\"7c702b26\" data-element_type=\"widget\" data-widget_type=\"fynode-image-box.default\">\n\t\t\t\t<div class=\"elementor-widget-container\">\n\t\t\t\t\t<div class=\"site-image-content\"><div class=\"entry-media\"><a href=\"\" ><img decoding=\"async\" src=\"https:\/\/ametllafilmfest.com\/wp-content\/uploads\/2025\/03\/20-poster_No-bajes-de-la-cama.jpg\"><\/a><\/div><!-- entry-media --><div class=\"entry-content\"><\/div><!-- entry-content --><\/div><!-- site-image-content -->\t\t\t\t<\/div>\n\t\t\t\t<\/div>\n\t\t\t\t<\/div>\n\t\t\t\t\t<\/div>\n\t\t\t\t<\/div>\n\t\t<div class=\"elementor-element elementor-element-5387e861 e-flex e-con-boxed e-con e-parent\" data-id=\"5387e861\" data-element_type=\"container\">\n\t\t\t\t\t<div class=\"e-con-inner\">\n\t\t<div class=\"elementor-element elementor-element-23b1c54f e-con-full e-flex e-con e-child\" data-id=\"23b1c54f\" data-element_type=\"container\">\n\t\t\t\t<div class=\"elementor-element elementor-element-2fe2e52a elementor-widget elementor-widget-heading\" data-id=\"2fe2e52a\" data-element_type=\"widget\" data-widget_type=\"heading.default\">\n\t\t\t\t<div class=\"elementor-widget-container\">\n\t\t\t\t\t<h2 class=\"elementor-heading-title elementor-size-default\">No bajes de la cama<\/h2>\t\t\t\t<\/div>\n\t\t\t\t<\/div>\n\t\t\t\t<\/div>\n\t\t\t\t\t<\/div>\n\t\t\t\t<\/div>\n\t\t<div class=\"elementor-element elementor-element-7ede7bfb e-flex e-con-boxed e-con e-parent\" data-id=\"7ede7bfb\" data-element_type=\"container\">\n\t\t\t\t\t<div class=\"e-con-inner\">\n\t\t<div class=\"elementor-element elementor-element-5b0edd90 e-con-full e-flex e-con e-child\" data-id=\"5b0edd90\" data-element_type=\"container\">\n\t\t<div class=\"elementor-element elementor-element-2a49d7ff e-con-full e-flex e-con e-child\" data-id=\"2a49d7ff\" data-element_type=\"container\">\n\t\t\t\t<div class=\"elementor-element elementor-element-70da58df elementor-widget elementor-widget-fynode-custom-title\" data-id=\"70da58df\" data-element_type=\"widget\" data-widget_type=\"fynode-custom-title.default\">\n\t\t\t\t<div class=\"elementor-widget-container\">\n\t\t\t\t\t<div class=\"site-module-header fynode-custom-title\"><div class=\"column\"><h3 class=\"entry-title\">Hector Garc\u00eda<\/h3><\/div><!-- column --><div class=\"column\"><div class=\"entry-description\"><p>Mario is a teenager who spends hours at night watching videos on his mobile phone. In one of those videos, a child warns about several missing children in his neighborhood. It\u2019s then that Mario realizes he\u2019s not alone in his room. There\u2019s a monstrous presence under his bed. This story mixes psychological horror with suspense elements, creating an unsettling atmosphere where anxiety and fear are unleashed as Mario discovers what\u2019s lurking in his personal space.<\/p><\/div><!-- entry-descriptio --><\/div><!-- column --><\/div>\t\t\t\t<\/div>\n\t\t\t\t<\/div>\n\t\t\t\t<\/div>\n\t\t\t\t<\/div>\n\t\t\t\t\t<\/div>\n\t\t\t\t<\/div>\n\t\t<div class=\"elementor-element elementor-element-1706abb2 e-flex e-con-boxed e-con e-parent\" data-id=\"1706abb2\" data-element_type=\"container\">\n\t\t\t\t\t<div class=\"e-con-inner\">\n\t\t<div class=\"elementor-element elementor-element-350566f6 e-con-full e-flex e-con e-child\" data-id=\"350566f6\" data-element_type=\"container\">\n\t\t<div class=\"elementor-element elementor-element-7be785 e-con-full e-flex e-con e-child\" data-id=\"7be785\" data-element_type=\"container\">\n\t\t<div class=\"elementor-element elementor-element-1e5c3b29 e-con-full e-flex e-con e-child\" data-id=\"1e5c3b29\" data-element_type=\"container\">\n\t\t\t\t<div class=\"elementor-element elementor-element-3b713f1e elementor-widget-divider--view-line elementor-widget elementor-widget-divider\" data-id=\"3b713f1e\" data-element_type=\"widget\" data-widget_type=\"divider.default\">\n\t\t\t\t<div class=\"elementor-widget-container\">\n\t\t\t\t\t\t\t<div class=\"elementor-divider\">\n\t\t\t<span class=\"elementor-divider-separator\">\n\t\t\t\t\t\t<\/span>\n\t\t<\/div>\n\t\t\t\t\t\t<\/div>\n\t\t\t\t<\/div>\n\t\t\t\t<div class=\"elementor-element elementor-element-7e373407 elementor-widget elementor-widget-fynode-custom-title\" data-id=\"7e373407\" data-element_type=\"widget\" data-widget_type=\"fynode-custom-title.default\">\n\t\t\t\t<div class=\"elementor-widget-container\">\n\t\t\t\t\t<div class=\"site-module-header fynode-custom-title\"><div class=\"column\"><h3 class=\"entry-title\">Category<\/h3><\/div><!-- column --><div class=\"column\"><div class=\"entry-description\"><p>Fiction, Fantasy, Horror<\/p><\/div><!-- entry-descriptio --><\/div><!-- column --><\/div>\t\t\t\t<\/div>\n\t\t\t\t<\/div>\n\t\t\t\t<\/div>\n\t\t<div class=\"elementor-element elementor-element-6f43af32 e-con-full e-flex e-con e-child\" data-id=\"6f43af32\" data-element_type=\"container\">\n\t\t\t\t<div class=\"elementor-element elementor-element-35b3e734 elementor-widget-divider--view-line elementor-widget elementor-widget-divider\" data-id=\"35b3e734\" data-element_type=\"widget\" data-widget_type=\"divider.default\">\n\t\t\t\t<div class=\"elementor-widget-container\">\n\t\t\t\t\t\t\t<div class=\"elementor-divider\">\n\t\t\t<span class=\"elementor-divider-separator\">\n\t\t\t\t\t\t<\/span>\n\t\t<\/div>\n\t\t\t\t\t\t<\/div>\n\t\t\t\t<\/div>\n\t\t\t\t<div class=\"elementor-element elementor-element-3b9d0187 elementor-widget elementor-widget-fynode-custom-title\" data-id=\"3b9d0187\" data-element_type=\"widget\" data-widget_type=\"fynode-custom-title.default\">\n\t\t\t\t<div class=\"elementor-widget-container\">\n\t\t\t\t\t<div class=\"site-module-header fynode-custom-title\"><div class=\"column\"><h3 class=\"entry-title\">Genre<\/h3><\/div><!-- column --><div class=\"column\"><div class=\"entry-description\"><p>Comedy, Crime, Horror, Adolescents, Thriller<\/p><\/div><!-- entry-descriptio --><\/div><!-- column --><\/div>\t\t\t\t<\/div>\n\t\t\t\t<\/div>\n\t\t\t\t<\/div>\n\t\t<div class=\"elementor-element elementor-element-3b8e5f1 e-con-full e-flex e-con e-child\" data-id=\"3b8e5f1\" data-element_type=\"container\">\n\t\t\t\t<div class=\"elementor-element elementor-element-773b855e elementor-widget-divider--view-line elementor-widget elementor-widget-divider\" data-id=\"773b855e\" data-element_type=\"widget\" data-widget_type=\"divider.default\">\n\t\t\t\t<div class=\"elementor-widget-container\">\n\t\t\t\t\t\t\t<div class=\"elementor-divider\">\n\t\t\t<span class=\"elementor-divider-separator\">\n\t\t\t\t\t\t<\/span>\n\t\t<\/div>\n\t\t\t\t\t\t<\/div>\n\t\t\t\t<\/div>\n\t\t\t\t<div class=\"elementor-element elementor-element-5a4d9b8c elementor-widget elementor-widget-fynode-custom-title\" data-id=\"5a4d9b8c\" data-element_type=\"widget\" data-widget_type=\"fynode-custom-title.default\">\n\t\t\t\t<div class=\"elementor-widget-container\">\n\t\t\t\t\t<div class=\"site-module-header fynode-custom-title\"><div class=\"column\"><h3 class=\"entry-title\">Theme<\/h3><\/div><!-- column --><div class=\"column\"><div class=\"entry-description\"><p>Adolescents, Educational, Humor, Youth, Vengeance.<\/p><\/div><!-- entry-descriptio --><\/div><!-- column --><\/div>\t\t\t\t<\/div>\n\t\t\t\t<\/div>\n\t\t\t\t<\/div>\n\t\t\t\t<\/div>\n\t\t\t\t<\/div>\n\t\t\t\t\t<\/div>\n\t\t\t\t<\/div>\n\t\t<div class=\"elementor-element elementor-element-4b71b824 e-flex e-con-boxed e-con e-parent\" data-id=\"4b71b824\" data-element_type=\"container\">\n\t\t\t\t\t<div class=\"e-con-inner\">\n\t\t\t\t<div class=\"elementor-element elementor-element-76f64140 elementor-widget elementor-widget-video\" data-id=\"76f64140\" data-element_type=\"widget\" data-settings=\"{&quot;video_type&quot;:&quot;hosted&quot;,&quot;show_image_overlay&quot;:&quot;yes&quot;,&quot;image_overlay&quot;:{&quot;url&quot;:&quot;https:\\\/\\\/ametllafilmfest.com\\\/wp-content\\\/uploads\\\/2025\\\/03\\\/20-frame1_No-bajes-de-la-cama-scaled.jpg&quot;,&quot;id&quot;:2686,&quot;size&quot;:&quot;&quot;,&quot;alt&quot;:&quot;&quot;,&quot;source&quot;:&quot;library&quot;},&quot;controls&quot;:&quot;yes&quot;}\" data-widget_type=\"video.default\">\n\t\t\t\t<div class=\"elementor-widget-container\">\n\t\t\t\t\t\t\t<div class=\"e-hosted-video elementor-wrapper elementor-open-inline\">\n\t\t\t\t\t<video class=\"elementor-video\" src=\"https:\/\/ametllafilmfest.com\/wp-content\/uploads\/2025\/04\/NoBajesdelaCama_Trailer.mp4\" controls=\"\" preload=\"metadata\" controlslist=\"nodownload\"><\/video>\n\t\t\t\t\t\t<div class=\"elementor-custom-embed-image-overlay\" style=\"background-image: url(https:\/\/ametllafilmfest.com\/wp-content\/uploads\/2025\/03\/20-frame1_No-bajes-de-la-cama-scaled.jpg);\">\n\t\t\t\t\t\t\t\t\t\t\t\t\t\t\t\t<div class=\"elementor-custom-embed-play\" role=\"button\" aria-label=\"Reprodueix v\u00eddeo\" tabindex=\"0\">\n\t\t\t\t\t\t\t<svg aria-hidden=\"true\" class=\"e-font-icon-svg e-eicon-play\" viewbox=\"0 0 1000 1000\" xmlns=\"http:\/\/www.w3.org\/2000\/svg\"><path d=\"M838 162C746 71 633 25 500 25 371 25 258 71 163 162 71 254 25 367 25 500 25 633 71 746 163 837 254 929 367 979 500 979 633 979 746 933 838 837 929 746 975 633 975 500 975 367 929 254 838 162M808 192C892 279 933 379 933 500 933 621 892 725 808 808 725 892 621 938 500 938 379 938 279 896 196 808 113 725 67 621 67 500 67 379 108 279 196 192 279 108 383 62 500 62 621 62 721 108 808 192M438 392V642L642 517 438 392Z\"><\/path><\/svg>\t\t\t\t\t\t<\/div>\n\t\t\t\t\t\t\t\t\t<\/div>\n\t\t\t\t\t<\/div>\n\t\t\t\t\t\t<\/div>\n\t\t\t\t<\/div>\n\t\t\t\t\t<\/div>\n\t\t\t\t<\/div>\n\t\t\t\t<\/div>","protected":false},"excerpt":{"rendered":"<p>No bajes de la cama Hector Garc\u00eda Mario \u00e9s un adolescent que passa hores a la nit mirant v\u00eddeos al seu tel\u00e8fon m\u00f2bil. En un d&#8217;aquests v\u00eddeos, apareix un nen advertint que hi ha diversos nens desapareguts al seu barri. \u00c9s aleshores quan Mario es d\u00f3na compte que no est\u00e0 sol a l&#8217;habitaci\u00f3. Hi ha<\/p>\n<div class=\"klb-readmore post-buttons\"><a class=\"btn btn-black btn-rounded\" href=\"https:\/\/ametllafilmfest.com\/en\/curtmetratges-no-bajes-de-la-cama\/\">Read More <i class=\"klbth-icon-right-arrow\"><\/i><\/a><\/div>","protected":false},"author":1,"featured_media":0,"parent":0,"menu_order":0,"comment_status":"closed","ping_status":"closed","template":"elementor_theme","meta":{"footnotes":""},"class_list":["post-2682","page","type-page","status-publish","hentry"],"_links":{"self":[{"href":"https:\/\/ametllafilmfest.com\/en\/wp-json\/wp\/v2\/pages\/2682","targetHints":{"allow":["GET"]}}],"collection":[{"href":"https:\/\/ametllafilmfest.com\/en\/wp-json\/wp\/v2\/pages"}],"about":[{"href":"https:\/\/ametllafilmfest.com\/en\/wp-json\/wp\/v2\/types\/page"}],"author":[{"embeddable":true,"href":"https:\/\/ametllafilmfest.com\/en\/wp-json\/wp\/v2\/users\/1"}],"replies":[{"embeddable":true,"href":"https:\/\/ametllafilmfest.com\/en\/wp-json\/wp\/v2\/comments?post=2682"}],"version-history":[{"count":5,"href":"https:\/\/ametllafilmfest.com\/en\/wp-json\/wp\/v2\/pages\/2682\/revisions"}],"predecessor-version":[{"id":3246,"href":"https:\/\/ametllafilmfest.com\/en\/wp-json\/wp\/v2\/pages\/2682\/revisions\/3246"}],"wp:attachment":[{"href":"https:\/\/ametllafilmfest.com\/en\/wp-json\/wp\/v2\/media?parent=2682"}],"curies":[{"name":"wp","href":"https:\/\/api.w.org\/{rel}","templated":true}]}}