{"id":2771,"date":"2025-03-31T20:29:19","date_gmt":"2025-03-31T20:29:19","guid":{"rendered":"https:\/\/ametllafilmfest.com\/?page_id=2771"},"modified":"2025-03-31T20:33:34","modified_gmt":"2025-03-31T20:33:34","slug":"curtmetratges-la-maternal","status":"publish","type":"page","link":"https:\/\/ametllafilmfest.com\/en\/curtmetratges-la-maternal\/","title":{"rendered":"La Maternal"},"content":{"rendered":"<div data-elementor-type=\"wp-page\" data-elementor-id=\"2771\" class=\"elementor elementor-2771\">\n\t\t\t\t<div class=\"elementor-element elementor-element-4cc8c943 e-flex e-con-boxed e-con e-parent\" data-id=\"4cc8c943\" data-element_type=\"container\">\n\t\t\t\t\t<div class=\"e-con-inner\">\n\t\t<div class=\"elementor-element elementor-element-4b41aca e-con-full e-flex e-con e-child\" data-id=\"4b41aca\" data-element_type=\"container\">\n\t\t\t\t<div class=\"elementor-element elementor-element-7f71a459 elementor-widget elementor-widget-spacer\" data-id=\"7f71a459\" data-element_type=\"widget\" data-widget_type=\"spacer.default\">\n\t\t\t\t<div class=\"elementor-widget-container\">\n\t\t\t\t\t\t\t<div class=\"elementor-spacer\">\n\t\t\t<div class=\"elementor-spacer-inner\"><\/div>\n\t\t<\/div>\n\t\t\t\t\t\t<\/div>\n\t\t\t\t<\/div>\n\t\t\t\t<\/div>\n\t\t\t\t\t<\/div>\n\t\t\t\t<\/div>\n\t\t<div class=\"elementor-element elementor-element-5a977ae0 e-flex e-con-boxed e-con e-parent\" data-id=\"5a977ae0\" data-element_type=\"container\">\n\t\t\t\t\t<div class=\"e-con-inner\">\n\t\t<div class=\"elementor-element elementor-element-45f99fe2 e-con-full e-flex e-con e-child\" data-id=\"45f99fe2\" data-element_type=\"container\">\n\t\t\t\t<div class=\"elementor-element elementor-element-4f6e3b43 elementor-widget elementor-widget-fynode-image-box\" data-id=\"4f6e3b43\" data-element_type=\"widget\" data-widget_type=\"fynode-image-box.default\">\n\t\t\t\t<div class=\"elementor-widget-container\">\n\t\t\t\t\t<div class=\"site-image-content\"><div class=\"entry-media\"><a href=\"\" ><img decoding=\"async\" src=\"https:\/\/ametllafilmfest.com\/wp-content\/uploads\/2025\/03\/La_maternal-207986953-large.jpg\"><\/a><\/div><!-- entry-media --><div class=\"entry-content\"><\/div><!-- entry-content --><\/div><!-- site-image-content -->\t\t\t\t<\/div>\n\t\t\t\t<\/div>\n\t\t\t\t<\/div>\n\t\t\t\t\t<\/div>\n\t\t\t\t<\/div>\n\t\t<div class=\"elementor-element elementor-element-29bbc6b3 e-flex e-con-boxed e-con e-parent\" data-id=\"29bbc6b3\" data-element_type=\"container\">\n\t\t\t\t\t<div class=\"e-con-inner\">\n\t\t<div class=\"elementor-element elementor-element-b47b29a e-con-full e-flex e-con e-child\" data-id=\"b47b29a\" data-element_type=\"container\">\n\t\t\t\t<div class=\"elementor-element elementor-element-218918cf elementor-widget elementor-widget-heading\" data-id=\"218918cf\" data-element_type=\"widget\" data-widget_type=\"heading.default\">\n\t\t\t\t<div class=\"elementor-widget-container\">\n\t\t\t\t\t<h2 class=\"elementor-heading-title elementor-size-default\">La Maternal<\/h2>\t\t\t\t<\/div>\n\t\t\t\t<\/div>\n\t\t\t\t<\/div>\n\t\t\t\t\t<\/div>\n\t\t\t\t<\/div>\n\t\t<div class=\"elementor-element elementor-element-b788493 e-flex e-con-boxed e-con e-parent\" data-id=\"b788493\" data-element_type=\"container\">\n\t\t\t\t\t<div class=\"e-con-inner\">\n\t\t<div class=\"elementor-element elementor-element-61014314 e-con-full e-flex e-con e-child\" data-id=\"61014314\" data-element_type=\"container\">\n\t\t<div class=\"elementor-element elementor-element-656800d9 e-con-full e-flex e-con e-child\" data-id=\"656800d9\" data-element_type=\"container\">\n\t\t\t\t<div class=\"elementor-element elementor-element-58e4ecd8 elementor-widget elementor-widget-fynode-custom-title\" data-id=\"58e4ecd8\" data-element_type=\"widget\" data-widget_type=\"fynode-custom-title.default\">\n\t\t\t\t<div class=\"elementor-widget-container\">\n\t\t\t\t\t<div class=\"site-module-header fynode-custom-title\"><div class=\"column\"><h3 class=\"entry-title\">Pilar Palomero<\/h3><\/div><!-- column --><div class=\"column\"><div class=\"entry-description\"><p>Carla, a 14-year-old girl, faces life with rebellion and defiance. She lives with her single mother in a roadside restaurant, far from a conventional childhood, skipping school and spending time with her friend Efra\u00edn. But her life takes an unexpected turn when a social worker discovers that she is five months pregnant. Admitted to La Maternal, a center for teenage mothers, Carla will have to face an unknown reality and grow up overnight. Alongside other young mothers and their babies, she will discover the hardships and emotions of motherhood in an intense journey toward adulthood for which no one has prepared them. A sensitive and powerful drama directed by Pilar Palomero, focusing on second chances, the strength of sisterhood, and the passage from adolescence to maturity.<\/p><\/div><!-- entry-descriptio --><\/div><!-- column --><\/div>\t\t\t\t<\/div>\n\t\t\t\t<\/div>\n\t\t\t\t<\/div>\n\t\t\t\t<\/div>\n\t\t\t\t\t<\/div>\n\t\t\t\t<\/div>\n\t\t<div class=\"elementor-element elementor-element-16af2566 e-flex e-con-boxed e-con e-parent\" data-id=\"16af2566\" data-element_type=\"container\">\n\t\t\t\t\t<div class=\"e-con-inner\">\n\t\t<div class=\"elementor-element elementor-element-7d324368 e-con-full e-flex e-con e-child\" data-id=\"7d324368\" data-element_type=\"container\">\n\t\t<div class=\"elementor-element elementor-element-23b819c7 e-con-full e-flex e-con e-child\" data-id=\"23b819c7\" data-element_type=\"container\">\n\t\t<div class=\"elementor-element elementor-element-1cfe4835 e-con-full e-flex e-con e-child\" data-id=\"1cfe4835\" data-element_type=\"container\">\n\t\t\t\t<div class=\"elementor-element elementor-element-57191be2 elementor-widget-divider--view-line elementor-widget elementor-widget-divider\" data-id=\"57191be2\" data-element_type=\"widget\" data-widget_type=\"divider.default\">\n\t\t\t\t<div class=\"elementor-widget-container\">\n\t\t\t\t\t\t\t<div class=\"elementor-divider\">\n\t\t\t<span class=\"elementor-divider-separator\">\n\t\t\t\t\t\t<\/span>\n\t\t<\/div>\n\t\t\t\t\t\t<\/div>\n\t\t\t\t<\/div>\n\t\t\t\t<div class=\"elementor-element elementor-element-3edd8bc1 elementor-widget elementor-widget-fynode-custom-title\" data-id=\"3edd8bc1\" data-element_type=\"widget\" data-widget_type=\"fynode-custom-title.default\">\n\t\t\t\t<div class=\"elementor-widget-container\">\n\t\t\t\t\t<div class=\"site-module-header fynode-custom-title\"><div class=\"column\"><h3 class=\"entry-title\">Category<\/h3><\/div><!-- column --><div class=\"column\"><div class=\"entry-description\"><p>Fiction<\/p><\/div><!-- entry-descriptio --><\/div><!-- column --><\/div>\t\t\t\t<\/div>\n\t\t\t\t<\/div>\n\t\t\t\t<\/div>\n\t\t<div class=\"elementor-element elementor-element-72c751d1 e-con-full e-flex e-con e-child\" data-id=\"72c751d1\" data-element_type=\"container\">\n\t\t\t\t<div class=\"elementor-element elementor-element-364ef175 elementor-widget-divider--view-line elementor-widget elementor-widget-divider\" data-id=\"364ef175\" data-element_type=\"widget\" data-widget_type=\"divider.default\">\n\t\t\t\t<div class=\"elementor-widget-container\">\n\t\t\t\t\t\t\t<div class=\"elementor-divider\">\n\t\t\t<span class=\"elementor-divider-separator\">\n\t\t\t\t\t\t<\/span>\n\t\t<\/div>\n\t\t\t\t\t\t<\/div>\n\t\t\t\t<\/div>\n\t\t\t\t<div class=\"elementor-element elementor-element-5b2d72f3 elementor-widget elementor-widget-fynode-custom-title\" data-id=\"5b2d72f3\" data-element_type=\"widget\" data-widget_type=\"fynode-custom-title.default\">\n\t\t\t\t<div class=\"elementor-widget-container\">\n\t\t\t\t\t<div class=\"site-module-header fynode-custom-title\"><div class=\"column\"><h3 class=\"entry-title\">Genre<\/h3><\/div><!-- column --><div class=\"column\"><div class=\"entry-description\"><p>Drama<\/p><\/div><!-- entry-descriptio --><\/div><!-- column --><\/div>\t\t\t\t<\/div>\n\t\t\t\t<\/div>\n\t\t\t\t<\/div>\n\t\t<div class=\"elementor-element elementor-element-2219b05c e-con-full e-flex e-con e-child\" data-id=\"2219b05c\" data-element_type=\"container\">\n\t\t\t\t<div class=\"elementor-element elementor-element-21827893 elementor-widget-divider--view-line elementor-widget elementor-widget-divider\" data-id=\"21827893\" data-element_type=\"widget\" data-widget_type=\"divider.default\">\n\t\t\t\t<div class=\"elementor-widget-container\">\n\t\t\t\t\t\t\t<div class=\"elementor-divider\">\n\t\t\t<span class=\"elementor-divider-separator\">\n\t\t\t\t\t\t<\/span>\n\t\t<\/div>\n\t\t\t\t\t\t<\/div>\n\t\t\t\t<\/div>\n\t\t\t\t<div class=\"elementor-element elementor-element-7f95a34 elementor-widget elementor-widget-fynode-custom-title\" data-id=\"7f95a34\" data-element_type=\"widget\" data-widget_type=\"fynode-custom-title.default\">\n\t\t\t\t<div class=\"elementor-widget-container\">\n\t\t\t\t\t<div class=\"site-module-header fynode-custom-title\"><div class=\"column\"><h3 class=\"entry-title\">Theme<\/h3><\/div><!-- column --><div class=\"column\"><div class=\"entry-description\"><p>Adolescence, Motherhood, Family, Social issues, Women, Youth, Personal relationships.<\/p><\/div><!-- entry-descriptio --><\/div><!-- column --><\/div>\t\t\t\t<\/div>\n\t\t\t\t<\/div>\n\t\t\t\t<\/div>\n\t\t\t\t<\/div>\n\t\t\t\t<\/div>\n\t\t\t\t\t<\/div>\n\t\t\t\t<\/div>\n\t\t<div class=\"elementor-element elementor-element-329b6cc5 e-flex e-con-boxed e-con e-parent\" data-id=\"329b6cc5\" data-element_type=\"container\">\n\t\t\t\t\t<div class=\"e-con-inner\">\n\t\t\t\t<div class=\"elementor-element elementor-element-29d092ce elementor-widget elementor-widget-video\" data-id=\"29d092ce\" data-element_type=\"widget\" data-settings=\"{&quot;youtube_url&quot;:&quot;https:\\\/\\\/www.youtube.com\\\/watch?v=sE0Wr37E-eA&quot;,&quot;show_image_overlay&quot;:&quot;yes&quot;,&quot;image_overlay&quot;:{&quot;url&quot;:&quot;https:\\\/\\\/ametllafilmfest.com\\\/wp-content\\\/uploads\\\/2025\\\/03\\\/LaMaternal-00570-scaled.jpg&quot;,&quot;id&quot;:2773,&quot;size&quot;:&quot;&quot;,&quot;alt&quot;:&quot;&quot;,&quot;source&quot;:&quot;library&quot;},&quot;video_type&quot;:&quot;youtube&quot;,&quot;controls&quot;:&quot;yes&quot;}\" data-widget_type=\"video.default\">\n\t\t\t\t<div class=\"elementor-widget-container\">\n\t\t\t\t\t\t\t<div class=\"elementor-wrapper elementor-open-inline\">\n\t\t\t<div class=\"elementor-video\"><\/div>\t\t\t\t<div class=\"elementor-custom-embed-image-overlay\" style=\"background-image: url(https:\/\/ametllafilmfest.com\/wp-content\/uploads\/2025\/03\/LaMaternal-00570-scaled.jpg);\">\n\t\t\t\t\t\t\t\t\t\t\t\t\t\t\t\t<div class=\"elementor-custom-embed-play\" role=\"button\" aria-label=\"Reprodueix v\u00eddeo\" tabindex=\"0\">\n\t\t\t\t\t\t\t<svg aria-hidden=\"true\" class=\"e-font-icon-svg e-eicon-play\" viewbox=\"0 0 1000 1000\" xmlns=\"http:\/\/www.w3.org\/2000\/svg\"><path d=\"M838 162C746 71 633 25 500 25 371 25 258 71 163 162 71 254 25 367 25 500 25 633 71 746 163 837 254 929 367 979 500 979 633 979 746 933 838 837 929 746 975 633 975 500 975 367 929 254 838 162M808 192C892 279 933 379 933 500 933 621 892 725 808 808 725 892 621 938 500 938 379 938 279 896 196 808 113 725 67 621 67 500 67 379 108 279 196 192 279 108 383 62 500 62 621 62 721 108 808 192M438 392V642L642 517 438 392Z\"><\/path><\/svg>\t\t\t\t\t\t<\/div>\n\t\t\t\t\t\t\t\t\t<\/div>\n\t\t\t\t\t<\/div>\n\t\t\t\t\t\t<\/div>\n\t\t\t\t<\/div>\n\t\t\t\t\t<\/div>\n\t\t\t\t<\/div>\n\t\t\t\t<\/div>","protected":false},"excerpt":{"rendered":"<p>La Maternal Pilar Palomero Carla, una jove de 14 anys, afronta la vida amb rebel\u00b7lia i desafiament. Viu amb la seva mare soltera en un restaurant de carretera, lluny d\u2019una inf\u00e0ncia convencional, mentre falta a classe i passa el temps amb el seu amic Efra\u00edn. Per\u00f2 la seva vida fa un gir inesperat quan una<\/p>\n<div class=\"klb-readmore post-buttons\"><a class=\"btn btn-black btn-rounded\" href=\"https:\/\/ametllafilmfest.com\/en\/curtmetratges-la-maternal\/\">Read More <i class=\"klbth-icon-right-arrow\"><\/i><\/a><\/div>","protected":false},"author":1,"featured_media":0,"parent":0,"menu_order":0,"comment_status":"closed","ping_status":"closed","template":"elementor_theme","meta":{"footnotes":""},"class_list":["post-2771","page","type-page","status-publish","hentry"],"_links":{"self":[{"href":"https:\/\/ametllafilmfest.com\/en\/wp-json\/wp\/v2\/pages\/2771","targetHints":{"allow":["GET"]}}],"collection":[{"href":"https:\/\/ametllafilmfest.com\/en\/wp-json\/wp\/v2\/pages"}],"about":[{"href":"https:\/\/ametllafilmfest.com\/en\/wp-json\/wp\/v2\/types\/page"}],"author":[{"embeddable":true,"href":"https:\/\/ametllafilmfest.com\/en\/wp-json\/wp\/v2\/users\/1"}],"replies":[{"embeddable":true,"href":"https:\/\/ametllafilmfest.com\/en\/wp-json\/wp\/v2\/comments?post=2771"}],"version-history":[{"count":5,"href":"https:\/\/ametllafilmfest.com\/en\/wp-json\/wp\/v2\/pages\/2771\/revisions"}],"predecessor-version":[{"id":2777,"href":"https:\/\/ametllafilmfest.com\/en\/wp-json\/wp\/v2\/pages\/2771\/revisions\/2777"}],"wp:attachment":[{"href":"https:\/\/ametllafilmfest.com\/en\/wp-json\/wp\/v2\/media?parent=2771"}],"curies":[{"name":"wp","href":"https:\/\/api.w.org\/{rel}","templated":true}]}}