{"id":2911,"date":"2025-04-05T16:42:50","date_gmt":"2025-04-05T16:42:50","guid":{"rendered":"https:\/\/ametllafilmfest.com\/?page_id=2911"},"modified":"2025-04-14T16:30:07","modified_gmt":"2025-04-14T16:30:07","slug":"curtmetratges-tierra-humeda","status":"publish","type":"page","link":"https:\/\/ametllafilmfest.com\/en\/curtmetratges-tierra-humeda\/","title":{"rendered":"Curtmetratges | Tierra H\u00fameda"},"content":{"rendered":"<div data-elementor-type=\"wp-page\" data-elementor-id=\"2911\" class=\"elementor elementor-2911\">\n\t\t\t\t<div class=\"elementor-element elementor-element-5da91b2c e-flex e-con-boxed e-con e-parent\" data-id=\"5da91b2c\" data-element_type=\"container\">\n\t\t\t\t\t<div class=\"e-con-inner\">\n\t\t<div class=\"elementor-element elementor-element-c226acc e-con-full e-flex e-con e-child\" data-id=\"c226acc\" data-element_type=\"container\">\n\t\t\t\t<div class=\"elementor-element elementor-element-4b89cc60 elementor-widget elementor-widget-spacer\" data-id=\"4b89cc60\" data-element_type=\"widget\" data-widget_type=\"spacer.default\">\n\t\t\t\t<div class=\"elementor-widget-container\">\n\t\t\t\t\t\t\t<div class=\"elementor-spacer\">\n\t\t\t<div class=\"elementor-spacer-inner\"><\/div>\n\t\t<\/div>\n\t\t\t\t\t\t<\/div>\n\t\t\t\t<\/div>\n\t\t\t\t<\/div>\n\t\t\t\t\t<\/div>\n\t\t\t\t<\/div>\n\t\t<div class=\"elementor-element elementor-element-3725a59e e-flex e-con-boxed e-con e-parent\" data-id=\"3725a59e\" data-element_type=\"container\">\n\t\t\t\t\t<div class=\"e-con-inner\">\n\t\t<div class=\"elementor-element elementor-element-52b97e7f e-con-full e-flex e-con e-child\" data-id=\"52b97e7f\" data-element_type=\"container\">\n\t\t\t\t<div class=\"elementor-element elementor-element-2804609 elementor-widget elementor-widget-fynode-image-box\" data-id=\"2804609\" data-element_type=\"widget\" data-widget_type=\"fynode-image-box.default\">\n\t\t\t\t<div class=\"elementor-widget-container\">\n\t\t\t\t\t<div class=\"site-image-content\"><div class=\"entry-media\"><a href=\"\" ><img decoding=\"async\" src=\"https:\/\/ametllafilmfest.com\/wp-content\/uploads\/2025\/04\/80-poster_TIERRA-HUMEDA.jpg\"><\/a><\/div><!-- entry-media --><div class=\"entry-content\"><\/div><!-- entry-content --><\/div><!-- site-image-content -->\t\t\t\t<\/div>\n\t\t\t\t<\/div>\n\t\t\t\t<\/div>\n\t\t\t\t\t<\/div>\n\t\t\t\t<\/div>\n\t\t<div class=\"elementor-element elementor-element-217875b e-flex e-con-boxed e-con e-parent\" data-id=\"217875b\" data-element_type=\"container\">\n\t\t\t\t\t<div class=\"e-con-inner\">\n\t\t<div class=\"elementor-element elementor-element-7433637 e-con-full e-flex e-con e-child\" data-id=\"7433637\" data-element_type=\"container\">\n\t\t\t\t<div class=\"elementor-element elementor-element-265e0883 elementor-widget elementor-widget-heading\" data-id=\"265e0883\" data-element_type=\"widget\" data-widget_type=\"heading.default\">\n\t\t\t\t<div class=\"elementor-widget-container\">\n\t\t\t\t\t<h2 class=\"elementor-heading-title elementor-size-default\">Tierra H\u00fameda<\/h2>\t\t\t\t<\/div>\n\t\t\t\t<\/div>\n\t\t\t\t<\/div>\n\t\t\t\t\t<\/div>\n\t\t\t\t<\/div>\n\t\t<div class=\"elementor-element elementor-element-6c1f7a6d e-flex e-con-boxed e-con e-parent\" data-id=\"6c1f7a6d\" data-element_type=\"container\">\n\t\t\t\t\t<div class=\"e-con-inner\">\n\t\t<div class=\"elementor-element elementor-element-186aaa6a e-con-full e-flex e-con e-child\" data-id=\"186aaa6a\" data-element_type=\"container\">\n\t\t<div class=\"elementor-element elementor-element-6f262be0 e-con-full e-flex e-con e-child\" data-id=\"6f262be0\" data-element_type=\"container\">\n\t\t\t\t<div class=\"elementor-element elementor-element-216b022c elementor-widget elementor-widget-fynode-custom-title\" data-id=\"216b022c\" data-element_type=\"widget\" data-widget_type=\"fynode-custom-title.default\">\n\t\t\t\t<div class=\"elementor-widget-container\">\n\t\t\t\t\t<div class=\"site-module-header fynode-custom-title\"><div class=\"column\"><h3 class=\"entry-title\">David Mendiz\u00e1bal <\/h3><\/div><!-- column --><div class=\"column\"><div class=\"entry-description\"><p>After the death of her husband, Nagore (70 years old) takes advantage of this new freedom to reconnect with the main driving force of her life: the family home. A home that represents a legacy for her daughter and granddaughter, and proof that, throughout her life, she has been able to \"create something.\" However, her body and time try to warn her that a new stage has arrived. The loss of autonomy is a harsh blow for Nagore, who will try to fight against the passage of time and, unknowingly, also against her own family. This story explores themes such as generational displacement, the loss of autonomy, and the complexity of family relationships as old age causes profound changes in the dynamics between parents, children, and grandchildren.<\/p><\/div><!-- entry-descriptio --><\/div><!-- column --><\/div>\t\t\t\t<\/div>\n\t\t\t\t<\/div>\n\t\t\t\t<\/div>\n\t\t\t\t<\/div>\n\t\t\t\t\t<\/div>\n\t\t\t\t<\/div>\n\t\t<div class=\"elementor-element elementor-element-3e76858f e-flex e-con-boxed e-con e-parent\" data-id=\"3e76858f\" data-element_type=\"container\">\n\t\t\t\t\t<div class=\"e-con-inner\">\n\t\t<div class=\"elementor-element elementor-element-7cc95c77 e-con-full e-flex e-con e-child\" data-id=\"7cc95c77\" data-element_type=\"container\">\n\t\t<div class=\"elementor-element elementor-element-6fda820 e-con-full e-flex e-con e-child\" data-id=\"6fda820\" data-element_type=\"container\">\n\t\t<div class=\"elementor-element elementor-element-607c3d3f e-con-full e-flex e-con e-child\" data-id=\"607c3d3f\" data-element_type=\"container\">\n\t\t\t\t<div class=\"elementor-element elementor-element-68801bbe elementor-widget-divider--view-line elementor-widget elementor-widget-divider\" data-id=\"68801bbe\" data-element_type=\"widget\" data-widget_type=\"divider.default\">\n\t\t\t\t<div class=\"elementor-widget-container\">\n\t\t\t\t\t\t\t<div class=\"elementor-divider\">\n\t\t\t<span class=\"elementor-divider-separator\">\n\t\t\t\t\t\t<\/span>\n\t\t<\/div>\n\t\t\t\t\t\t<\/div>\n\t\t\t\t<\/div>\n\t\t\t\t<div class=\"elementor-element elementor-element-2ac860d6 elementor-widget elementor-widget-fynode-custom-title\" data-id=\"2ac860d6\" data-element_type=\"widget\" data-widget_type=\"fynode-custom-title.default\">\n\t\t\t\t<div class=\"elementor-widget-container\">\n\t\t\t\t\t<div class=\"site-module-header fynode-custom-title\"><div class=\"column\"><h3 class=\"entry-title\">Category<\/h3><\/div><!-- column --><div class=\"column\"><div class=\"entry-description\"><p>Fiction<\/p><\/div><!-- entry-descriptio --><\/div><!-- column --><\/div>\t\t\t\t<\/div>\n\t\t\t\t<\/div>\n\t\t\t\t<\/div>\n\t\t<div class=\"elementor-element elementor-element-3606cde7 e-con-full e-flex e-con e-child\" data-id=\"3606cde7\" data-element_type=\"container\">\n\t\t\t\t<div class=\"elementor-element elementor-element-1db95f81 elementor-widget-divider--view-line elementor-widget elementor-widget-divider\" data-id=\"1db95f81\" data-element_type=\"widget\" data-widget_type=\"divider.default\">\n\t\t\t\t<div class=\"elementor-widget-container\">\n\t\t\t\t\t\t\t<div class=\"elementor-divider\">\n\t\t\t<span class=\"elementor-divider-separator\">\n\t\t\t\t\t\t<\/span>\n\t\t<\/div>\n\t\t\t\t\t\t<\/div>\n\t\t\t\t<\/div>\n\t\t\t\t<div class=\"elementor-element elementor-element-1bfd2dbe elementor-widget elementor-widget-fynode-custom-title\" data-id=\"1bfd2dbe\" data-element_type=\"widget\" data-widget_type=\"fynode-custom-title.default\">\n\t\t\t\t<div class=\"elementor-widget-container\">\n\t\t\t\t\t<div class=\"site-module-header fynode-custom-title\"><div class=\"column\"><h3 class=\"entry-title\">Genre<\/h3><\/div><!-- column --><div class=\"column\"><div class=\"entry-description\"><p>Drama, Portrait<\/p><\/div><!-- entry-descriptio --><\/div><!-- column --><\/div>\t\t\t\t<\/div>\n\t\t\t\t<\/div>\n\t\t\t\t<\/div>\n\t\t<div class=\"elementor-element elementor-element-28f22489 e-con-full e-flex e-con e-child\" data-id=\"28f22489\" data-element_type=\"container\">\n\t\t\t\t<div class=\"elementor-element elementor-element-7a9f7ae4 elementor-widget-divider--view-line elementor-widget elementor-widget-divider\" data-id=\"7a9f7ae4\" data-element_type=\"widget\" data-widget_type=\"divider.default\">\n\t\t\t\t<div class=\"elementor-widget-container\">\n\t\t\t\t\t\t\t<div class=\"elementor-divider\">\n\t\t\t<span class=\"elementor-divider-separator\">\n\t\t\t\t\t\t<\/span>\n\t\t<\/div>\n\t\t\t\t\t\t<\/div>\n\t\t\t\t<\/div>\n\t\t\t\t<div class=\"elementor-element elementor-element-2d3f6d88 elementor-widget elementor-widget-fynode-custom-title\" data-id=\"2d3f6d88\" data-element_type=\"widget\" data-widget_type=\"fynode-custom-title.default\">\n\t\t\t\t<div class=\"elementor-widget-container\">\n\t\t\t\t\t<div class=\"site-module-header fynode-custom-title\"><div class=\"column\"><h3 class=\"entry-title\">Theme<\/h3><\/div><!-- column --><div class=\"column\"><div class=\"entry-description\"><p>Low Budget, Countryside, Illness, Family, Relationships, Solitude, Old Age.\n\n\n\n\n<\/p><\/div><!-- entry-descriptio --><\/div><!-- column --><\/div>\t\t\t\t<\/div>\n\t\t\t\t<\/div>\n\t\t\t\t<\/div>\n\t\t\t\t<\/div>\n\t\t\t\t<\/div>\n\t\t\t\t\t<\/div>\n\t\t\t\t<\/div>\n\t\t<div class=\"elementor-element elementor-element-42f24700 e-flex e-con-boxed e-con e-parent\" data-id=\"42f24700\" data-element_type=\"container\">\n\t\t\t\t\t<div class=\"e-con-inner\">\n\t\t\t\t<div class=\"elementor-element elementor-element-713b2dc4 elementor-widget elementor-widget-video\" data-id=\"713b2dc4\" data-element_type=\"widget\" data-settings=\"{&quot;video_type&quot;:&quot;hosted&quot;,&quot;show_image_overlay&quot;:&quot;yes&quot;,&quot;image_overlay&quot;:{&quot;url&quot;:&quot;https:\\\/\\\/ametllafilmfest.com\\\/wp-content\\\/uploads\\\/2025\\\/04\\\/80-frame1_TIERRA-HUMEDA.jpg&quot;,&quot;id&quot;:2914,&quot;size&quot;:&quot;&quot;,&quot;alt&quot;:&quot;&quot;,&quot;source&quot;:&quot;library&quot;},&quot;controls&quot;:&quot;yes&quot;}\" data-widget_type=\"video.default\">\n\t\t\t\t<div class=\"elementor-widget-container\">\n\t\t\t\t\t\t\t<div class=\"e-hosted-video elementor-wrapper elementor-open-inline\">\n\t\t\t\t\t<video class=\"elementor-video\" src=\"https:\/\/ametllafilmfest.com\/wp-content\/uploads\/2025\/04\/TierraHumeda_Teaser.mov\" controls=\"\" preload=\"metadata\" controlslist=\"nodownload\"><\/video>\n\t\t\t\t\t\t<div class=\"elementor-custom-embed-image-overlay\" style=\"background-image: url(https:\/\/ametllafilmfest.com\/wp-content\/uploads\/2025\/04\/80-frame1_TIERRA-HUMEDA.jpg);\">\n\t\t\t\t\t\t\t\t\t\t\t\t\t\t\t\t<div class=\"elementor-custom-embed-play\" role=\"button\" aria-label=\"Play Video\" tabindex=\"0\" data-no-translation-aria-label=\"\">\n\t\t\t\t\t\t\t<svg aria-hidden=\"true\" class=\"e-font-icon-svg e-eicon-play\" viewbox=\"0 0 1000 1000\" xmlns=\"http:\/\/www.w3.org\/2000\/svg\"><path d=\"M838 162C746 71 633 25 500 25 371 25 258 71 163 162 71 254 25 367 25 500 25 633 71 746 163 837 254 929 367 979 500 979 633 979 746 933 838 837 929 746 975 633 975 500 975 367 929 254 838 162M808 192C892 279 933 379 933 500 933 621 892 725 808 808 725 892 621 938 500 938 379 938 279 896 196 808 113 725 67 621 67 500 67 379 108 279 196 192 279 108 383 62 500 62 621 62 721 108 808 192M438 392V642L642 517 438 392Z\"><\/path><\/svg>\t\t\t\t\t\t<\/div>\n\t\t\t\t\t\t\t\t\t<\/div>\n\t\t\t\t\t<\/div>\n\t\t\t\t\t\t<\/div>\n\t\t\t\t<\/div>\n\t\t\t\t\t<\/div>\n\t\t\t\t<\/div>\n\t\t\t\t<\/div>","protected":false},"excerpt":{"rendered":"<p>Tierra H\u00fameda David Mendiz\u00e1bal Despr\u00e9s de la mort del seu marit, la Nagore (70) aprofita aquesta nova llibertat per reconnectar amb el principal motor de la seva vida: la casa familiar. Una llar que representa un llegat per a la seva filla i la seva neta, i una prova que, al llarg de la seva<\/p>\n<div class=\"klb-readmore post-buttons\"><a class=\"btn btn-black btn-rounded\" href=\"https:\/\/ametllafilmfest.com\/en\/curtmetratges-tierra-humeda\/\">Read More <i class=\"klbth-icon-right-arrow\"><\/i><\/a><\/div>","protected":false},"author":1,"featured_media":0,"parent":0,"menu_order":0,"comment_status":"closed","ping_status":"closed","template":"elementor_theme","meta":{"footnotes":""},"class_list":["post-2911","page","type-page","status-publish","hentry"],"_links":{"self":[{"href":"https:\/\/ametllafilmfest.com\/en\/wp-json\/wp\/v2\/pages\/2911","targetHints":{"allow":["GET"]}}],"collection":[{"href":"https:\/\/ametllafilmfest.com\/en\/wp-json\/wp\/v2\/pages"}],"about":[{"href":"https:\/\/ametllafilmfest.com\/en\/wp-json\/wp\/v2\/types\/page"}],"author":[{"embeddable":true,"href":"https:\/\/ametllafilmfest.com\/en\/wp-json\/wp\/v2\/users\/1"}],"replies":[{"embeddable":true,"href":"https:\/\/ametllafilmfest.com\/en\/wp-json\/wp\/v2\/comments?post=2911"}],"version-history":[{"count":5,"href":"https:\/\/ametllafilmfest.com\/en\/wp-json\/wp\/v2\/pages\/2911\/revisions"}],"predecessor-version":[{"id":3254,"href":"https:\/\/ametllafilmfest.com\/en\/wp-json\/wp\/v2\/pages\/2911\/revisions\/3254"}],"wp:attachment":[{"href":"https:\/\/ametllafilmfest.com\/en\/wp-json\/wp\/v2\/media?parent=2911"}],"curies":[{"name":"wp","href":"https:\/\/api.w.org\/{rel}","templated":true}]}}