{"id":2923,"date":"2025-04-05T16:54:15","date_gmt":"2025-04-05T16:54:15","guid":{"rendered":"https:\/\/ametllafilmfest.com\/?page_id=2923"},"modified":"2025-04-05T16:59:53","modified_gmt":"2025-04-05T16:59:53","slug":"curtmetratges-watermelon-shoot","status":"publish","type":"page","link":"https:\/\/ametllafilmfest.com\/en\/curtmetratges-watermelon-shoot\/","title":{"rendered":"Curtmetratges | Watermelon Shoot"},"content":{"rendered":"<div data-elementor-type=\"wp-page\" data-elementor-id=\"2923\" class=\"elementor elementor-2923\">\n\t\t\t\t<div class=\"elementor-element elementor-element-4d22affe e-flex e-con-boxed e-con e-parent\" data-id=\"4d22affe\" data-element_type=\"container\">\n\t\t\t\t\t<div class=\"e-con-inner\">\n\t\t<div class=\"elementor-element elementor-element-52ff1ab6 e-con-full e-flex e-con e-child\" data-id=\"52ff1ab6\" data-element_type=\"container\">\n\t\t\t\t<div class=\"elementor-element elementor-element-4432abff elementor-widget elementor-widget-spacer\" data-id=\"4432abff\" data-element_type=\"widget\" data-widget_type=\"spacer.default\">\n\t\t\t\t<div class=\"elementor-widget-container\">\n\t\t\t\t\t\t\t<div class=\"elementor-spacer\">\n\t\t\t<div class=\"elementor-spacer-inner\"><\/div>\n\t\t<\/div>\n\t\t\t\t\t\t<\/div>\n\t\t\t\t<\/div>\n\t\t\t\t<\/div>\n\t\t\t\t\t<\/div>\n\t\t\t\t<\/div>\n\t\t<div class=\"elementor-element elementor-element-45174468 e-flex e-con-boxed e-con e-parent\" data-id=\"45174468\" data-element_type=\"container\">\n\t\t\t\t\t<div class=\"e-con-inner\">\n\t\t<div class=\"elementor-element elementor-element-775c66ff e-con-full e-flex e-con e-child\" data-id=\"775c66ff\" data-element_type=\"container\">\n\t\t\t\t<div class=\"elementor-element elementor-element-4dd991bd elementor-widget elementor-widget-fynode-image-box\" data-id=\"4dd991bd\" data-element_type=\"widget\" data-widget_type=\"fynode-image-box.default\">\n\t\t\t\t<div class=\"elementor-widget-container\">\n\t\t\t\t\t<div class=\"site-image-content\"><div class=\"entry-media\"><a href=\"\" ><img decoding=\"async\" src=\"https:\/\/ametllafilmfest.com\/wp-content\/uploads\/2025\/04\/286-poster_WATERMELON-SHOOT-scaled.jpg\"><\/a><\/div><!-- entry-media --><div class=\"entry-content\"><\/div><!-- entry-content --><\/div><!-- site-image-content -->\t\t\t\t<\/div>\n\t\t\t\t<\/div>\n\t\t\t\t<\/div>\n\t\t\t\t\t<\/div>\n\t\t\t\t<\/div>\n\t\t<div class=\"elementor-element elementor-element-68e73cc e-flex e-con-boxed e-con e-parent\" data-id=\"68e73cc\" data-element_type=\"container\">\n\t\t\t\t\t<div class=\"e-con-inner\">\n\t\t<div class=\"elementor-element elementor-element-11e5cb21 e-con-full e-flex e-con e-child\" data-id=\"11e5cb21\" data-element_type=\"container\">\n\t\t\t\t<div class=\"elementor-element elementor-element-55d4a3b1 elementor-widget elementor-widget-heading\" data-id=\"55d4a3b1\" data-element_type=\"widget\" data-widget_type=\"heading.default\">\n\t\t\t\t<div class=\"elementor-widget-container\">\n\t\t\t\t\t<h2 class=\"elementor-heading-title elementor-size-default\">Watermelon Shoot<\/h2>\t\t\t\t<\/div>\n\t\t\t\t<\/div>\n\t\t\t\t<\/div>\n\t\t\t\t\t<\/div>\n\t\t\t\t<\/div>\n\t\t<div class=\"elementor-element elementor-element-33835491 e-flex e-con-boxed e-con e-parent\" data-id=\"33835491\" data-element_type=\"container\">\n\t\t\t\t\t<div class=\"e-con-inner\">\n\t\t<div class=\"elementor-element elementor-element-4ae4509a e-con-full e-flex e-con e-child\" data-id=\"4ae4509a\" data-element_type=\"container\">\n\t\t<div class=\"elementor-element elementor-element-577255af e-con-full e-flex e-con e-child\" data-id=\"577255af\" data-element_type=\"container\">\n\t\t\t\t<div class=\"elementor-element elementor-element-7f1cc6db elementor-widget elementor-widget-fynode-custom-title\" data-id=\"7f1cc6db\" data-element_type=\"widget\" data-widget_type=\"fynode-custom-title.default\">\n\t\t\t\t<div class=\"elementor-widget-container\">\n\t\t\t\t\t<div class=\"site-module-header fynode-custom-title\"><div class=\"column\"><h3 class=\"entry-title\">Xavi Herrera<\/h3><\/div><!-- column --><div class=\"column\"><div class=\"entry-description\"><p>Max, accompanied by his companions Aron, Lisa, and Ram \u2014 an actor who has achieved success in Indian B-movies \u2014 heads to the desert to shoot their movie, filled with oversized ambitions. But once there, they discover that making it a reality will be much harder than they had imagined, and they find themselves surrounded by a void that goes beyond the landscape. Ram's drug problems, Aron's sadness following an accident, and Lisa's frustrated love will become added obstacles in their fight to make the project a reality. This is a film about the limits of dreams, the wounds we carry, and the desire to create despite it all.\n\n<\/p><\/div><!-- entry-descriptio --><\/div><!-- column --><\/div>\t\t\t\t<\/div>\n\t\t\t\t<\/div>\n\t\t\t\t<\/div>\n\t\t\t\t<\/div>\n\t\t\t\t\t<\/div>\n\t\t\t\t<\/div>\n\t\t<div class=\"elementor-element elementor-element-19b81de3 e-flex e-con-boxed e-con e-parent\" data-id=\"19b81de3\" data-element_type=\"container\">\n\t\t\t\t\t<div class=\"e-con-inner\">\n\t\t<div class=\"elementor-element elementor-element-366ace61 e-con-full e-flex e-con e-child\" data-id=\"366ace61\" data-element_type=\"container\">\n\t\t<div class=\"elementor-element elementor-element-57f7792b e-con-full e-flex e-con e-child\" data-id=\"57f7792b\" data-element_type=\"container\">\n\t\t<div class=\"elementor-element elementor-element-5ef41718 e-con-full e-flex e-con e-child\" data-id=\"5ef41718\" data-element_type=\"container\">\n\t\t\t\t<div class=\"elementor-element elementor-element-14056e4d elementor-widget-divider--view-line elementor-widget elementor-widget-divider\" data-id=\"14056e4d\" data-element_type=\"widget\" data-widget_type=\"divider.default\">\n\t\t\t\t<div class=\"elementor-widget-container\">\n\t\t\t\t\t\t\t<div class=\"elementor-divider\">\n\t\t\t<span class=\"elementor-divider-separator\">\n\t\t\t\t\t\t<\/span>\n\t\t<\/div>\n\t\t\t\t\t\t<\/div>\n\t\t\t\t<\/div>\n\t\t\t\t<div class=\"elementor-element elementor-element-2cd9dd84 elementor-widget elementor-widget-fynode-custom-title\" data-id=\"2cd9dd84\" data-element_type=\"widget\" data-widget_type=\"fynode-custom-title.default\">\n\t\t\t\t<div class=\"elementor-widget-container\">\n\t\t\t\t\t<div class=\"site-module-header fynode-custom-title\"><div class=\"column\"><h3 class=\"entry-title\">Category<\/h3><\/div><!-- column --><div class=\"column\"><div class=\"entry-description\"><p>Fiction<\/p><\/div><!-- entry-descriptio --><\/div><!-- column --><\/div>\t\t\t\t<\/div>\n\t\t\t\t<\/div>\n\t\t\t\t<\/div>\n\t\t<div class=\"elementor-element elementor-element-7a373e68 e-con-full e-flex e-con e-child\" data-id=\"7a373e68\" data-element_type=\"container\">\n\t\t\t\t<div class=\"elementor-element elementor-element-1e35068f elementor-widget-divider--view-line elementor-widget elementor-widget-divider\" data-id=\"1e35068f\" data-element_type=\"widget\" data-widget_type=\"divider.default\">\n\t\t\t\t<div class=\"elementor-widget-container\">\n\t\t\t\t\t\t\t<div class=\"elementor-divider\">\n\t\t\t<span class=\"elementor-divider-separator\">\n\t\t\t\t\t\t<\/span>\n\t\t<\/div>\n\t\t\t\t\t\t<\/div>\n\t\t\t\t<\/div>\n\t\t\t\t<div class=\"elementor-element elementor-element-6ef64002 elementor-widget elementor-widget-fynode-custom-title\" data-id=\"6ef64002\" data-element_type=\"widget\" data-widget_type=\"fynode-custom-title.default\">\n\t\t\t\t<div class=\"elementor-widget-container\">\n\t\t\t\t\t<div class=\"site-module-header fynode-custom-title\"><div class=\"column\"><h3 class=\"entry-title\">Genre<\/h3><\/div><!-- column --><div class=\"column\"><div class=\"entry-description\"><p>Comedy, Drama, Fantasy, Portrait\n<\/p><\/div><!-- entry-descriptio --><\/div><!-- column --><\/div>\t\t\t\t<\/div>\n\t\t\t\t<\/div>\n\t\t\t\t<\/div>\n\t\t<div class=\"elementor-element elementor-element-531d5fa3 e-con-full e-flex e-con e-child\" data-id=\"531d5fa3\" data-element_type=\"container\">\n\t\t\t\t<div class=\"elementor-element elementor-element-57b80b43 elementor-widget-divider--view-line elementor-widget elementor-widget-divider\" data-id=\"57b80b43\" data-element_type=\"widget\" data-widget_type=\"divider.default\">\n\t\t\t\t<div class=\"elementor-widget-container\">\n\t\t\t\t\t\t\t<div class=\"elementor-divider\">\n\t\t\t<span class=\"elementor-divider-separator\">\n\t\t\t\t\t\t<\/span>\n\t\t<\/div>\n\t\t\t\t\t\t<\/div>\n\t\t\t\t<\/div>\n\t\t\t\t<div class=\"elementor-element elementor-element-3b7f63cc elementor-widget elementor-widget-fynode-custom-title\" data-id=\"3b7f63cc\" data-element_type=\"widget\" data-widget_type=\"fynode-custom-title.default\">\n\t\t\t\t<div class=\"elementor-widget-container\">\n\t\t\t\t\t<div class=\"site-module-header fynode-custom-title\"><div class=\"column\"><h3 class=\"entry-title\">Theme<\/h3><\/div><!-- column --><div class=\"column\"><div class=\"entry-description\"><p>Drugs, Philosophy, Youth, Nature, Couples, Cinema, First Love, Psychology, Relationships, Solitude, Dreams, Journey\n\n\n<\/p><\/div><!-- entry-descriptio --><\/div><!-- column --><\/div>\t\t\t\t<\/div>\n\t\t\t\t<\/div>\n\t\t\t\t<\/div>\n\t\t\t\t<\/div>\n\t\t\t\t<\/div>\n\t\t\t\t\t<\/div>\n\t\t\t\t<\/div>\n\t\t<div class=\"elementor-element elementor-element-3f90e29b e-flex e-con-boxed e-con e-parent\" data-id=\"3f90e29b\" data-element_type=\"container\">\n\t\t\t\t\t<div class=\"e-con-inner\">\n\t\t\t\t<div class=\"elementor-element elementor-element-67bdb1c9 elementor-widget elementor-widget-video\" data-id=\"67bdb1c9\" data-element_type=\"widget\" data-settings=\"{&quot;video_type&quot;:&quot;vimeo&quot;,&quot;show_image_overlay&quot;:&quot;yes&quot;,&quot;image_overlay&quot;:{&quot;url&quot;:&quot;https:\\\/\\\/ametllafilmfest.com\\\/wp-content\\\/uploads\\\/2025\\\/04\\\/286-banner_WATERMELON-SHOOT.jpg&quot;,&quot;id&quot;:2926,&quot;size&quot;:&quot;&quot;,&quot;alt&quot;:&quot;&quot;,&quot;source&quot;:&quot;library&quot;}}\" data-widget_type=\"video.default\">\n\t\t\t\t<div class=\"elementor-widget-container\">\n\t\t\t\t\t\t\t<div class=\"elementor-wrapper elementor-open-inline\">\n\t\t\t<iframe class=\"elementor-video-iframe\" allowfullscreen allow=\"clipboard-write\" title=\"vimeo Video Player\" src=\"https:\/\/player.vimeo.com\/video\/1063612963?color&amp;autopause=0&amp;loop=0&amp;muted=0&amp;title=1&amp;portrait=1&amp;byline=1#t=\" data-no-translation-title=\"\"><\/iframe>\t\t\t\t<div class=\"elementor-custom-embed-image-overlay\" style=\"background-image: url(https:\/\/ametllafilmfest.com\/wp-content\/uploads\/2025\/04\/286-banner_WATERMELON-SHOOT.jpg);\">\n\t\t\t\t\t\t\t\t\t\t\t\t\t\t\t\t<div class=\"elementor-custom-embed-play\" role=\"button\" aria-label=\"Play Video\" tabindex=\"0\" data-no-translation-aria-label=\"\">\n\t\t\t\t\t\t\t<svg aria-hidden=\"true\" class=\"e-font-icon-svg e-eicon-play\" viewbox=\"0 0 1000 1000\" xmlns=\"http:\/\/www.w3.org\/2000\/svg\"><path d=\"M838 162C746 71 633 25 500 25 371 25 258 71 163 162 71 254 25 367 25 500 25 633 71 746 163 837 254 929 367 979 500 979 633 979 746 933 838 837 929 746 975 633 975 500 975 367 929 254 838 162M808 192C892 279 933 379 933 500 933 621 892 725 808 808 725 892 621 938 500 938 379 938 279 896 196 808 113 725 67 621 67 500 67 379 108 279 196 192 279 108 383 62 500 62 621 62 721 108 808 192M438 392V642L642 517 438 392Z\"><\/path><\/svg>\t\t\t\t\t\t<\/div>\n\t\t\t\t\t\t\t\t\t<\/div>\n\t\t\t\t\t<\/div>\n\t\t\t\t\t\t<\/div>\n\t\t\t\t<\/div>\n\t\t\t\t\t<\/div>\n\t\t\t\t<\/div>\n\t\t\t\t<\/div>","protected":false},"excerpt":{"rendered":"<p>Watermelon Shoot Xavi Herrera Max, acompanyat dels seus companys Aron, Lisa i Ram \u2014un actor que ha triomfat en el cinema de s\u00e8rie B indi\u2014, es dirigeix a un desert per rodar la seva pel\u00b7l\u00edcula, plena d\u2019ambicions desmesurades. Per\u00f2 un cop all\u00e0, descobreixen que fer-la realitat ser\u00e0 molt m\u00e9s dif\u00edcil del que s\u2019havien imaginat, i<\/p>\n<div class=\"klb-readmore post-buttons\"><a class=\"btn btn-black btn-rounded\" href=\"https:\/\/ametllafilmfest.com\/en\/curtmetratges-watermelon-shoot\/\">Read More <i class=\"klbth-icon-right-arrow\"><\/i><\/a><\/div>","protected":false},"author":1,"featured_media":0,"parent":0,"menu_order":0,"comment_status":"closed","ping_status":"closed","template":"elementor_theme","meta":{"footnotes":""},"class_list":["post-2923","page","type-page","status-publish","hentry"],"_links":{"self":[{"href":"https:\/\/ametllafilmfest.com\/en\/wp-json\/wp\/v2\/pages\/2923","targetHints":{"allow":["GET"]}}],"collection":[{"href":"https:\/\/ametllafilmfest.com\/en\/wp-json\/wp\/v2\/pages"}],"about":[{"href":"https:\/\/ametllafilmfest.com\/en\/wp-json\/wp\/v2\/types\/page"}],"author":[{"embeddable":true,"href":"https:\/\/ametllafilmfest.com\/en\/wp-json\/wp\/v2\/users\/1"}],"replies":[{"embeddable":true,"href":"https:\/\/ametllafilmfest.com\/en\/wp-json\/wp\/v2\/comments?post=2923"}],"version-history":[{"count":5,"href":"https:\/\/ametllafilmfest.com\/en\/wp-json\/wp\/v2\/pages\/2923\/revisions"}],"predecessor-version":[{"id":2930,"href":"https:\/\/ametllafilmfest.com\/en\/wp-json\/wp\/v2\/pages\/2923\/revisions\/2930"}],"wp:attachment":[{"href":"https:\/\/ametllafilmfest.com\/en\/wp-json\/wp\/v2\/media?parent=2923"}],"curies":[{"name":"wp","href":"https:\/\/api.w.org\/{rel}","templated":true}]}}