{"id":2935,"date":"2025-04-05T17:03:58","date_gmt":"2025-04-05T17:03:58","guid":{"rendered":"https:\/\/ametllafilmfest.com\/?page_id=2935"},"modified":"2025-04-05T17:10:33","modified_gmt":"2025-04-05T17:10:33","slug":"curtmetratges-susurros","status":"publish","type":"page","link":"https:\/\/ametllafilmfest.com\/en\/curtmetratges-susurros\/","title":{"rendered":"Curtmetratges | Susurros"},"content":{"rendered":"<div data-elementor-type=\"wp-page\" data-elementor-id=\"2935\" class=\"elementor elementor-2935\">\n\t\t\t\t<div class=\"elementor-element elementor-element-16c7b3fb e-flex e-con-boxed e-con e-parent\" data-id=\"16c7b3fb\" data-element_type=\"container\">\n\t\t\t\t\t<div class=\"e-con-inner\">\n\t\t<div class=\"elementor-element elementor-element-7b8c94bc e-con-full e-flex e-con e-child\" data-id=\"7b8c94bc\" data-element_type=\"container\">\n\t\t\t\t<div class=\"elementor-element elementor-element-4f8f84c9 elementor-widget elementor-widget-spacer\" data-id=\"4f8f84c9\" data-element_type=\"widget\" data-widget_type=\"spacer.default\">\n\t\t\t\t<div class=\"elementor-widget-container\">\n\t\t\t\t\t\t\t<div class=\"elementor-spacer\">\n\t\t\t<div class=\"elementor-spacer-inner\"><\/div>\n\t\t<\/div>\n\t\t\t\t\t\t<\/div>\n\t\t\t\t<\/div>\n\t\t\t\t<\/div>\n\t\t\t\t\t<\/div>\n\t\t\t\t<\/div>\n\t\t<div class=\"elementor-element elementor-element-2ee2c1f7 e-flex e-con-boxed e-con e-parent\" data-id=\"2ee2c1f7\" data-element_type=\"container\">\n\t\t\t\t\t<div class=\"e-con-inner\">\n\t\t<div class=\"elementor-element elementor-element-d1c0fe3 e-con-full e-flex e-con e-child\" data-id=\"d1c0fe3\" data-element_type=\"container\">\n\t\t\t\t<div class=\"elementor-element elementor-element-25d017f9 elementor-widget elementor-widget-fynode-image-box\" data-id=\"25d017f9\" data-element_type=\"widget\" data-widget_type=\"fynode-image-box.default\">\n\t\t\t\t<div class=\"elementor-widget-container\">\n\t\t\t\t\t<div class=\"site-image-content\"><div class=\"entry-media\"><a href=\"\" ><img decoding=\"async\" src=\"https:\/\/ametllafilmfest.com\/wp-content\/uploads\/2025\/04\/292-poster_Susurros-scaled.jpg\"><\/a><\/div><!-- entry-media --><div class=\"entry-content\"><\/div><!-- entry-content --><\/div><!-- site-image-content -->\t\t\t\t<\/div>\n\t\t\t\t<\/div>\n\t\t\t\t<\/div>\n\t\t\t\t\t<\/div>\n\t\t\t\t<\/div>\n\t\t<div class=\"elementor-element elementor-element-45bd259a e-flex e-con-boxed e-con e-parent\" data-id=\"45bd259a\" data-element_type=\"container\">\n\t\t\t\t\t<div class=\"e-con-inner\">\n\t\t<div class=\"elementor-element elementor-element-3b82f84a e-con-full e-flex e-con e-child\" data-id=\"3b82f84a\" data-element_type=\"container\">\n\t\t\t\t<div class=\"elementor-element elementor-element-7c23cd0b elementor-widget elementor-widget-heading\" data-id=\"7c23cd0b\" data-element_type=\"widget\" data-widget_type=\"heading.default\">\n\t\t\t\t<div class=\"elementor-widget-container\">\n\t\t\t\t\t<h2 class=\"elementor-heading-title elementor-size-default\">Susurros<\/h2>\t\t\t\t<\/div>\n\t\t\t\t<\/div>\n\t\t\t\t<\/div>\n\t\t\t\t\t<\/div>\n\t\t\t\t<\/div>\n\t\t<div class=\"elementor-element elementor-element-68152a4 e-flex e-con-boxed e-con e-parent\" data-id=\"68152a4\" data-element_type=\"container\">\n\t\t\t\t\t<div class=\"e-con-inner\">\n\t\t<div class=\"elementor-element elementor-element-f969751 e-con-full e-flex e-con e-child\" data-id=\"f969751\" data-element_type=\"container\">\n\t\t<div class=\"elementor-element elementor-element-283d6258 e-con-full e-flex e-con e-child\" data-id=\"283d6258\" data-element_type=\"container\">\n\t\t\t\t<div class=\"elementor-element elementor-element-5d3b3167 elementor-widget elementor-widget-fynode-custom-title\" data-id=\"5d3b3167\" data-element_type=\"widget\" data-widget_type=\"fynode-custom-title.default\">\n\t\t\t\t<div class=\"elementor-widget-container\">\n\t\t\t\t\t<div class=\"site-module-header fynode-custom-title\"><div class=\"column\"><h3 class=\"entry-title\">Antonio Llaneza<\/h3><\/div><!-- column --><div class=\"column\"><div class=\"entry-description\"><p>Ulises is a young bassist living in Berlin, where he is studying Jazz. After five years of comings and goings, he returns to prepare for a concert tour with his friend Fernando. The return to his hometown, situated in a mining basin surrounded by mountains \u2014 where there are literally more dead inhabitants than living ones \u2014 awakens buried emotions. New reunions, friendships, post-rock, and a graffiti that has been erased for years still reading \u201cUlises is a faggot.\u201d Under the conservative gaze of the entire town, Ulises must confront his feelings while, for the first time, questioning who he really is.<\/p><\/div><!-- entry-descriptio --><\/div><!-- column --><\/div>\t\t\t\t<\/div>\n\t\t\t\t<\/div>\n\t\t\t\t<\/div>\n\t\t\t\t<\/div>\n\t\t\t\t\t<\/div>\n\t\t\t\t<\/div>\n\t\t<div class=\"elementor-element elementor-element-39eec94e e-flex e-con-boxed e-con e-parent\" data-id=\"39eec94e\" data-element_type=\"container\">\n\t\t\t\t\t<div class=\"e-con-inner\">\n\t\t<div class=\"elementor-element elementor-element-523d3257 e-con-full e-flex e-con e-child\" data-id=\"523d3257\" data-element_type=\"container\">\n\t\t<div class=\"elementor-element elementor-element-231cb21 e-con-full e-flex e-con e-child\" data-id=\"231cb21\" data-element_type=\"container\">\n\t\t<div class=\"elementor-element elementor-element-446af62f e-con-full e-flex e-con e-child\" data-id=\"446af62f\" data-element_type=\"container\">\n\t\t\t\t<div class=\"elementor-element elementor-element-39eefcb1 elementor-widget-divider--view-line elementor-widget elementor-widget-divider\" data-id=\"39eefcb1\" data-element_type=\"widget\" data-widget_type=\"divider.default\">\n\t\t\t\t<div class=\"elementor-widget-container\">\n\t\t\t\t\t\t\t<div class=\"elementor-divider\">\n\t\t\t<span class=\"elementor-divider-separator\">\n\t\t\t\t\t\t<\/span>\n\t\t<\/div>\n\t\t\t\t\t\t<\/div>\n\t\t\t\t<\/div>\n\t\t\t\t<div class=\"elementor-element elementor-element-63d51450 elementor-widget elementor-widget-fynode-custom-title\" data-id=\"63d51450\" data-element_type=\"widget\" data-widget_type=\"fynode-custom-title.default\">\n\t\t\t\t<div class=\"elementor-widget-container\">\n\t\t\t\t\t<div class=\"site-module-header fynode-custom-title\"><div class=\"column\"><h3 class=\"entry-title\">Category<\/h3><\/div><!-- column --><div class=\"column\"><div class=\"entry-description\"><p>Fiction<\/p><\/div><!-- entry-descriptio --><\/div><!-- column --><\/div>\t\t\t\t<\/div>\n\t\t\t\t<\/div>\n\t\t\t\t<\/div>\n\t\t<div class=\"elementor-element elementor-element-68d697f0 e-con-full e-flex e-con e-child\" data-id=\"68d697f0\" data-element_type=\"container\">\n\t\t\t\t<div class=\"elementor-element elementor-element-5b2a9f26 elementor-widget-divider--view-line elementor-widget elementor-widget-divider\" data-id=\"5b2a9f26\" data-element_type=\"widget\" data-widget_type=\"divider.default\">\n\t\t\t\t<div class=\"elementor-widget-container\">\n\t\t\t\t\t\t\t<div class=\"elementor-divider\">\n\t\t\t<span class=\"elementor-divider-separator\">\n\t\t\t\t\t\t<\/span>\n\t\t<\/div>\n\t\t\t\t\t\t<\/div>\n\t\t\t\t<\/div>\n\t\t\t\t<div class=\"elementor-element elementor-element-418846d2 elementor-widget elementor-widget-fynode-custom-title\" data-id=\"418846d2\" data-element_type=\"widget\" data-widget_type=\"fynode-custom-title.default\">\n\t\t\t\t<div class=\"elementor-widget-container\">\n\t\t\t\t\t<div class=\"site-module-header fynode-custom-title\"><div class=\"column\"><h3 class=\"entry-title\">Genre<\/h3><\/div><!-- column --><div class=\"column\"><div class=\"entry-description\"><p>Adolescents, Drama, Romance\n<\/p><\/div><!-- entry-descriptio --><\/div><!-- column --><\/div>\t\t\t\t<\/div>\n\t\t\t\t<\/div>\n\t\t\t\t<\/div>\n\t\t<div class=\"elementor-element elementor-element-1ee00dd7 e-con-full e-flex e-con e-child\" data-id=\"1ee00dd7\" data-element_type=\"container\">\n\t\t\t\t<div class=\"elementor-element elementor-element-687eba60 elementor-widget-divider--view-line elementor-widget elementor-widget-divider\" data-id=\"687eba60\" data-element_type=\"widget\" data-widget_type=\"divider.default\">\n\t\t\t\t<div class=\"elementor-widget-container\">\n\t\t\t\t\t\t\t<div class=\"elementor-divider\">\n\t\t\t<span class=\"elementor-divider-separator\">\n\t\t\t\t\t\t<\/span>\n\t\t<\/div>\n\t\t\t\t\t\t<\/div>\n\t\t\t\t<\/div>\n\t\t\t\t<div class=\"elementor-element elementor-element-10c6ef31 elementor-widget elementor-widget-fynode-custom-title\" data-id=\"10c6ef31\" data-element_type=\"widget\" data-widget_type=\"fynode-custom-title.default\">\n\t\t\t\t<div class=\"elementor-widget-container\">\n\t\t\t\t\t<div class=\"site-module-header fynode-custom-title\"><div class=\"column\"><h3 class=\"entry-title\">Theme<\/h3><\/div><!-- column --><div class=\"column\"><div class=\"entry-description\"><p>Adolescence, Homosexuality, Youth, Mountain, Couples, First Love, Journey.<\/p><\/div><!-- entry-descriptio --><\/div><!-- column --><\/div>\t\t\t\t<\/div>\n\t\t\t\t<\/div>\n\t\t\t\t<\/div>\n\t\t\t\t<\/div>\n\t\t\t\t<\/div>\n\t\t\t\t\t<\/div>\n\t\t\t\t<\/div>\n\t\t<div class=\"elementor-element elementor-element-404752b5 e-flex e-con-boxed e-con e-parent\" data-id=\"404752b5\" data-element_type=\"container\">\n\t\t\t\t\t<div class=\"e-con-inner\">\n\t\t\t\t<div class=\"elementor-element elementor-element-79325609 elementor-widget elementor-widget-video\" data-id=\"79325609\" data-element_type=\"widget\" data-settings=\"{&quot;video_type&quot;:&quot;vimeo&quot;,&quot;show_image_overlay&quot;:&quot;yes&quot;,&quot;image_overlay&quot;:{&quot;url&quot;:&quot;https:\\\/\\\/ametllafilmfest.com\\\/wp-content\\\/uploads\\\/2025\\\/04\\\/292-frame1_Susurros.jpg&quot;,&quot;id&quot;:2940,&quot;size&quot;:&quot;&quot;,&quot;alt&quot;:&quot;&quot;,&quot;source&quot;:&quot;library&quot;}}\" data-widget_type=\"video.default\">\n\t\t\t\t<div class=\"elementor-widget-container\">\n\t\t\t\t\t\t\t<div class=\"elementor-wrapper elementor-open-inline\">\n\t\t\t<iframe class=\"elementor-video-iframe\" allowfullscreen allow=\"clipboard-write\" title=\"vimeo Video Player\" src=\"https:\/\/player.vimeo.com\/video\/1063612963?color&amp;autopause=0&amp;loop=0&amp;muted=0&amp;title=1&amp;portrait=1&amp;byline=1#t=\"><\/iframe>\t\t\t\t<div class=\"elementor-custom-embed-image-overlay\" style=\"background-image: url(https:\/\/ametllafilmfest.com\/wp-content\/uploads\/2025\/04\/292-frame1_Susurros.jpg);\">\n\t\t\t\t\t\t\t\t\t\t\t\t\t\t\t\t<div class=\"elementor-custom-embed-play\" role=\"button\" aria-label=\"Play Video\" tabindex=\"0\">\n\t\t\t\t\t\t\t<svg aria-hidden=\"true\" class=\"e-font-icon-svg e-eicon-play\" viewbox=\"0 0 1000 1000\" xmlns=\"http:\/\/www.w3.org\/2000\/svg\"><path d=\"M838 162C746 71 633 25 500 25 371 25 258 71 163 162 71 254 25 367 25 500 25 633 71 746 163 837 254 929 367 979 500 979 633 979 746 933 838 837 929 746 975 633 975 500 975 367 929 254 838 162M808 192C892 279 933 379 933 500 933 621 892 725 808 808 725 892 621 938 500 938 379 938 279 896 196 808 113 725 67 621 67 500 67 379 108 279 196 192 279 108 383 62 500 62 621 62 721 108 808 192M438 392V642L642 517 438 392Z\"><\/path><\/svg>\t\t\t\t\t\t<\/div>\n\t\t\t\t\t\t\t\t\t<\/div>\n\t\t\t\t\t<\/div>\n\t\t\t\t\t\t<\/div>\n\t\t\t\t<\/div>\n\t\t\t\t\t<\/div>\n\t\t\t\t<\/div>\n\t\t\t\t<\/div>","protected":false},"excerpt":{"rendered":"<p>Susurros Antonio Llaneza Ulisses \u00e9s un jove baixista que viu a Berl\u00edn, on estudia la carrera de Jazz. Despr\u00e9s de cinc anys entre anades i vingudes, torna per preparar una gira de concerts amb el seu amic Fernando. El retorn al seu poble natal, situat a l\u2019interior d\u2019una conca minera envoltada de muntanyes \u2014on literalment<\/p>\n<div class=\"klb-readmore post-buttons\"><a class=\"btn btn-black btn-rounded\" href=\"https:\/\/ametllafilmfest.com\/en\/curtmetratges-susurros\/\">Read More <i class=\"klbth-icon-right-arrow\"><\/i><\/a><\/div>","protected":false},"author":1,"featured_media":0,"parent":0,"menu_order":0,"comment_status":"closed","ping_status":"closed","template":"elementor_theme","meta":{"footnotes":""},"class_list":["post-2935","page","type-page","status-publish","hentry"],"_links":{"self":[{"href":"https:\/\/ametllafilmfest.com\/en\/wp-json\/wp\/v2\/pages\/2935","targetHints":{"allow":["GET"]}}],"collection":[{"href":"https:\/\/ametllafilmfest.com\/en\/wp-json\/wp\/v2\/pages"}],"about":[{"href":"https:\/\/ametllafilmfest.com\/en\/wp-json\/wp\/v2\/types\/page"}],"author":[{"embeddable":true,"href":"https:\/\/ametllafilmfest.com\/en\/wp-json\/wp\/v2\/users\/1"}],"replies":[{"embeddable":true,"href":"https:\/\/ametllafilmfest.com\/en\/wp-json\/wp\/v2\/comments?post=2935"}],"version-history":[{"count":5,"href":"https:\/\/ametllafilmfest.com\/en\/wp-json\/wp\/v2\/pages\/2935\/revisions"}],"predecessor-version":[{"id":2952,"href":"https:\/\/ametllafilmfest.com\/en\/wp-json\/wp\/v2\/pages\/2935\/revisions\/2952"}],"wp:attachment":[{"href":"https:\/\/ametllafilmfest.com\/en\/wp-json\/wp\/v2\/media?parent=2935"}],"curies":[{"name":"wp","href":"https:\/\/api.w.org\/{rel}","templated":true}]}}