{"id":2978,"date":"2025-04-06T10:35:36","date_gmt":"2025-04-06T10:35:36","guid":{"rendered":"https:\/\/ametllafilmfest.com\/?page_id=2978"},"modified":"2025-04-12T21:54:30","modified_gmt":"2025-04-12T21:54:30","slug":"entrades-2","status":"publish","type":"page","link":"https:\/\/ametllafilmfest.com\/en\/entrades-2\/","title":{"rendered":"Tickets"},"content":{"rendered":"<div data-elementor-type=\"wp-page\" data-elementor-id=\"2978\" class=\"elementor elementor-2978\">\n\t\t\t\t<div class=\"elementor-element elementor-element-82fd3a9 e-con-full e-flex e-con e-parent\" data-id=\"82fd3a9\" data-element_type=\"container\">\n\t\t\t\t<div class=\"elementor-element elementor-element-e49bf63 elementor-widget elementor-widget-fynode-home-slider\" data-id=\"e49bf63\" data-element_type=\"widget\" data-widget_type=\"fynode-home-slider.default\">\n\t\t\t\t<div class=\"elementor-widget-container\">\n\t\t\t\t\t<div class=\"site-slider slider-style loader-default\" data-items=\"1\" data-items-tablet=\"1\" data-items-mobile=\"1\" data-itemsscroll=\"1\" data-speed=\"600\" data-arrows=\"true\" data-dots=\"true\" data-autoplay=\"true\" data-autospeed=\"600\" data-loop=\"true\" style=\"--dots-background: #f3f4f6;\"><div class=\"site-slider-item\"><div class=\"site-banner default-style light\" style=\"--banner-mobile: 466px; --banner-tablet: 827px; --banner-desktop: 827px;\"><div class=\"site-banner-content align-items-center justify-content-center\"><div class=\"site-banner-inner max-width\" style=\"--max-width-desktop: 820px; --max-width-tablet: 820px; --max-width-mobile: 100%;\"><div class=\"site-banner-header\"><h3 class=\"entry-subtitle subtitle-sm subtitle-lg\">A seat is waiting for you\n<\/h3><h2 class=\"entry-title title-6xl fw-bold tracking-tighter leading-tight\">entre la brisa del mar\n<\/h2><\/div><!-- site-banner-header --><div class=\"site-banner-body\"><div class=\"entry-description description-xl opacity-75 fw-light\"><p>between the sea breeze and the magic of cinema.<\/p><\/div><!-- entry-description --><\/div><!-- site-banner-body --><div class=\"site-banner-footer\"><a href=\"https:\/\/ametllafilmfest.com\/en\/programacio\/\"  class=\"btn btn-white btn-rounded\">Check schedule<\/a><\/div><!-- site-banner-footer --><\/div><!-- site-banner-inner --><\/div><!-- site-banner-content --><div class=\"site-banner-media image-overlay dark\" style=\"--overlay-opacity: 0.3;\"><img decoding=\"async\" src=\"https:\/\/ametllafilmfest.com\/wp-content\/uploads\/2025\/04\/visualelectric-1743934187111.png\" alt=\"\"><\/div><!-- site-banner-media --><\/div><!-- site-banner --><\/div><!-- site-slider-item --><\/div><!-- site-slider -->\t\t\t\t<\/div>\n\t\t\t\t<\/div>\n\t\t\t\t<\/div>\n\t\t<div class=\"elementor-element elementor-element-93a996f e-flex e-con-boxed e-con e-parent\" data-id=\"93a996f\" data-element_type=\"container\">\n\t\t\t\t\t<div class=\"e-con-inner\">\n\t\t<div class=\"elementor-element elementor-element-a7eee92 e-con-full e-flex e-con e-child\" data-id=\"a7eee92\" data-element_type=\"container\">\n\t\t<div class=\"elementor-element elementor-element-195a31b e-con-full e-flex e-con e-child\" data-id=\"195a31b\" data-element_type=\"container\">\n\t\t\t\t<div class=\"elementor-element elementor-element-1c33bf4 elementor-widget elementor-widget-heading\" data-id=\"1c33bf4\" data-element_type=\"widget\" data-widget_type=\"heading.default\">\n\t\t\t\t<div class=\"elementor-widget-container\">\n\t\t\t\t\t<h2 class=\"elementor-heading-title elementor-size-default\">TICKETS<\/h2>\t\t\t\t<\/div>\n\t\t\t\t<\/div>\n\t\t\t\t<\/div>\n\t\t\t\t<\/div>\n\t\t\t\t\t<\/div>\n\t\t\t\t<\/div>\n\t\t<div class=\"elementor-element elementor-element-c651380 e-flex e-con-boxed e-con e-parent\" data-id=\"c651380\" data-element_type=\"container\">\n\t\t\t\t\t<div class=\"e-con-inner\">\n\t\t\t\t<div class=\"elementor-element elementor-element-775f9a5 elementor-widget elementor-widget-fynode-custom-title\" data-id=\"775f9a5\" data-element_type=\"widget\" data-widget_type=\"fynode-custom-title.default\">\n\t\t\t\t<div class=\"elementor-widget-container\">\n\t\t\t\t\t<div class=\"max-width mx-auto text-center\" style=\"--max-width-mobile: 820px; --max-width-tablet: 820px; --max-width-desktop: 1200px;\"><h3 class=\"entry-title highlighted-text with-image title-8xl font-extrabold tracking-tight leading-snug\" style=\"--image-url: url(https:\/\/ametllafilmfest.com\/wp-content\/uploads\/2025\/04\/visualelectric-1743934389060.png);\"><\/h3><div class=\"entry-description description-2xl opacity-75 fw-light\"><p>Come enjoy the best cinema in one of the most magical settings on the Costa Dorada. We\u2019re waiting for you at Ametlla Film Fest to share this very special first edition together. \n\n<\/p><\/div><!-- entry-description --><\/div>\t\t\t\t<\/div>\n\t\t\t\t<\/div>\n\t\t\t\t\t<\/div>\n\t\t\t\t<\/div>\n\t\t<div class=\"elementor-element elementor-element-10ac230 e-flex e-con-boxed e-con e-parent\" data-id=\"10ac230\" data-element_type=\"container\">\n\t\t\t\t\t<div class=\"e-con-inner\">\n\t\t\t\t<div class=\"elementor-element elementor-element-63113fe elementor-widget elementor-widget-fynode-button\" data-id=\"63113fe\" data-element_type=\"widget\" data-widget_type=\"fynode-button.default\">\n\t\t\t\t<div class=\"elementor-widget-container\">\n\t\t\t\t\t<div class=\"fynode-button\"><a class=\"btn btn-black btn-rounded fynode-btn icon-right\" href=\"https:\/\/entradas.codetickets.com\/entradas\/ametlla-film-fest\" target=\"_blank\">Buy tickets here <\/a><\/div>\t\t\t\t<\/div>\n\t\t\t\t<\/div>\n\t\t\t\t\t<\/div>\n\t\t\t\t<\/div>\n\t\t<div class=\"elementor-element elementor-element-2b09d98 e-flex e-con-boxed e-con e-parent\" data-id=\"2b09d98\" data-element_type=\"container\">\n\t\t\t\t\t<div class=\"e-con-inner\">\n\t\t\t\t<div class=\"elementor-element elementor-element-49c01aa elementor-widget elementor-widget-fynode-custom-title\" data-id=\"49c01aa\" data-element_type=\"widget\" data-widget_type=\"fynode-custom-title.default\">\n\t\t\t\t<div class=\"elementor-widget-container\">\n\t\t\t\t\t<div class=\"max-width mx-auto text-center\" style=\"--max-width-mobile: 820px; --max-width-tablet: 820px; --max-width-desktop: 1200px;\"><h3 class=\"entry-title highlighted-text with-image title-8xl font-extrabold tracking-tight leading-snug\" style=\"--image-url: url(https:\/\/ametllafilmfest.com\/wp-content\/uploads\/2025\/04\/visualelectric-1743934389060.png);\"><\/h3><div class=\"entry-description description-2xl opacity-75 fw-light\"><p>Follow us on our social media to stay updated with all the latest news!<\/p><\/div><!-- entry-description --><\/div>\t\t\t\t<\/div>\n\t\t\t\t<\/div>\n\t\t\t\t\t<\/div>\n\t\t\t\t<\/div>\n\t\t<div class=\"elementor-element elementor-element-e2f103c e-flex e-con-boxed e-con e-parent\" data-id=\"e2f103c\" data-element_type=\"container\">\n\t\t\t\t\t<div class=\"e-con-inner\">\n\t\t\t\t<div class=\"elementor-element elementor-element-d0f8e05 elementor-shape-rounded elementor-grid-0 e-grid-align-center elementor-widget elementor-widget-social-icons\" data-id=\"d0f8e05\" data-element_type=\"widget\" data-widget_type=\"social-icons.default\">\n\t\t\t\t<div class=\"elementor-widget-container\">\n\t\t\t\t\t\t\t<div class=\"elementor-social-icons-wrapper elementor-grid\">\n\t\t\t\t\t\t\t<span class=\"elementor-grid-item\">\n\t\t\t\t\t<a class=\"elementor-icon elementor-social-icon elementor-social-icon-instagram elementor-repeater-item-ea66ec8\" href=\"https:\/\/www.instagram.com\/ametllafilmfest\/\" target=\"_blank\">\n\t\t\t\t\t\t<span class=\"elementor-screen-only\">Instagram<\/span>\n\t\t\t\t\t\t<svg class=\"e-font-icon-svg e-fab-instagram\" viewbox=\"0 0 448 512\" xmlns=\"http:\/\/www.w3.org\/2000\/svg\"><path d=\"M224.1 141c-63.6 0-114.9 51.3-114.9 114.9s51.3 114.9 114.9 114.9S339 319.5 339 255.9 287.7 141 224.1 141zm0 189.6c-41.1 0-74.7-33.5-74.7-74.7s33.5-74.7 74.7-74.7 74.7 33.5 74.7 74.7-33.6 74.7-74.7 74.7zm146.4-194.3c0 14.9-12 26.8-26.8 26.8-14.9 0-26.8-12-26.8-26.8s12-26.8 26.8-26.8 26.8 12 26.8 26.8zm76.1 27.2c-1.7-35.9-9.9-67.7-36.2-93.9-26.2-26.2-58-34.4-93.9-36.2-37-2.1-147.9-2.1-184.9 0-35.8 1.7-67.6 9.9-93.9 36.1s-34.4 58-36.2 93.9c-2.1 37-2.1 147.9 0 184.9 1.7 35.9 9.9 67.7 36.2 93.9s58 34.4 93.9 36.2c37 2.1 147.9 2.1 184.9 0 35.9-1.7 67.7-9.9 93.9-36.2 26.2-26.2 34.4-58 36.2-93.9 2.1-37 2.1-147.8 0-184.8zM398.8 388c-7.8 19.6-22.9 34.7-42.6 42.6-29.5 11.7-99.5 9-132.1 9s-102.7 2.6-132.1-9c-19.6-7.8-34.7-22.9-42.6-42.6-11.7-29.5-9-99.5-9-132.1s-2.6-102.7 9-132.1c7.8-19.6 22.9-34.7 42.6-42.6 29.5-11.7 99.5-9 132.1-9s102.7-2.6 132.1 9c19.6 7.8 34.7 22.9 42.6 42.6 11.7 29.5 9 99.5 9 132.1s2.7 102.7-9 132.1z\"><\/path><\/svg>\t\t\t\t\t<\/a>\n\t\t\t\t<\/span>\n\t\t\t\t\t<\/div>\n\t\t\t\t\t\t<\/div>\n\t\t\t\t<\/div>\n\t\t\t\t\t<\/div>\n\t\t\t\t<\/div>\n\t\t\t\t<\/div>","protected":false},"excerpt":{"rendered":"<p>Una butaca t\u2019espera entre la brisa del mar i la m\u00e0gia del cinema. Veure programaci\u00f3 ENTRADES Vine a gaudir del millor cinema en un dels escenaris m\u00e9s m\u00e0gics de la Costa Daurada. T&#8217;esperem a l&#8217;Ametlla Film Fest per compartir junts aquesta primera edici\u00f3 tan especial. Compra aqu\u00ed Segueix-nos a les nostres xarxes socials per saber<\/p>\n<div class=\"klb-readmore post-buttons\"><a class=\"btn btn-black btn-rounded\" href=\"https:\/\/ametllafilmfest.com\/en\/entrades-2\/\">Read More <i class=\"klbth-icon-right-arrow\"><\/i><\/a><\/div>","protected":false},"author":1,"featured_media":0,"parent":0,"menu_order":0,"comment_status":"closed","ping_status":"closed","template":"elementor_theme","meta":{"footnotes":""},"class_list":["post-2978","page","type-page","status-publish","hentry"],"_links":{"self":[{"href":"https:\/\/ametllafilmfest.com\/en\/wp-json\/wp\/v2\/pages\/2978","targetHints":{"allow":["GET"]}}],"collection":[{"href":"https:\/\/ametllafilmfest.com\/en\/wp-json\/wp\/v2\/pages"}],"about":[{"href":"https:\/\/ametllafilmfest.com\/en\/wp-json\/wp\/v2\/types\/page"}],"author":[{"embeddable":true,"href":"https:\/\/ametllafilmfest.com\/en\/wp-json\/wp\/v2\/users\/1"}],"replies":[{"embeddable":true,"href":"https:\/\/ametllafilmfest.com\/en\/wp-json\/wp\/v2\/comments?post=2978"}],"version-history":[{"count":5,"href":"https:\/\/ametllafilmfest.com\/en\/wp-json\/wp\/v2\/pages\/2978\/revisions"}],"predecessor-version":[{"id":3200,"href":"https:\/\/ametllafilmfest.com\/en\/wp-json\/wp\/v2\/pages\/2978\/revisions\/3200"}],"wp:attachment":[{"href":"https:\/\/ametllafilmfest.com\/en\/wp-json\/wp\/v2\/media?parent=2978"}],"curies":[{"name":"wp","href":"https:\/\/api.w.org\/{rel}","templated":true}]}}