{"id":1459,"date":"2024-12-11T12:29:35","date_gmt":"2024-12-11T12:29:35","guid":{"rendered":"https:\/\/klbtheme.com\/fynode\/?page_id=1459"},"modified":"2025-04-02T12:59:28","modified_gmt":"2025-04-02T12:59:28","slug":"privacy-policy-2","status":"publish","type":"page","link":"https:\/\/ametllafilmfest.com\/es\/privacy-policy-2\/","title":{"rendered":"Privacy Policy"},"content":{"rendered":"<div data-elementor-type=\"wp-page\" data-elementor-id=\"1459\" class=\"elementor elementor-1459\">\n\t\t\t\t<div class=\"elementor-element elementor-element-7fc1a87 e-flex e-con-boxed e-con e-parent\" data-id=\"7fc1a87\" data-element_type=\"container\">\n\t\t\t\t\t<div class=\"e-con-inner\">\n\t\t<div class=\"elementor-element elementor-element-18d46c8 e-con-full e-flex e-con e-child\" data-id=\"18d46c8\" data-element_type=\"container\">\n\t\t\t\t<div class=\"elementor-element elementor-element-43c380f elementor-widget elementor-widget-spacer\" data-id=\"43c380f\" data-element_type=\"widget\" data-widget_type=\"spacer.default\">\n\t\t\t\t<div class=\"elementor-widget-container\">\n\t\t\t\t\t\t\t<div class=\"elementor-spacer\">\n\t\t\t<div class=\"elementor-spacer-inner\"><\/div>\n\t\t<\/div>\n\t\t\t\t\t\t<\/div>\n\t\t\t\t<\/div>\n\t\t\t\t<\/div>\n\t\t\t\t\t<\/div>\n\t\t\t\t<\/div>\n\t\t<div class=\"elementor-element elementor-element-4097523 e-flex e-con-boxed e-con e-parent\" data-id=\"4097523\" data-element_type=\"container\">\n\t\t\t\t\t<div class=\"e-con-inner\">\n\t\t<div class=\"elementor-element elementor-element-58f87dd e-con-full e-flex e-con e-child\" data-id=\"58f87dd\" data-element_type=\"container\">\n\t\t<div class=\"elementor-element elementor-element-c59b24d e-con-full e-flex e-con e-child\" data-id=\"c59b24d\" data-element_type=\"container\">\n\t\t\t\t<div class=\"elementor-element elementor-element-33a8ab5 elementor-widget elementor-widget-heading\" data-id=\"33a8ab5\" data-element_type=\"widget\" data-widget_type=\"heading.default\">\n\t\t\t\t<div class=\"elementor-widget-container\">\n\t\t\t\t\t<h2 class=\"elementor-heading-title elementor-size-default\">Aviso Legal<\/h2>\t\t\t\t<\/div>\n\t\t\t\t<\/div>\n\t\t\t\t<\/div>\n\t\t\t\t<\/div>\n\t\t\t\t\t<\/div>\n\t\t\t\t<\/div>\n\t\t<div class=\"elementor-element elementor-element-6a16973 e-flex e-con-boxed e-con e-parent\" data-id=\"6a16973\" data-element_type=\"container\">\n\t\t\t\t\t<div class=\"e-con-inner\">\n\t\t<div class=\"elementor-element elementor-element-9b21dc7 e-con-full e-flex e-con e-child\" data-id=\"9b21dc7\" data-element_type=\"container\">\n\t\t\t\t<div class=\"elementor-element elementor-element-f96f8f5 elementor-widget elementor-widget-text-editor\" data-id=\"f96f8f5\" data-element_type=\"widget\" data-widget_type=\"text-editor.default\">\n\t\t\t\t<div class=\"elementor-widget-container\">\n\t\t\t\t\t\t\t\t\t<p class=\"\" data-start=\"121\" data-end=\"347\"><strong data-start=\"121\" data-end=\"146\">1. Informaci\u00f3n general<\/strong><br data-start=\"146\" data-end=\"149\" \/>De acuerdo con lo establecido en la Ley 34\/2002, de 11 de julio, de servicios de la sociedad de la informaci\u00f3n y comercio electr\u00f3nico (LSSICE), se informa a los usuarios que esta p\u00e1gina web es propiedad de:<\/p><ul data-start=\"349\" data-end=\"519\"><li class=\"\" data-start=\"349\" data-end=\"397\"><p class=\"\" data-start=\"351\" data-end=\"397\"><strong data-start=\"351\" data-end=\"377\">Nombre de la organizaci\u00f3n:<\/strong> Ametlla Film Fest<\/p><\/li><li class=\"\" data-start=\"398\" data-end=\"442\"><p class=\"\" data-start=\"400\" data-end=\"442\"><strong data-start=\"400\" data-end=\"411\">Direcci\u00f3n: <\/strong>Plaza Nova, 15. 43860 L\u2019Ametlla de Mar, Tarragona<\/p><\/li><li class=\"\" data-start=\"443\" data-end=\"490\"><p class=\"\" data-start=\"445\" data-end=\"490\"><strong data-start=\"445\" data-end=\"467\">Correo electr\u00f3nico:<\/strong> info@ametllafilmfest.com<\/p><\/li><li class=\"\" data-start=\"491\" data-end=\"519\"><p class=\"\" data-start=\"493\" data-end=\"519\"><strong data-start=\"493\" data-end=\"505\">NIF\/CIF:<\/strong> G75959783<\/p><\/li><\/ul><p class=\"\" data-start=\"521\" data-end=\"680\">El uso de esta web implica la aceptaci\u00f3n plena de los t\u00e9rminos y condiciones aqu\u00ed expuestos. La organizaci\u00f3n se reserva el derecho de modificarlos en cualquier momento.<\/p>\t\t\t\t\t\t\t\t<\/div>\n\t\t\t\t<\/div>\n\t\t\t\t<\/div>\n\t\t\t\t\t<\/div>\n\t\t\t\t<\/div>\n\t\t<div class=\"elementor-element elementor-element-ff928e1 e-flex e-con-boxed e-con e-parent\" data-id=\"ff928e1\" data-element_type=\"container\">\n\t\t\t\t\t<div class=\"e-con-inner\">\n\t\t<div class=\"elementor-element elementor-element-feeaca1 e-con-full e-flex e-con e-child\" data-id=\"feeaca1\" data-element_type=\"container\">\n\t\t<div class=\"elementor-element elementor-element-74da38e e-con-full e-flex e-con e-child\" data-id=\"74da38e\" data-element_type=\"container\">\n\t\t\t\t<div class=\"elementor-element elementor-element-c4b9309 elementor-widget elementor-widget-heading\" data-id=\"c4b9309\" data-element_type=\"widget\" data-widget_type=\"heading.default\">\n\t\t\t\t<div class=\"elementor-widget-container\">\n\t\t\t\t\t<h2 class=\"elementor-heading-title elementor-size-default\">Pol\u00edtica de Privacidad<\/h2>\t\t\t\t<\/div>\n\t\t\t\t<\/div>\n\t\t\t\t<\/div>\n\t\t\t\t<\/div>\n\t\t\t\t\t<\/div>\n\t\t\t\t<\/div>\n\t\t<div class=\"elementor-element elementor-element-6c42b54 e-flex e-con-boxed e-con e-parent\" data-id=\"6c42b54\" data-element_type=\"container\">\n\t\t\t\t\t<div class=\"e-con-inner\">\n\t\t<div class=\"elementor-element elementor-element-2e0be4a e-con-full e-flex e-con e-child\" data-id=\"2e0be4a\" data-element_type=\"container\">\n\t\t\t\t<div class=\"elementor-element elementor-element-29d292d elementor-widget elementor-widget-text-editor\" data-id=\"29d292d\" data-element_type=\"widget\" data-widget_type=\"text-editor.default\">\n\t\t\t\t<div class=\"elementor-widget-container\">\n\t\t\t\t\t\t\t\t\t<p class=\"\" data-start=\"720\" data-end=\"866\"><strong data-start=\"720\" data-end=\"762\">1. Responsable del tratamiento de datos<\/strong><br data-start=\"762\" data-end=\"765\" \/>El responsable del tratamiento de los datos recopilados a trav\u00e9s de esta web es Ametlla Film Fest.<\/p><p class=\"\" data-start=\"868\" data-end=\"980\"><strong data-start=\"868\" data-end=\"904\">2. Datos recopilados y finalidad<\/strong><br data-start=\"904\" data-end=\"907\" \/>Los datos personales recopilados se realizar\u00e1n \u00fanicamente con el fin de:<\/p><ul data-start=\"981\" data-end=\"1136\"><li class=\"\" data-start=\"981\" data-end=\"1016\"><p class=\"\" data-start=\"983\" data-end=\"1016\">Gestionar la compra de entradas.<\/p><\/li><li class=\"\" data-start=\"1017\" data-end=\"1098\"><p class=\"\" data-start=\"1019\" data-end=\"1098\">Enviar informaci\u00f3n sobre el festival (solo si el usuario da su consentimiento).<\/p><\/li><li class=\"\" data-start=\"1099\" data-end=\"1136\"><p class=\"\" data-start=\"1101\" data-end=\"1136\">Resolver consultas o incidencias.<\/p><\/li><\/ul><p class=\"\" data-start=\"1138\" data-end=\"1217\">Los datos no ser\u00e1n compartidos con terceros, excepto en caso de obligaci\u00f3n legal.<\/p><p class=\"\" data-start=\"1219\" data-end=\"1298\"><strong data-start=\"1219\" data-end=\"1243\">3. Derechos del usuario<\/strong><br data-start=\"1243\" data-end=\"1246\" \/>Los usuarios pueden solicitar en cualquier momento:<\/p><ul data-start=\"1299\" data-end=\"1418\"><li class=\"\" data-start=\"1299\" data-end=\"1356\"><p class=\"\" data-start=\"1301\" data-end=\"1356\">El acceso, rectificaci\u00f3n o eliminaci\u00f3n de sus datos.<\/p><\/li><li class=\"\" data-start=\"1357\" data-end=\"1418\"><p class=\"\" data-start=\"1359\" data-end=\"1418\">La limitaci\u00f3n u oposici\u00f3n al tratamiento de sus datos.<\/p><\/li><\/ul><p class=\"\" data-start=\"1420\" data-end=\"1491\">Para ejercer estos derechos, pueden contactarnos a info@ametllafilmfest.com<\/p>\t\t\t\t\t\t\t\t<\/div>\n\t\t\t\t<\/div>\n\t\t\t\t<\/div>\n\t\t\t\t\t<\/div>\n\t\t\t\t<\/div>\n\t\t<div class=\"elementor-element elementor-element-e3ac0f2 e-flex e-con-boxed e-con e-parent\" data-id=\"e3ac0f2\" data-element_type=\"container\">\n\t\t\t\t\t<div class=\"e-con-inner\">\n\t\t<div class=\"elementor-element elementor-element-254a322 e-con-full e-flex e-con e-child\" data-id=\"254a322\" data-element_type=\"container\">\n\t\t<div class=\"elementor-element elementor-element-9a3c48b e-con-full e-flex e-con e-child\" data-id=\"9a3c48b\" data-element_type=\"container\">\n\t\t\t\t<div class=\"elementor-element elementor-element-c4d166f elementor-widget elementor-widget-heading\" data-id=\"c4d166f\" data-element_type=\"widget\" data-widget_type=\"heading.default\">\n\t\t\t\t<div class=\"elementor-widget-container\">\n\t\t\t\t\t<h2 class=\"elementor-heading-title elementor-size-default\">Pol\u00edtica de Cookies<\/h2>\t\t\t\t<\/div>\n\t\t\t\t<\/div>\n\t\t\t\t<\/div>\n\t\t\t\t<\/div>\n\t\t\t\t\t<\/div>\n\t\t\t\t<\/div>\n\t\t<div class=\"elementor-element elementor-element-a664949 e-flex e-con-boxed e-con e-parent\" data-id=\"a664949\" data-element_type=\"container\">\n\t\t\t\t\t<div class=\"e-con-inner\">\n\t\t<div class=\"elementor-element elementor-element-b96235e e-con-full e-flex e-con e-child\" data-id=\"b96235e\" data-element_type=\"container\">\n\t\t\t\t<div class=\"elementor-element elementor-element-e9f9c3e elementor-widget elementor-widget-text-editor\" data-id=\"e9f9c3e\" data-element_type=\"widget\" data-widget_type=\"text-editor.default\">\n\t\t\t\t<div class=\"elementor-widget-container\">\n\t\t\t\t\t\t\t\t\t<p class=\"\" data-start=\"1528\" data-end=\"1657\">Esta p\u00e1gina web utiliza cookies propias y de terceros para mejorar la experiencia de navegaci\u00f3n y obtener datos estad\u00edsticos.<\/p><p class=\"\" data-start=\"1659\" data-end=\"1808\"><strong data-start=\"1659\" data-end=\"1686\">1. \u00bfQu\u00e9 son las cookies?<\/strong><br data-start=\"1686\" data-end=\"1689\" \/>Las cookies son peque\u00f1os archivos de datos que se almacenan en el dispositivo del usuario para facilitar el uso de la web.<\/p><p class=\"\" data-start=\"1810\" data-end=\"1847\"><strong data-start=\"1810\" data-end=\"1845\">2. Tipos de cookies utilizadas<\/strong><\/p><ul data-start=\"1848\" data-end=\"2094\"><li class=\"\" data-start=\"1848\" data-end=\"1917\"><p class=\"\" data-start=\"1850\" data-end=\"1917\"><strong data-start=\"1850\" data-end=\"1872\">Cookies t\u00e9cnicas:<\/strong> Necesarias para el funcionamiento de la web.<\/p><\/li><li class=\"\" data-start=\"1918\" data-end=\"2012\"><p class=\"\" data-start=\"1920\" data-end=\"2012\"><strong data-start=\"1920\" data-end=\"1944\">Cookies anal\u00edticas:<\/strong> Permiten medir el tr\u00e1fico y mejorar la experiencia del usuario.<\/p><\/li><li class=\"\" data-start=\"2013\" data-end=\"2094\"><p class=\"\" data-start=\"2015\" data-end=\"2094\"><strong data-start=\"2015\" data-end=\"2038\">Cookies de terceros:<\/strong> Utilizadas por servicios externos como Google Analytics.<\/p><\/li><\/ul><p class=\"\" data-start=\"2096\" data-end=\"2279\">El usuario puede aceptar, configurar o rechazar las cookies a trav\u00e9s del banner emergente al acceder a la web. Tambi\u00e9n puede modificar las preferencias desde la configuraci\u00f3n del navegador.<\/p>\t\t\t\t\t\t\t\t<\/div>\n\t\t\t\t<\/div>\n\t\t\t\t<\/div>\n\t\t\t\t\t<\/div>\n\t\t\t\t<\/div>\n\t\t<div class=\"elementor-element elementor-element-bca39fa e-flex e-con-boxed e-con e-parent\" data-id=\"bca39fa\" data-element_type=\"container\">\n\t\t\t\t\t<div class=\"e-con-inner\">\n\t\t<div class=\"elementor-element elementor-element-9945bc6 e-con-full e-flex e-con e-child\" data-id=\"9945bc6\" data-element_type=\"container\">\n\t\t<div class=\"elementor-element elementor-element-800cc66 e-con-full e-flex e-con e-child\" data-id=\"800cc66\" data-element_type=\"container\">\n\t\t\t\t<div class=\"elementor-element elementor-element-f3be59d elementor-widget elementor-widget-heading\" data-id=\"f3be59d\" data-element_type=\"widget\" data-widget_type=\"heading.default\">\n\t\t\t\t<div class=\"elementor-widget-container\">\n\t\t\t\t\t<h2 class=\"elementor-heading-title elementor-size-default\">Condiciones de Venta<\/h2>\t\t\t\t<\/div>\n\t\t\t\t<\/div>\n\t\t\t\t<\/div>\n\t\t\t\t<\/div>\n\t\t\t\t\t<\/div>\n\t\t\t\t<\/div>\n\t\t<div class=\"elementor-element elementor-element-74f98e3 e-flex e-con-boxed e-con e-parent\" data-id=\"74f98e3\" data-element_type=\"container\">\n\t\t\t\t\t<div class=\"e-con-inner\">\n\t\t<div class=\"elementor-element elementor-element-7d410d9 e-con-full e-flex e-con e-child\" data-id=\"7d410d9\" data-element_type=\"container\">\n\t\t\t\t<div class=\"elementor-element elementor-element-6d8ac6c elementor-widget elementor-widget-text-editor\" data-id=\"6d8ac6c\" data-element_type=\"widget\" data-widget_type=\"text-editor.default\">\n\t\t\t\t<div class=\"elementor-widget-container\">\n\t\t\t\t\t\t\t\t\t<p class=\"\" data-start=\"2316\" data-end=\"2342\"><strong data-start=\"2316\" data-end=\"2340\">1. Compra de entradas<\/strong><\/p><ul data-start=\"2343\" data-end=\"2620\"><li class=\"\" data-start=\"2343\" data-end=\"2459\"><p class=\"\" data-start=\"2345\" data-end=\"2459\">Las entradas se pueden adquirir a trav\u00e9s de la web oficial y en establecimientos f\u00edsicos informados por la organizaci\u00f3n.<\/p><\/li><li class=\"\" data-start=\"2460\" data-end=\"2557\"><p class=\"\" data-start=\"2462\" data-end=\"2557\">La compra se confirmar\u00e1 una vez se haya completado el pago y recibido el correo de confirmaci\u00f3n.<\/p><\/li><li class=\"\" data-start=\"2558\" data-end=\"2620\"><p class=\"\" data-start=\"2560\" data-end=\"2620\">Cada entrada es v\u00e1lida \u00fanicamente para la sesi\u00f3n indicada.<\/p><\/li><\/ul><p class=\"\" data-start=\"2622\" data-end=\"2671\"><strong data-start=\"2622\" data-end=\"2669\">2. Pol\u00edtica de Cancelaci\u00f3n y Reembolso<\/strong><\/p><ul data-start=\"2672\" data-end=\"2878\"><li class=\"\" data-start=\"2672\" data-end=\"2773\"><p class=\"\" data-start=\"2674\" data-end=\"2773\">No se aceptan cancelaciones ni reembolsos, excepto en caso de cancelaci\u00f3n del evento.<\/p><\/li><li class=\"\" data-start=\"2774\" data-end=\"2878\"><p class=\"\" data-start=\"2776\" data-end=\"2878\">En caso de fuerza mayor, la organizaci\u00f3n se pondr\u00e1 en contacto con los asistentes para ofrecer soluciones.<\/p><\/li><\/ul><p class=\"\" data-start=\"2880\" data-end=\"2906\"><strong data-start=\"2880\" data-end=\"2904\">3. Acceso y Normativa<\/strong><\/p><ul data-start=\"2907\" data-end=\"3044\"><li class=\"\" data-start=\"2907\" data-end=\"2985\"><p class=\"\" data-start=\"2909\" data-end=\"2985\">Es necesario presentar la entrada (digital o impresa) en el acceso al recinto.<\/p><\/li><li class=\"\" data-start=\"2986\" data-end=\"3044\"><p class=\"\" data-start=\"2988\" data-end=\"3044\">No se permitir\u00e1 la entrada una vez iniciada la proyecci\u00f3n.<\/p><\/li><\/ul>\t\t\t\t\t\t\t\t<\/div>\n\t\t\t\t<\/div>\n\t\t\t\t<\/div>\n\t\t\t\t\t<\/div>\n\t\t\t\t<\/div>\n\t\t<div class=\"elementor-element elementor-element-88895c2 e-flex e-con-boxed e-con e-parent\" data-id=\"88895c2\" data-element_type=\"container\">\n\t\t\t\t\t<div class=\"e-con-inner\">\n\t\t<div class=\"elementor-element elementor-element-aefd489 e-con-full e-flex e-con e-child\" data-id=\"aefd489\" data-element_type=\"container\">\n\t\t<div class=\"elementor-element elementor-element-667ee68 e-con-full e-flex e-con e-child\" data-id=\"667ee68\" data-element_type=\"container\">\n\t\t\t\t<div class=\"elementor-element elementor-element-192905a elementor-widget elementor-widget-heading\" data-id=\"192905a\" data-element_type=\"widget\" data-widget_type=\"heading.default\">\n\t\t\t\t<div class=\"elementor-widget-container\">\n\t\t\t\t\t<h2 class=\"elementor-heading-title elementor-size-default\">Derechos de imagen y grabaci\u00f3n<\/h2>\t\t\t\t<\/div>\n\t\t\t\t<\/div>\n\t\t\t\t<\/div>\n\t\t\t\t<\/div>\n\t\t\t\t\t<\/div>\n\t\t\t\t<\/div>\n\t\t<div class=\"elementor-element elementor-element-89cb378 e-flex e-con-boxed e-con e-parent\" data-id=\"89cb378\" data-element_type=\"container\">\n\t\t\t\t\t<div class=\"e-con-inner\">\n\t\t<div class=\"elementor-element elementor-element-9a9ccf0 e-con-full e-flex e-con e-child\" data-id=\"9a9ccf0\" data-element_type=\"container\">\n\t\t\t\t<div class=\"elementor-element elementor-element-3b167c5 elementor-widget elementor-widget-text-editor\" data-id=\"3b167c5\" data-element_type=\"widget\" data-widget_type=\"text-editor.default\">\n\t\t\t\t<div class=\"elementor-widget-container\">\n\t\t\t\t\t\t\t\t\t<p class=\"\" data-start=\"3087\" data-end=\"3174\">Durante el festival se podr\u00e1n realizar fotograf\u00edas y grabaciones para uso promocional.<\/p><p class=\"\" data-start=\"3176\" data-end=\"3203\"><strong data-start=\"3176\" data-end=\"3201\">1. Captaci\u00f3n de im\u00e1genes<\/strong><\/p><ul data-start=\"3204\" data-end=\"3415\"><li class=\"\" data-start=\"3204\" data-end=\"3319\"><p class=\"\" data-start=\"3206\" data-end=\"3319\">Asistiendo al evento, los participantes aceptan que pueden aparecer en material audiovisual del festival.<\/p><\/li><li class=\"\" data-start=\"3320\" data-end=\"3415\"><p class=\"\" data-start=\"3322\" data-end=\"3415\">Este material podr\u00e1 ser utilizado en redes sociales, p\u00e1gina web y otros canales oficiales.<\/p><\/li><\/ul><p class=\"\" data-start=\"3417\" data-end=\"3593\"><strong data-start=\"3417\" data-end=\"3452\">2. Oposici\u00f3n al uso de la imagen<\/strong><br data-start=\"3452\" data-end=\"3455\" \/>Si alg\u00fan asistente no desea que su imagen sea utilizada, puede contactar con la organizaci\u00f3n a trav\u00e9s del correo info@ametllafilmfest.com<\/p>\t\t\t\t\t\t\t\t<\/div>\n\t\t\t\t<\/div>\n\t\t\t\t<\/div>\n\t\t\t\t\t<\/div>\n\t\t\t\t<\/div>\n\t\t\t\t<\/div>","protected":false},"excerpt":{"rendered":"<p>Av\u00eds Legal 1. Informaci\u00f3 generalD\u2019acord amb el que estableix la Llei 34\/2002, d\u201911 de juliol, de serveis de la societat de la informaci\u00f3 i comer\u00e7 electr\u00f2nic (LSSICE), s\u2019informa als usuaris que aquesta p\u00e0gina web \u00e9s propietat de: Nom de l\u2019organitzaci\u00f3: Ametlla Film Fest Adre\u00e7a: Pla\u00e7a Nova, 15. 43860 L&#8217;Ametlla de Mar, Tarragona Correu electr\u00f2nic: info@ametllafilmfest.com<\/p>\n<div class=\"klb-readmore post-buttons\"><a class=\"btn btn-black btn-rounded\" href=\"https:\/\/ametllafilmfest.com\/es\/privacy-policy-2\/\">Read More <i class=\"klbth-icon-right-arrow\"><\/i><\/a><\/div>","protected":false},"author":1,"featured_media":0,"parent":0,"menu_order":0,"comment_status":"closed","ping_status":"closed","template":"","meta":{"footnotes":""},"class_list":["post-1459","page","type-page","status-publish","hentry"],"_links":{"self":[{"href":"https:\/\/ametllafilmfest.com\/es\/wp-json\/wp\/v2\/pages\/1459","targetHints":{"allow":["GET"]}}],"collection":[{"href":"https:\/\/ametllafilmfest.com\/es\/wp-json\/wp\/v2\/pages"}],"about":[{"href":"https:\/\/ametllafilmfest.com\/es\/wp-json\/wp\/v2\/types\/page"}],"author":[{"embeddable":true,"href":"https:\/\/ametllafilmfest.com\/es\/wp-json\/wp\/v2\/users\/1"}],"replies":[{"embeddable":true,"href":"https:\/\/ametllafilmfest.com\/es\/wp-json\/wp\/v2\/comments?post=1459"}],"version-history":[{"count":5,"href":"https:\/\/ametllafilmfest.com\/es\/wp-json\/wp\/v2\/pages\/1459\/revisions"}],"predecessor-version":[{"id":2855,"href":"https:\/\/ametllafilmfest.com\/es\/wp-json\/wp\/v2\/pages\/1459\/revisions\/2855"}],"wp:attachment":[{"href":"https:\/\/ametllafilmfest.com\/es\/wp-json\/wp\/v2\/media?parent=1459"}],"curies":[{"name":"wp","href":"https:\/\/api.w.org\/{rel}","templated":true}]}}