{"id":2508,"date":"2025-03-30T20:15:51","date_gmt":"2025-03-30T20:15:51","guid":{"rendered":"https:\/\/ametllafilmfest.com\/?page_id=2508"},"modified":"2025-04-14T16:17:56","modified_gmt":"2025-04-14T16:17:56","slug":"curtmetratges-pies","status":"publish","type":"page","link":"https:\/\/ametllafilmfest.com\/es\/curtmetratges-pies\/","title":{"rendered":"Curtmetratges | Pies"},"content":{"rendered":"<div data-elementor-type=\"wp-page\" data-elementor-id=\"2508\" class=\"elementor elementor-2508\">\n\t\t\t\t<div class=\"elementor-element elementor-element-4eac3794 e-flex e-con-boxed e-con e-parent\" data-id=\"4eac3794\" data-element_type=\"container\">\n\t\t\t\t\t<div class=\"e-con-inner\">\n\t\t<div class=\"elementor-element elementor-element-40757941 e-con-full e-flex e-con e-child\" data-id=\"40757941\" data-element_type=\"container\">\n\t\t\t\t<div class=\"elementor-element elementor-element-734c49c elementor-widget elementor-widget-spacer\" data-id=\"734c49c\" data-element_type=\"widget\" data-widget_type=\"spacer.default\">\n\t\t\t\t<div class=\"elementor-widget-container\">\n\t\t\t\t\t\t\t<div class=\"elementor-spacer\">\n\t\t\t<div class=\"elementor-spacer-inner\"><\/div>\n\t\t<\/div>\n\t\t\t\t\t\t<\/div>\n\t\t\t\t<\/div>\n\t\t\t\t<\/div>\n\t\t\t\t\t<\/div>\n\t\t\t\t<\/div>\n\t\t<div class=\"elementor-element elementor-element-33be23de e-flex e-con-boxed e-con e-parent\" data-id=\"33be23de\" data-element_type=\"container\">\n\t\t\t\t\t<div class=\"e-con-inner\">\n\t\t<div class=\"elementor-element elementor-element-ee4db84 e-con-full e-flex e-con e-child\" data-id=\"ee4db84\" data-element_type=\"container\">\n\t\t\t\t<div class=\"elementor-element elementor-element-42d64b47 elementor-widget elementor-widget-fynode-image-box\" data-id=\"42d64b47\" data-element_type=\"widget\" data-widget_type=\"fynode-image-box.default\">\n\t\t\t\t<div class=\"elementor-widget-container\">\n\t\t\t\t\t<div class=\"site-image-content\"><div class=\"entry-media\"><a href=\"\" ><img decoding=\"async\" src=\"https:\/\/ametllafilmfest.com\/wp-content\/uploads\/2025\/03\/263-poster_Pies-scaled.jpg\"><\/a><\/div><!-- entry-media --><div class=\"entry-content\"><\/div><!-- entry-content --><\/div><!-- site-image-content -->\t\t\t\t<\/div>\n\t\t\t\t<\/div>\n\t\t\t\t<\/div>\n\t\t\t\t\t<\/div>\n\t\t\t\t<\/div>\n\t\t<div class=\"elementor-element elementor-element-4fc8dbff e-flex e-con-boxed e-con e-parent\" data-id=\"4fc8dbff\" data-element_type=\"container\">\n\t\t\t\t\t<div class=\"e-con-inner\">\n\t\t<div class=\"elementor-element elementor-element-4a7f20a6 e-con-full e-flex e-con e-child\" data-id=\"4a7f20a6\" data-element_type=\"container\">\n\t\t\t\t<div class=\"elementor-element elementor-element-7980fb42 elementor-widget elementor-widget-heading\" data-id=\"7980fb42\" data-element_type=\"widget\" data-widget_type=\"heading.default\">\n\t\t\t\t<div class=\"elementor-widget-container\">\n\t\t\t\t\t<h2 class=\"elementor-heading-title elementor-size-default\">Pies<\/h2>\t\t\t\t<\/div>\n\t\t\t\t<\/div>\n\t\t\t\t<\/div>\n\t\t\t\t\t<\/div>\n\t\t\t\t<\/div>\n\t\t<div class=\"elementor-element elementor-element-1c27ff6b e-flex e-con-boxed e-con e-parent\" data-id=\"1c27ff6b\" data-element_type=\"container\">\n\t\t\t\t\t<div class=\"e-con-inner\">\n\t\t<div class=\"elementor-element elementor-element-29066b43 e-con-full e-flex e-con e-child\" data-id=\"29066b43\" data-element_type=\"container\">\n\t\t<div class=\"elementor-element elementor-element-4a4574eb e-con-full e-flex e-con e-child\" data-id=\"4a4574eb\" data-element_type=\"container\">\n\t\t\t\t<div class=\"elementor-element elementor-element-539205ed elementor-widget elementor-widget-fynode-custom-title\" data-id=\"539205ed\" data-element_type=\"widget\" data-widget_type=\"fynode-custom-title.default\">\n\t\t\t\t<div class=\"elementor-widget-container\">\n\t\t\t\t\t<div class=\"site-module-header fynode-custom-title\"><div class=\"column\"><h3 class=\"entry-title\">Oscar Campos, Paula V\u00e9lez<\/h3><\/div><!-- column --><div class=\"column\"><div class=\"entry-description\"><p>Un adolescente agobiado por las discusiones continuas con su padre encuentra una manera f\u00e1cil de ganar dinero para irse de casa: vender an\u00f3nimamente fotos de sus pies. A medida que se adentra en este oscuro mundo, tendr\u00e1 una revelaci\u00f3n que le cambiar\u00e1 la vida.<\/p><\/div><!-- entry-descriptio --><\/div><!-- column --><\/div>\t\t\t\t<\/div>\n\t\t\t\t<\/div>\n\t\t\t\t<\/div>\n\t\t\t\t<\/div>\n\t\t\t\t\t<\/div>\n\t\t\t\t<\/div>\n\t\t<div class=\"elementor-element elementor-element-7bb98fc5 e-flex e-con-boxed e-con e-parent\" data-id=\"7bb98fc5\" data-element_type=\"container\">\n\t\t\t\t\t<div class=\"e-con-inner\">\n\t\t<div class=\"elementor-element elementor-element-2a657608 e-con-full e-flex e-con e-child\" data-id=\"2a657608\" data-element_type=\"container\">\n\t\t<div class=\"elementor-element elementor-element-190a061e e-con-full e-flex e-con e-child\" data-id=\"190a061e\" data-element_type=\"container\">\n\t\t<div class=\"elementor-element elementor-element-44c82c38 e-con-full e-flex e-con e-child\" data-id=\"44c82c38\" data-element_type=\"container\">\n\t\t\t\t<div class=\"elementor-element elementor-element-49e5473c elementor-widget-divider--view-line elementor-widget elementor-widget-divider\" data-id=\"49e5473c\" data-element_type=\"widget\" data-widget_type=\"divider.default\">\n\t\t\t\t<div class=\"elementor-widget-container\">\n\t\t\t\t\t\t\t<div class=\"elementor-divider\">\n\t\t\t<span class=\"elementor-divider-separator\">\n\t\t\t\t\t\t<\/span>\n\t\t<\/div>\n\t\t\t\t\t\t<\/div>\n\t\t\t\t<\/div>\n\t\t\t\t<div class=\"elementor-element elementor-element-33765bb5 elementor-widget elementor-widget-fynode-custom-title\" data-id=\"33765bb5\" data-element_type=\"widget\" data-widget_type=\"fynode-custom-title.default\">\n\t\t\t\t<div class=\"elementor-widget-container\">\n\t\t\t\t\t<div class=\"site-module-header fynode-custom-title\"><div class=\"column\"><h3 class=\"entry-title\">Categor\u00eda<\/h3><\/div><!-- column --><div class=\"column\"><div class=\"entry-description\"><p>Ficci\u00f3n, Otros<\/p><\/div><!-- entry-descriptio --><\/div><!-- column --><\/div>\t\t\t\t<\/div>\n\t\t\t\t<\/div>\n\t\t\t\t<\/div>\n\t\t<div class=\"elementor-element elementor-element-e0ffe4c e-con-full e-flex e-con e-child\" data-id=\"e0ffe4c\" data-element_type=\"container\">\n\t\t\t\t<div class=\"elementor-element elementor-element-27fa6060 elementor-widget-divider--view-line elementor-widget elementor-widget-divider\" data-id=\"27fa6060\" data-element_type=\"widget\" data-widget_type=\"divider.default\">\n\t\t\t\t<div class=\"elementor-widget-container\">\n\t\t\t\t\t\t\t<div class=\"elementor-divider\">\n\t\t\t<span class=\"elementor-divider-separator\">\n\t\t\t\t\t\t<\/span>\n\t\t<\/div>\n\t\t\t\t\t\t<\/div>\n\t\t\t\t<\/div>\n\t\t\t\t<div class=\"elementor-element elementor-element-57fa0eae elementor-widget elementor-widget-fynode-custom-title\" data-id=\"57fa0eae\" data-element_type=\"widget\" data-widget_type=\"fynode-custom-title.default\">\n\t\t\t\t<div class=\"elementor-widget-container\">\n\t\t\t\t\t<div class=\"site-module-header fynode-custom-title\"><div class=\"column\"><h3 class=\"entry-title\">G\u00e9nero<\/h3><\/div><!-- column --><div class=\"column\"><div class=\"entry-description\"><p>Drama<\/p><\/div><!-- entry-descriptio --><\/div><!-- column --><\/div>\t\t\t\t<\/div>\n\t\t\t\t<\/div>\n\t\t\t\t<\/div>\n\t\t<div class=\"elementor-element elementor-element-61c1537e e-con-full e-flex e-con e-child\" data-id=\"61c1537e\" data-element_type=\"container\">\n\t\t\t\t<div class=\"elementor-element elementor-element-3af41763 elementor-widget-divider--view-line elementor-widget elementor-widget-divider\" data-id=\"3af41763\" data-element_type=\"widget\" data-widget_type=\"divider.default\">\n\t\t\t\t<div class=\"elementor-widget-container\">\n\t\t\t\t\t\t\t<div class=\"elementor-divider\">\n\t\t\t<span class=\"elementor-divider-separator\">\n\t\t\t\t\t\t<\/span>\n\t\t<\/div>\n\t\t\t\t\t\t<\/div>\n\t\t\t\t<\/div>\n\t\t\t\t<div class=\"elementor-element elementor-element-3003d476 elementor-widget elementor-widget-fynode-custom-title\" data-id=\"3003d476\" data-element_type=\"widget\" data-widget_type=\"fynode-custom-title.default\">\n\t\t\t\t<div class=\"elementor-widget-container\">\n\t\t\t\t\t<div class=\"site-module-header fynode-custom-title\"><div class=\"column\"><h3 class=\"entry-title\">Tem\u00e1tica<\/h3><\/div><!-- column --><div class=\"column\"><div class=\"entry-description\"><p>Juvenil<\/p><\/div><!-- entry-descriptio --><\/div><!-- column --><\/div>\t\t\t\t<\/div>\n\t\t\t\t<\/div>\n\t\t\t\t<\/div>\n\t\t\t\t<\/div>\n\t\t\t\t<\/div>\n\t\t\t\t\t<\/div>\n\t\t\t\t<\/div>\n\t\t<div class=\"elementor-element elementor-element-64adfe49 e-flex e-con-boxed e-con e-parent\" data-id=\"64adfe49\" data-element_type=\"container\">\n\t\t\t\t\t<div class=\"e-con-inner\">\n\t\t\t\t<div class=\"elementor-element elementor-element-55339526 elementor-widget elementor-widget-video\" data-id=\"55339526\" data-element_type=\"widget\" data-settings=\"{&quot;video_type&quot;:&quot;hosted&quot;,&quot;show_image_overlay&quot;:&quot;yes&quot;,&quot;image_overlay&quot;:{&quot;url&quot;:&quot;https:\\\/\\\/ametllafilmfest.com\\\/wp-content\\\/uploads\\\/2025\\\/04\\\/263-banner_Pies-1-scaled.jpg&quot;,&quot;id&quot;:2907,&quot;size&quot;:&quot;&quot;,&quot;alt&quot;:&quot;&quot;,&quot;source&quot;:&quot;library&quot;},&quot;controls&quot;:&quot;yes&quot;}\" data-widget_type=\"video.default\">\n\t\t\t\t<div class=\"elementor-widget-container\">\n\t\t\t\t\t\t\t<div class=\"e-hosted-video elementor-wrapper elementor-open-inline\">\n\t\t\t\t\t<video class=\"elementor-video\" src=\"https:\/\/ametllafilmfest.com\/wp-content\/uploads\/2025\/04\/PIES-2025-Trailer-Subtitulat-en-Catala-1.mp4\" controls=\"\" preload=\"metadata\" controlslist=\"nodownload\"><\/video>\n\t\t\t\t\t\t<div class=\"elementor-custom-embed-image-overlay\" style=\"background-image: url(https:\/\/ametllafilmfest.com\/wp-content\/uploads\/2025\/04\/263-banner_Pies-1-scaled.jpg);\">\n\t\t\t\t\t\t\t\t\t\t\t\t\t\t\t\t<div class=\"elementor-custom-embed-play\" role=\"button\" aria-label=\"Reproducir v\u00eddeo\" tabindex=\"0\">\n\t\t\t\t\t\t\t<svg aria-hidden=\"true\" class=\"e-font-icon-svg e-eicon-play\" viewbox=\"0 0 1000 1000\" xmlns=\"http:\/\/www.w3.org\/2000\/svg\"><path d=\"M838 162C746 71 633 25 500 25 371 25 258 71 163 162 71 254 25 367 25 500 25 633 71 746 163 837 254 929 367 979 500 979 633 979 746 933 838 837 929 746 975 633 975 500 975 367 929 254 838 162M808 192C892 279 933 379 933 500 933 621 892 725 808 808 725 892 621 938 500 938 379 938 279 896 196 808 113 725 67 621 67 500 67 379 108 279 196 192 279 108 383 62 500 62 621 62 721 108 808 192M438 392V642L642 517 438 392Z\"><\/path><\/svg>\t\t\t\t\t\t<\/div>\n\t\t\t\t\t\t\t\t\t<\/div>\n\t\t\t\t\t<\/div>\n\t\t\t\t\t\t<\/div>\n\t\t\t\t<\/div>\n\t\t\t\t\t<\/div>\n\t\t\t\t<\/div>\n\t\t\t\t<\/div>","protected":false},"excerpt":{"rendered":"<p>Pies Oscar Campos, Paula V\u00e9lez Un adolescent aclaparat per les discussions cont\u00ednues amb el seu pare troba una manera de guanyar diners f\u00e0cilment per marxar de casa: vendre an\u00f2nimament fotos dels seus peus. A mesura que s&#8217;endinsa en aquest m\u00f3n fosc, tindr\u00e0 una revelaci\u00f3 que li canviar\u00e0 la vida. Categor\u00eda Ficci\u00f3, Altres G\u00e8nere Drama Tem\u00e0tica<\/p>\n<div class=\"klb-readmore post-buttons\"><a class=\"btn btn-black btn-rounded\" href=\"https:\/\/ametllafilmfest.com\/es\/curtmetratges-pies\/\">Read More <i class=\"klbth-icon-right-arrow\"><\/i><\/a><\/div>","protected":false},"author":1,"featured_media":0,"parent":0,"menu_order":0,"comment_status":"closed","ping_status":"closed","template":"elementor_theme","meta":{"footnotes":""},"class_list":["post-2508","page","type-page","status-publish","hentry"],"_links":{"self":[{"href":"https:\/\/ametllafilmfest.com\/es\/wp-json\/wp\/v2\/pages\/2508","targetHints":{"allow":["GET"]}}],"collection":[{"href":"https:\/\/ametllafilmfest.com\/es\/wp-json\/wp\/v2\/pages"}],"about":[{"href":"https:\/\/ametllafilmfest.com\/es\/wp-json\/wp\/v2\/types\/page"}],"author":[{"embeddable":true,"href":"https:\/\/ametllafilmfest.com\/es\/wp-json\/wp\/v2\/users\/1"}],"replies":[{"embeddable":true,"href":"https:\/\/ametllafilmfest.com\/es\/wp-json\/wp\/v2\/comments?post=2508"}],"version-history":[{"count":5,"href":"https:\/\/ametllafilmfest.com\/es\/wp-json\/wp\/v2\/pages\/2508\/revisions"}],"predecessor-version":[{"id":3234,"href":"https:\/\/ametllafilmfest.com\/es\/wp-json\/wp\/v2\/pages\/2508\/revisions\/3234"}],"wp:attachment":[{"href":"https:\/\/ametllafilmfest.com\/es\/wp-json\/wp\/v2\/media?parent=2508"}],"curies":[{"name":"wp","href":"https:\/\/api.w.org\/{rel}","templated":true}]}}