{"id":2517,"date":"2025-03-30T20:40:44","date_gmt":"2025-03-30T20:40:44","guid":{"rendered":"https:\/\/ametllafilmfest.com\/?page_id=2517"},"modified":"2025-03-30T20:54:42","modified_gmt":"2025-03-30T20:54:42","slug":"curtmetratges-lombra-de-la-badia","status":"publish","type":"page","link":"https:\/\/ametllafilmfest.com\/es\/curtmetratges-lombra-de-la-badia\/","title":{"rendered":"Curtmetratges | L&#8217;ombra de la Badia"},"content":{"rendered":"<div data-elementor-type=\"wp-page\" data-elementor-id=\"2517\" class=\"elementor elementor-2517\">\n\t\t\t\t<div class=\"elementor-element elementor-element-b7c070a e-flex e-con-boxed e-con e-parent\" data-id=\"b7c070a\" data-element_type=\"container\">\n\t\t\t\t\t<div class=\"e-con-inner\">\n\t\t<div class=\"elementor-element elementor-element-0c0e9df e-con-full e-flex e-con e-child\" data-id=\"0c0e9df\" data-element_type=\"container\">\n\t\t\t\t<div class=\"elementor-element elementor-element-ead91f4 elementor-widget elementor-widget-spacer\" data-id=\"ead91f4\" data-element_type=\"widget\" data-widget_type=\"spacer.default\">\n\t\t\t\t<div class=\"elementor-widget-container\">\n\t\t\t\t\t\t\t<div class=\"elementor-spacer\">\n\t\t\t<div class=\"elementor-spacer-inner\"><\/div>\n\t\t<\/div>\n\t\t\t\t\t\t<\/div>\n\t\t\t\t<\/div>\n\t\t\t\t<\/div>\n\t\t\t\t\t<\/div>\n\t\t\t\t<\/div>\n\t\t<div class=\"elementor-element elementor-element-82df9ac e-flex e-con-boxed e-con e-parent\" data-id=\"82df9ac\" data-element_type=\"container\">\n\t\t\t\t\t<div class=\"e-con-inner\">\n\t\t<div class=\"elementor-element elementor-element-cccdc09 e-con-full e-flex e-con e-child\" data-id=\"cccdc09\" data-element_type=\"container\">\n\t\t\t\t<div class=\"elementor-element elementor-element-b51d7ef elementor-widget elementor-widget-fynode-image-box\" data-id=\"b51d7ef\" data-element_type=\"widget\" data-widget_type=\"fynode-image-box.default\">\n\t\t\t\t<div class=\"elementor-widget-container\">\n\t\t\t\t\t<div class=\"site-image-content\"><div class=\"entry-media\"><a href=\"\" ><img decoding=\"async\" src=\"https:\/\/ametllafilmfest.com\/wp-content\/uploads\/2025\/03\/239-poster_LOmbra-de-la-Badia-scaled.jpg\"><\/a><\/div><!-- entry-media --><div class=\"entry-content\"><\/div><!-- entry-content --><\/div><!-- site-image-content -->\t\t\t\t<\/div>\n\t\t\t\t<\/div>\n\t\t\t\t<\/div>\n\t\t\t\t\t<\/div>\n\t\t\t\t<\/div>\n\t\t<div class=\"elementor-element elementor-element-176404d e-flex e-con-boxed e-con e-parent\" data-id=\"176404d\" data-element_type=\"container\">\n\t\t\t\t\t<div class=\"e-con-inner\">\n\t\t<div class=\"elementor-element elementor-element-d1ed7e3 e-con-full e-flex e-con e-child\" data-id=\"d1ed7e3\" data-element_type=\"container\">\n\t\t\t\t<div class=\"elementor-element elementor-element-19ff542 elementor-widget elementor-widget-heading\" data-id=\"19ff542\" data-element_type=\"widget\" data-widget_type=\"heading.default\">\n\t\t\t\t<div class=\"elementor-widget-container\">\n\t\t\t\t\t<h2 class=\"elementor-heading-title elementor-size-default\">L'ombra de la Badia<\/h2>\t\t\t\t<\/div>\n\t\t\t\t<\/div>\n\t\t\t\t<\/div>\n\t\t\t\t\t<\/div>\n\t\t\t\t<\/div>\n\t\t<div class=\"elementor-element elementor-element-110793b e-flex e-con-boxed e-con e-parent\" data-id=\"110793b\" data-element_type=\"container\">\n\t\t\t\t\t<div class=\"e-con-inner\">\n\t\t<div class=\"elementor-element elementor-element-55a0ca0 e-con-full e-flex e-con e-child\" data-id=\"55a0ca0\" data-element_type=\"container\">\n\t\t<div class=\"elementor-element elementor-element-46d5a6a e-con-full e-flex e-con e-child\" data-id=\"46d5a6a\" data-element_type=\"container\">\n\t\t\t\t<div class=\"elementor-element elementor-element-c8a847b elementor-widget elementor-widget-fynode-custom-title\" data-id=\"c8a847b\" data-element_type=\"widget\" data-widget_type=\"fynode-custom-title.default\">\n\t\t\t\t<div class=\"elementor-widget-container\">\n\t\t\t\t\t<div class=\"site-module-header fynode-custom-title\"><div class=\"column\"><h3 class=\"entry-title\">Daniel Llusa Ribes<\/h3><\/div><!-- column --><div class=\"column\"><div class=\"entry-description\"><p>Bajo el sol de verano, en La R\u00e0pita, un pueblo de las Terres de l\u2019Ebre en la costa catalana, llegan, como cada a\u00f1o, miles de turistas de todo tipo de or\u00edgenes, llenando las playas, los aparcamientos y\u2026 \u00bfel dep\u00f3sito de cad\u00e1veres?\n\nDos amigas (\u00c0ngela y Denise) quedan para salir de fiesta con una pareja que tambi\u00e9n son amigos suyos (Izan y Nerea), sin saber que estos \u00faltimos han metido las narices donde no deb\u00edan. Todos pueden tener un mal d\u00eda, pero para Tanit, una trabajadora local del Museo del Mar con fobia al turismo, hoy es la gota que colma el vaso. Tampoco ayuda el hecho de que vaya armada con una azada cargada con una maldici\u00f3n ancestral que ya se daba por leyenda.\n\nEn la bah\u00eda, puedes correr, pero no puedes esconderte. Es la hora de la caza de patos.\n\nCortometraje basado en un pasaje del libro *Camins de Nit*, de Sebasti\u00e0 Juan Arb\u00f3.<\/p><\/div><!-- entry-descriptio --><\/div><!-- column --><\/div>\t\t\t\t<\/div>\n\t\t\t\t<\/div>\n\t\t\t\t<\/div>\n\t\t\t\t<\/div>\n\t\t\t\t\t<\/div>\n\t\t\t\t<\/div>\n\t\t<div class=\"elementor-element elementor-element-6ac2e5c e-flex e-con-boxed e-con e-parent\" data-id=\"6ac2e5c\" data-element_type=\"container\">\n\t\t\t\t\t<div class=\"e-con-inner\">\n\t\t<div class=\"elementor-element elementor-element-e2398a9 e-con-full e-flex e-con e-child\" data-id=\"e2398a9\" data-element_type=\"container\">\n\t\t<div class=\"elementor-element elementor-element-d644b3e e-con-full e-flex e-con e-child\" data-id=\"d644b3e\" data-element_type=\"container\">\n\t\t<div class=\"elementor-element elementor-element-da9b3bd e-con-full e-flex e-con e-child\" data-id=\"da9b3bd\" data-element_type=\"container\">\n\t\t\t\t<div class=\"elementor-element elementor-element-16f6983 elementor-widget-divider--view-line elementor-widget elementor-widget-divider\" data-id=\"16f6983\" data-element_type=\"widget\" data-widget_type=\"divider.default\">\n\t\t\t\t<div class=\"elementor-widget-container\">\n\t\t\t\t\t\t\t<div class=\"elementor-divider\">\n\t\t\t<span class=\"elementor-divider-separator\">\n\t\t\t\t\t\t<\/span>\n\t\t<\/div>\n\t\t\t\t\t\t<\/div>\n\t\t\t\t<\/div>\n\t\t\t\t<div class=\"elementor-element elementor-element-83366e9 elementor-widget elementor-widget-fynode-custom-title\" data-id=\"83366e9\" data-element_type=\"widget\" data-widget_type=\"fynode-custom-title.default\">\n\t\t\t\t<div class=\"elementor-widget-container\">\n\t\t\t\t\t<div class=\"site-module-header fynode-custom-title\"><div class=\"column\"><h3 class=\"entry-title\">Categor\u00eda<\/h3><\/div><!-- column --><div class=\"column\"><div class=\"entry-description\"><p>Ficci\u00f3n, Fant\u00e1stico, Terror.<\/p><\/div><!-- entry-descriptio --><\/div><!-- column --><\/div>\t\t\t\t<\/div>\n\t\t\t\t<\/div>\n\t\t\t\t<\/div>\n\t\t<div class=\"elementor-element elementor-element-8b45963 e-con-full e-flex e-con e-child\" data-id=\"8b45963\" data-element_type=\"container\">\n\t\t\t\t<div class=\"elementor-element elementor-element-ac28614 elementor-widget-divider--view-line elementor-widget elementor-widget-divider\" data-id=\"ac28614\" data-element_type=\"widget\" data-widget_type=\"divider.default\">\n\t\t\t\t<div class=\"elementor-widget-container\">\n\t\t\t\t\t\t\t<div class=\"elementor-divider\">\n\t\t\t<span class=\"elementor-divider-separator\">\n\t\t\t\t\t\t<\/span>\n\t\t<\/div>\n\t\t\t\t\t\t<\/div>\n\t\t\t\t<\/div>\n\t\t\t\t<div class=\"elementor-element elementor-element-9cc8a57 elementor-widget elementor-widget-fynode-custom-title\" data-id=\"9cc8a57\" data-element_type=\"widget\" data-widget_type=\"fynode-custom-title.default\">\n\t\t\t\t<div class=\"elementor-widget-container\">\n\t\t\t\t\t<div class=\"site-module-header fynode-custom-title\"><div class=\"column\"><h3 class=\"entry-title\">G\u00e9nero<\/h3><\/div><!-- column --><div class=\"column\"><div class=\"entry-description\"><p>Comedia, Fantas\u00eda, Horror.<\/p><\/div><!-- entry-descriptio --><\/div><!-- column --><\/div>\t\t\t\t<\/div>\n\t\t\t\t<\/div>\n\t\t\t\t<\/div>\n\t\t<div class=\"elementor-element elementor-element-70654e8 e-con-full e-flex e-con e-child\" data-id=\"70654e8\" data-element_type=\"container\">\n\t\t\t\t<div class=\"elementor-element elementor-element-f361c83 elementor-widget-divider--view-line elementor-widget elementor-widget-divider\" data-id=\"f361c83\" data-element_type=\"widget\" data-widget_type=\"divider.default\">\n\t\t\t\t<div class=\"elementor-widget-container\">\n\t\t\t\t\t\t\t<div class=\"elementor-divider\">\n\t\t\t<span class=\"elementor-divider-separator\">\n\t\t\t\t\t\t<\/span>\n\t\t<\/div>\n\t\t\t\t\t\t<\/div>\n\t\t\t\t<\/div>\n\t\t\t\t<div class=\"elementor-element elementor-element-30b4f96 elementor-widget elementor-widget-fynode-custom-title\" data-id=\"30b4f96\" data-element_type=\"widget\" data-widget_type=\"fynode-custom-title.default\">\n\t\t\t\t<div class=\"elementor-widget-container\">\n\t\t\t\t\t<div class=\"site-module-header fynode-custom-title\"><div class=\"column\"><h3 class=\"entry-title\">Tem\u00e1tica<\/h3><\/div><!-- column --><div class=\"column\"><div class=\"entry-description\"><p>Cuestiones Sociales.<\/p><\/div><!-- entry-descriptio --><\/div><!-- column --><\/div>\t\t\t\t<\/div>\n\t\t\t\t<\/div>\n\t\t\t\t<\/div>\n\t\t\t\t<\/div>\n\t\t\t\t<\/div>\n\t\t\t\t\t<\/div>\n\t\t\t\t<\/div>\n\t\t<div class=\"elementor-element elementor-element-37080be e-flex e-con-boxed e-con e-parent\" data-id=\"37080be\" data-element_type=\"container\">\n\t\t\t\t\t<div class=\"e-con-inner\">\n\t\t\t\t<div class=\"elementor-element elementor-element-39e59b1 elementor-widget elementor-widget-video\" data-id=\"39e59b1\" data-element_type=\"widget\" data-settings=\"{&quot;video_type&quot;:&quot;hosted&quot;,&quot;controls&quot;:&quot;yes&quot;}\" data-widget_type=\"video.default\">\n\t\t\t\t<div class=\"elementor-widget-container\">\n\t\t\t\t\t\t\t<div class=\"e-hosted-video elementor-wrapper elementor-open-inline\">\n\t\t\t\t\t<video class=\"elementor-video\" src=\"https:\/\/ametllafilmfest.com\/wp-content\/uploads\/2025\/03\/lombra_de_la_badia_-_trailer_-_short-1080p.mp4\" controls=\"\" preload=\"metadata\" controlslist=\"nodownload\" poster=\"https:\/\/ametllafilmfest.com\/wp-content\/uploads\/2025\/03\/239-frame3_LOmbra-de-la-Badia-scaled.jpg\"><\/video>\n\t\t\t\t<\/div>\n\t\t\t\t\t\t<\/div>\n\t\t\t\t<\/div>\n\t\t\t\t\t<\/div>\n\t\t\t\t<\/div>\n\t\t\t\t<\/div>","protected":false},"excerpt":{"rendered":"<p>L&#8217;ombra de la Badia Daniel Llusa Ribes Sota el sol d\u2019estiu, a La R\u00e0pita, un poble de les Terres de l\u2019Ebre a la costa catalana, arriben, com cada any, milers de turistes de tota mena d\u2019or\u00edgens, omplint les platges, els aparcaments i\u2026 el dip\u00f2sit de cad\u00e0vers? Dues amigues (l\u2019\u00c0ngela i la Denise) queden per sortir<\/p>\n<div class=\"klb-readmore post-buttons\"><a class=\"btn btn-black btn-rounded\" href=\"https:\/\/ametllafilmfest.com\/es\/curtmetratges-lombra-de-la-badia\/\">Read More <i class=\"klbth-icon-right-arrow\"><\/i><\/a><\/div>","protected":false},"author":1,"featured_media":0,"parent":0,"menu_order":0,"comment_status":"closed","ping_status":"closed","template":"elementor_theme","meta":{"footnotes":""},"class_list":["post-2517","page","type-page","status-publish","hentry"],"_links":{"self":[{"href":"https:\/\/ametllafilmfest.com\/es\/wp-json\/wp\/v2\/pages\/2517","targetHints":{"allow":["GET"]}}],"collection":[{"href":"https:\/\/ametllafilmfest.com\/es\/wp-json\/wp\/v2\/pages"}],"about":[{"href":"https:\/\/ametllafilmfest.com\/es\/wp-json\/wp\/v2\/types\/page"}],"author":[{"embeddable":true,"href":"https:\/\/ametllafilmfest.com\/es\/wp-json\/wp\/v2\/users\/1"}],"replies":[{"embeddable":true,"href":"https:\/\/ametllafilmfest.com\/es\/wp-json\/wp\/v2\/comments?post=2517"}],"version-history":[{"count":5,"href":"https:\/\/ametllafilmfest.com\/es\/wp-json\/wp\/v2\/pages\/2517\/revisions"}],"predecessor-version":[{"id":2528,"href":"https:\/\/ametllafilmfest.com\/es\/wp-json\/wp\/v2\/pages\/2517\/revisions\/2528"}],"wp:attachment":[{"href":"https:\/\/ametllafilmfest.com\/es\/wp-json\/wp\/v2\/media?parent=2517"}],"curies":[{"name":"wp","href":"https:\/\/api.w.org\/{rel}","templated":true}]}}