{"id":2660,"date":"2025-03-30T22:24:03","date_gmt":"2025-03-30T22:24:03","guid":{"rendered":"https:\/\/ametllafilmfest.com\/?page_id=2660"},"modified":"2025-04-14T16:12:31","modified_gmt":"2025-04-14T16:12:31","slug":"curtmetratges-atavic","status":"publish","type":"page","link":"https:\/\/ametllafilmfest.com\/es\/curtmetratges-atavic\/","title":{"rendered":"Curtmetratges | Atavic"},"content":{"rendered":"<div data-elementor-type=\"wp-page\" data-elementor-id=\"2660\" class=\"elementor elementor-2660\">\n\t\t\t\t<div class=\"elementor-element elementor-element-7cb49eda e-flex e-con-boxed e-con e-parent\" data-id=\"7cb49eda\" data-element_type=\"container\">\n\t\t\t\t\t<div class=\"e-con-inner\">\n\t\t<div class=\"elementor-element elementor-element-552cd322 e-con-full e-flex e-con e-child\" data-id=\"552cd322\" data-element_type=\"container\">\n\t\t\t\t<div class=\"elementor-element elementor-element-32cfc1e9 elementor-widget elementor-widget-spacer\" data-id=\"32cfc1e9\" data-element_type=\"widget\" data-widget_type=\"spacer.default\">\n\t\t\t\t<div class=\"elementor-widget-container\">\n\t\t\t\t\t\t\t<div class=\"elementor-spacer\">\n\t\t\t<div class=\"elementor-spacer-inner\"><\/div>\n\t\t<\/div>\n\t\t\t\t\t\t<\/div>\n\t\t\t\t<\/div>\n\t\t\t\t<\/div>\n\t\t\t\t\t<\/div>\n\t\t\t\t<\/div>\n\t\t<div class=\"elementor-element elementor-element-5821bdca e-flex e-con-boxed e-con e-parent\" data-id=\"5821bdca\" data-element_type=\"container\">\n\t\t\t\t\t<div class=\"e-con-inner\">\n\t\t<div class=\"elementor-element elementor-element-37f72f34 e-con-full e-flex e-con e-child\" data-id=\"37f72f34\" data-element_type=\"container\">\n\t\t\t\t<div class=\"elementor-element elementor-element-6a6dd577 elementor-widget elementor-widget-fynode-image-box\" data-id=\"6a6dd577\" data-element_type=\"widget\" data-widget_type=\"fynode-image-box.default\">\n\t\t\t\t<div class=\"elementor-widget-container\">\n\t\t\t\t\t<div class=\"site-image-content\"><div class=\"entry-media\"><a href=\"\" ><img decoding=\"async\" src=\"https:\/\/ametllafilmfest.com\/wp-content\/uploads\/2025\/03\/32-poster_Atavic-scaled.jpg\"><\/a><\/div><!-- entry-media --><div class=\"entry-content\"><\/div><!-- entry-content --><\/div><!-- site-image-content -->\t\t\t\t<\/div>\n\t\t\t\t<\/div>\n\t\t\t\t<\/div>\n\t\t\t\t\t<\/div>\n\t\t\t\t<\/div>\n\t\t<div class=\"elementor-element elementor-element-7f2ae3d3 e-flex e-con-boxed e-con e-parent\" data-id=\"7f2ae3d3\" data-element_type=\"container\">\n\t\t\t\t\t<div class=\"e-con-inner\">\n\t\t<div class=\"elementor-element elementor-element-570fb632 e-con-full e-flex e-con e-child\" data-id=\"570fb632\" data-element_type=\"container\">\n\t\t\t\t<div class=\"elementor-element elementor-element-3c0c2363 elementor-widget elementor-widget-heading\" data-id=\"3c0c2363\" data-element_type=\"widget\" data-widget_type=\"heading.default\">\n\t\t\t\t<div class=\"elementor-widget-container\">\n\t\t\t\t\t<h2 class=\"elementor-heading-title elementor-size-default\">At\u00e0vic<\/h2>\t\t\t\t<\/div>\n\t\t\t\t<\/div>\n\t\t\t\t<\/div>\n\t\t\t\t\t<\/div>\n\t\t\t\t<\/div>\n\t\t<div class=\"elementor-element elementor-element-1094f978 e-flex e-con-boxed e-con e-parent\" data-id=\"1094f978\" data-element_type=\"container\">\n\t\t\t\t\t<div class=\"e-con-inner\">\n\t\t<div class=\"elementor-element elementor-element-4bebc637 e-con-full e-flex e-con e-child\" data-id=\"4bebc637\" data-element_type=\"container\">\n\t\t<div class=\"elementor-element elementor-element-53fc3292 e-con-full e-flex e-con e-child\" data-id=\"53fc3292\" data-element_type=\"container\">\n\t\t\t\t<div class=\"elementor-element elementor-element-370761fb elementor-widget elementor-widget-fynode-custom-title\" data-id=\"370761fb\" data-element_type=\"widget\" data-widget_type=\"fynode-custom-title.default\">\n\t\t\t\t<div class=\"elementor-widget-container\">\n\t\t\t\t\t<div class=\"site-module-header fynode-custom-title\"><div class=\"column\"><h3 class=\"entry-title\">Albert Blay<\/h3><\/div><!-- column --><div class=\"column\"><div class=\"entry-description\"><p>Cris y Kitus, dos j\u00f3venes estudiantes de 23 y 24 a\u00f1os, van en busca de sus compa\u00f1eros de clase, que deber\u00edan haber regresado ya del rodaje de un proyecto de grupo en un pueblo abandonado y aislado en las monta\u00f1as costeras del Mediterr\u00e1neo, sin internet ni cobertura.\n\nComo sus amigos deber\u00edan haber regresado, Kitus graba la b\u00fasqueda en todo momento con su c\u00e1mara, bromeando, ya que uno de sus compa\u00f1eros estaba a cargo del Making of y quer\u00eda incluir esta parte en el resultado final.\n\nCasi al llegar al pueblo abandonado, Cris y Kitus encuentran los coches de sus amigos, cargados, con las puertas abiertas, bloqueando el \u00fanico camino que conduce al lugar, pero no hay se\u00f1ales de ellos. Se acercan a la casa donde se alojaban, pero tampoco los encuentran y deciden adentrarse en el bosque para continuar la b\u00fasqueda.\n\nMientras caminan por el bosque, comienzan a escuchar sonidos extra\u00f1os. Gritan, pero no hay respuesta y deciden seguir esos sonidos, imaginando que sus compa\u00f1eros est\u00e1n bromeando. Tras una larga caminata, encuentran a Mariona, la protagonista del cortometraje, que, absorta y cubierta de suciedad y rastros de sangre, no dice ni una palabra.\n\nCon creciente preocupaci\u00f3n, Kitus y Cris siguen a Mariona, quien los gu\u00eda por el bosque hasta un claro, donde les da unas peque\u00f1as piedras con un s\u00edmbolo que no entienden, pero que ya han visto antes en la casa. De repente, Mariona empieza a correr y ellos la siguen hasta perderla de vista.\n\nTras correr un rato, llegan a una playa virgen donde se sorprenden al ver seis piras funerarias de madera. Al acercarse a la primera, se sorprenden al ver que Xavi, uno de sus compa\u00f1eros de rodaje, est\u00e1 inconsciente sobre una de las piras, con una piedra id\u00e9ntica a la que Mariona les dio en cada ojo. Mariona aparece y los ataca por sorpresa. Cuando logran liberarse de ella, se vuelve a esconder.\n\nAsustados, comprueban que sus amigos siguen vivos, pero parece demasiado tarde. Una de las piras comienza a arder intensamente; en solo unos segundos, otra tambi\u00e9n lo hace. Cuando Cris corre para intentar salvar a sus amigos, Mariona la ataca con fuerza, dej\u00e1ndola inconsciente. Luego, se gira hacia Kitus y la ataca. La c\u00e1mara cae al suelo y Mariona la golpea.\n\nEste guion parece mezclar terror psicol\u00f3gico con elementos de suspense, con un fuerte enfoque en el misterio y la tensi\u00f3n creciente mientras los personajes intentan entender lo que est\u00e1 sucediendo en un escenario aislado y hostil.<\/p><\/div><!-- entry-descriptio --><\/div><!-- column --><\/div>\t\t\t\t<\/div>\n\t\t\t\t<\/div>\n\t\t\t\t<\/div>\n\t\t\t\t<\/div>\n\t\t\t\t\t<\/div>\n\t\t\t\t<\/div>\n\t\t<div class=\"elementor-element elementor-element-57c38e21 e-flex e-con-boxed e-con e-parent\" data-id=\"57c38e21\" data-element_type=\"container\">\n\t\t\t\t\t<div class=\"e-con-inner\">\n\t\t<div class=\"elementor-element elementor-element-689a3bb0 e-con-full e-flex e-con e-child\" data-id=\"689a3bb0\" data-element_type=\"container\">\n\t\t<div class=\"elementor-element elementor-element-18b36475 e-con-full e-flex e-con e-child\" data-id=\"18b36475\" data-element_type=\"container\">\n\t\t<div class=\"elementor-element elementor-element-367b179c e-con-full e-flex e-con e-child\" data-id=\"367b179c\" data-element_type=\"container\">\n\t\t\t\t<div class=\"elementor-element elementor-element-3b93a2c7 elementor-widget-divider--view-line elementor-widget elementor-widget-divider\" data-id=\"3b93a2c7\" data-element_type=\"widget\" data-widget_type=\"divider.default\">\n\t\t\t\t<div class=\"elementor-widget-container\">\n\t\t\t\t\t\t\t<div class=\"elementor-divider\">\n\t\t\t<span class=\"elementor-divider-separator\">\n\t\t\t\t\t\t<\/span>\n\t\t<\/div>\n\t\t\t\t\t\t<\/div>\n\t\t\t\t<\/div>\n\t\t\t\t<div class=\"elementor-element elementor-element-7554e25b elementor-widget elementor-widget-fynode-custom-title\" data-id=\"7554e25b\" data-element_type=\"widget\" data-widget_type=\"fynode-custom-title.default\">\n\t\t\t\t<div class=\"elementor-widget-container\">\n\t\t\t\t\t<div class=\"site-module-header fynode-custom-title\"><div class=\"column\"><h3 class=\"entry-title\">Categor\u00eda<\/h3><\/div><!-- column --><div class=\"column\"><div class=\"entry-description\"><p>Ficci\u00f3n, Fant\u00e1stico, Terror.<\/p><\/div><!-- entry-descriptio --><\/div><!-- column --><\/div>\t\t\t\t<\/div>\n\t\t\t\t<\/div>\n\t\t\t\t<\/div>\n\t\t<div class=\"elementor-element elementor-element-1262623b e-con-full e-flex e-con e-child\" data-id=\"1262623b\" data-element_type=\"container\">\n\t\t\t\t<div class=\"elementor-element elementor-element-38515e7e elementor-widget-divider--view-line elementor-widget elementor-widget-divider\" data-id=\"38515e7e\" data-element_type=\"widget\" data-widget_type=\"divider.default\">\n\t\t\t\t<div class=\"elementor-widget-container\">\n\t\t\t\t\t\t\t<div class=\"elementor-divider\">\n\t\t\t<span class=\"elementor-divider-separator\">\n\t\t\t\t\t\t<\/span>\n\t\t<\/div>\n\t\t\t\t\t\t<\/div>\n\t\t\t\t<\/div>\n\t\t\t\t<div class=\"elementor-element elementor-element-38984eb0 elementor-widget elementor-widget-fynode-custom-title\" data-id=\"38984eb0\" data-element_type=\"widget\" data-widget_type=\"fynode-custom-title.default\">\n\t\t\t\t<div class=\"elementor-widget-container\">\n\t\t\t\t\t<div class=\"site-module-header fynode-custom-title\"><div class=\"column\"><h3 class=\"entry-title\">G\u00e9nero<\/h3><\/div><!-- column --><div class=\"column\"><div class=\"entry-description\"><p>Adolescentes, Aventura, Crimen, Terror, Mockumentary, Psicol\u00f3gico, Thriller, Vida salvaje, Pel\u00edcula.<\/p><\/div><!-- entry-descriptio --><\/div><!-- column --><\/div>\t\t\t\t<\/div>\n\t\t\t\t<\/div>\n\t\t\t\t<\/div>\n\t\t<div class=\"elementor-element elementor-element-563f928c e-con-full e-flex e-con e-child\" data-id=\"563f928c\" data-element_type=\"container\">\n\t\t\t\t<div class=\"elementor-element elementor-element-6e62d076 elementor-widget-divider--view-line elementor-widget elementor-widget-divider\" data-id=\"6e62d076\" data-element_type=\"widget\" data-widget_type=\"divider.default\">\n\t\t\t\t<div class=\"elementor-widget-container\">\n\t\t\t\t\t\t\t<div class=\"elementor-divider\">\n\t\t\t<span class=\"elementor-divider-separator\">\n\t\t\t\t\t\t<\/span>\n\t\t<\/div>\n\t\t\t\t\t\t<\/div>\n\t\t\t\t<\/div>\n\t\t\t\t<div class=\"elementor-element elementor-element-6c503aba elementor-widget elementor-widget-fynode-custom-title\" data-id=\"6c503aba\" data-element_type=\"widget\" data-widget_type=\"fynode-custom-title.default\">\n\t\t\t\t<div class=\"elementor-widget-container\">\n\t\t\t\t\t<div class=\"site-module-header fynode-custom-title\"><div class=\"column\"><h3 class=\"entry-title\">Tem\u00e1tica<\/h3><\/div><!-- column --><div class=\"column\"><div class=\"entry-description\"><p>Adolescentes, Campo, Juventud, Macabro, Naturaleza, Pel\u00edculas sobre cine.\n\n\n\n<\/p><\/div><!-- entry-descriptio --><\/div><!-- column --><\/div>\t\t\t\t<\/div>\n\t\t\t\t<\/div>\n\t\t\t\t<\/div>\n\t\t\t\t<\/div>\n\t\t\t\t<\/div>\n\t\t\t\t\t<\/div>\n\t\t\t\t<\/div>\n\t\t<div class=\"elementor-element elementor-element-643d97be e-flex e-con-boxed e-con e-parent\" data-id=\"643d97be\" data-element_type=\"container\">\n\t\t\t\t\t<div class=\"e-con-inner\">\n\t\t\t\t<div class=\"elementor-element elementor-element-5f2c4131 elementor-widget elementor-widget-video\" data-id=\"5f2c4131\" data-element_type=\"widget\" data-settings=\"{&quot;video_type&quot;:&quot;hosted&quot;,&quot;show_image_overlay&quot;:&quot;yes&quot;,&quot;image_overlay&quot;:{&quot;url&quot;:&quot;https:\\\/\\\/ametllafilmfest.com\\\/wp-content\\\/uploads\\\/2025\\\/03\\\/32-frame1_Atavic.jpg&quot;,&quot;id&quot;:2663,&quot;size&quot;:&quot;&quot;,&quot;alt&quot;:&quot;&quot;,&quot;source&quot;:&quot;library&quot;},&quot;controls&quot;:&quot;yes&quot;}\" data-widget_type=\"video.default\">\n\t\t\t\t<div class=\"elementor-widget-container\">\n\t\t\t\t\t\t\t<div class=\"e-hosted-video elementor-wrapper elementor-open-inline\">\n\t\t\t\t\t<video class=\"elementor-video\" src=\"https:\/\/ametllafilmfest.com\/wp-content\/uploads\/2025\/04\/atavic-trailer-baixa.mov\" controls=\"\" preload=\"metadata\" controlslist=\"nodownload\"><\/video>\n\t\t\t\t\t\t<div class=\"elementor-custom-embed-image-overlay\" style=\"background-image: url(https:\/\/ametllafilmfest.com\/wp-content\/uploads\/2025\/03\/32-frame1_Atavic.jpg);\">\n\t\t\t\t\t\t\t\t\t\t\t\t\t\t\t\t<div class=\"elementor-custom-embed-play\" role=\"button\" aria-label=\"Reproducir v\u00eddeo\" tabindex=\"0\" data-no-translation-aria-label=\"\">\n\t\t\t\t\t\t\t<svg aria-hidden=\"true\" class=\"e-font-icon-svg e-eicon-play\" viewbox=\"0 0 1000 1000\" xmlns=\"http:\/\/www.w3.org\/2000\/svg\"><path d=\"M838 162C746 71 633 25 500 25 371 25 258 71 163 162 71 254 25 367 25 500 25 633 71 746 163 837 254 929 367 979 500 979 633 979 746 933 838 837 929 746 975 633 975 500 975 367 929 254 838 162M808 192C892 279 933 379 933 500 933 621 892 725 808 808 725 892 621 938 500 938 379 938 279 896 196 808 113 725 67 621 67 500 67 379 108 279 196 192 279 108 383 62 500 62 621 62 721 108 808 192M438 392V642L642 517 438 392Z\"><\/path><\/svg>\t\t\t\t\t\t<\/div>\n\t\t\t\t\t\t\t\t\t<\/div>\n\t\t\t\t\t<\/div>\n\t\t\t\t\t\t<\/div>\n\t\t\t\t<\/div>\n\t\t\t\t\t<\/div>\n\t\t\t\t<\/div>\n\t\t\t\t<\/div>","protected":false},"excerpt":{"rendered":"<p>At\u00e0vic Albert Blay Cris i Kitus, dos joves estudiants de 23 i 24 anys, van a la recerca dels seus companys de classe, que haurien d\u2019haver tornat ja del rodatge d\u2019un projecte de grup en un poble abandonat i a\u00efllat a les muntanyes costaneres del Mediterrani, sense internet ni cobertura. Com que els seus amics<\/p>\n<div class=\"klb-readmore post-buttons\"><a class=\"btn btn-black btn-rounded\" href=\"https:\/\/ametllafilmfest.com\/es\/curtmetratges-atavic\/\">Read More <i class=\"klbth-icon-right-arrow\"><\/i><\/a><\/div>","protected":false},"author":1,"featured_media":0,"parent":0,"menu_order":0,"comment_status":"closed","ping_status":"closed","template":"elementor_theme","meta":{"footnotes":""},"class_list":["post-2660","page","type-page","status-publish","hentry"],"_links":{"self":[{"href":"https:\/\/ametllafilmfest.com\/es\/wp-json\/wp\/v2\/pages\/2660","targetHints":{"allow":["GET"]}}],"collection":[{"href":"https:\/\/ametllafilmfest.com\/es\/wp-json\/wp\/v2\/pages"}],"about":[{"href":"https:\/\/ametllafilmfest.com\/es\/wp-json\/wp\/v2\/types\/page"}],"author":[{"embeddable":true,"href":"https:\/\/ametllafilmfest.com\/es\/wp-json\/wp\/v2\/users\/1"}],"replies":[{"embeddable":true,"href":"https:\/\/ametllafilmfest.com\/es\/wp-json\/wp\/v2\/comments?post=2660"}],"version-history":[{"count":5,"href":"https:\/\/ametllafilmfest.com\/es\/wp-json\/wp\/v2\/pages\/2660\/revisions"}],"predecessor-version":[{"id":3230,"href":"https:\/\/ametllafilmfest.com\/es\/wp-json\/wp\/v2\/pages\/2660\/revisions\/3230"}],"wp:attachment":[{"href":"https:\/\/ametllafilmfest.com\/es\/wp-json\/wp\/v2\/media?parent=2660"}],"curies":[{"name":"wp","href":"https:\/\/api.w.org\/{rel}","templated":true}]}}