{"id":2671,"date":"2025-03-30T22:28:28","date_gmt":"2025-03-30T22:28:28","guid":{"rendered":"https:\/\/ametllafilmfest.com\/?page_id=2671"},"modified":"2025-04-14T16:20:50","modified_gmt":"2025-04-14T16:20:50","slug":"curtmetratges-laura","status":"publish","type":"page","link":"https:\/\/ametllafilmfest.com\/es\/curtmetratges-laura\/","title":{"rendered":"Curtmetratges | Laura"},"content":{"rendered":"<div data-elementor-type=\"wp-page\" data-elementor-id=\"2671\" class=\"elementor elementor-2671\">\n\t\t\t\t<div class=\"elementor-element elementor-element-11648366 e-flex e-con-boxed e-con e-parent\" data-id=\"11648366\" data-element_type=\"container\">\n\t\t\t\t\t<div class=\"e-con-inner\">\n\t\t<div class=\"elementor-element elementor-element-4ed0e605 e-con-full e-flex e-con e-child\" data-id=\"4ed0e605\" data-element_type=\"container\">\n\t\t\t\t<div class=\"elementor-element elementor-element-53eda05a elementor-widget elementor-widget-spacer\" data-id=\"53eda05a\" data-element_type=\"widget\" data-widget_type=\"spacer.default\">\n\t\t\t\t<div class=\"elementor-widget-container\">\n\t\t\t\t\t\t\t<div class=\"elementor-spacer\">\n\t\t\t<div class=\"elementor-spacer-inner\"><\/div>\n\t\t<\/div>\n\t\t\t\t\t\t<\/div>\n\t\t\t\t<\/div>\n\t\t\t\t<\/div>\n\t\t\t\t\t<\/div>\n\t\t\t\t<\/div>\n\t\t<div class=\"elementor-element elementor-element-3456f1bf e-flex e-con-boxed e-con e-parent\" data-id=\"3456f1bf\" data-element_type=\"container\">\n\t\t\t\t\t<div class=\"e-con-inner\">\n\t\t<div class=\"elementor-element elementor-element-56e53c95 e-con-full e-flex e-con e-child\" data-id=\"56e53c95\" data-element_type=\"container\">\n\t\t\t\t<div class=\"elementor-element elementor-element-24bd297d elementor-widget elementor-widget-fynode-image-box\" data-id=\"24bd297d\" data-element_type=\"widget\" data-widget_type=\"fynode-image-box.default\">\n\t\t\t\t<div class=\"elementor-widget-container\">\n\t\t\t\t\t<div class=\"site-image-content\"><div class=\"entry-media\"><a href=\"\" ><img decoding=\"async\" src=\"https:\/\/ametllafilmfest.com\/wp-content\/uploads\/2025\/03\/23-poster_Laura.jpg\"><\/a><\/div><!-- entry-media --><div class=\"entry-content\"><\/div><!-- entry-content --><\/div><!-- site-image-content -->\t\t\t\t<\/div>\n\t\t\t\t<\/div>\n\t\t\t\t<\/div>\n\t\t\t\t\t<\/div>\n\t\t\t\t<\/div>\n\t\t<div class=\"elementor-element elementor-element-61a7571c e-flex e-con-boxed e-con e-parent\" data-id=\"61a7571c\" data-element_type=\"container\">\n\t\t\t\t\t<div class=\"e-con-inner\">\n\t\t<div class=\"elementor-element elementor-element-24feae54 e-con-full e-flex e-con e-child\" data-id=\"24feae54\" data-element_type=\"container\">\n\t\t\t\t<div class=\"elementor-element elementor-element-23ead950 elementor-widget elementor-widget-heading\" data-id=\"23ead950\" data-element_type=\"widget\" data-widget_type=\"heading.default\">\n\t\t\t\t<div class=\"elementor-widget-container\">\n\t\t\t\t\t<h2 class=\"elementor-heading-title elementor-size-default\">Laura<\/h2>\t\t\t\t<\/div>\n\t\t\t\t<\/div>\n\t\t\t\t<\/div>\n\t\t\t\t\t<\/div>\n\t\t\t\t<\/div>\n\t\t<div class=\"elementor-element elementor-element-6337efe0 e-flex e-con-boxed e-con e-parent\" data-id=\"6337efe0\" data-element_type=\"container\">\n\t\t\t\t\t<div class=\"e-con-inner\">\n\t\t<div class=\"elementor-element elementor-element-6e0d07f5 e-con-full e-flex e-con e-child\" data-id=\"6e0d07f5\" data-element_type=\"container\">\n\t\t<div class=\"elementor-element elementor-element-3167d1f4 e-con-full e-flex e-con e-child\" data-id=\"3167d1f4\" data-element_type=\"container\">\n\t\t\t\t<div class=\"elementor-element elementor-element-289fbea0 elementor-widget elementor-widget-fynode-custom-title\" data-id=\"289fbea0\" data-element_type=\"widget\" data-widget_type=\"fynode-custom-title.default\">\n\t\t\t\t<div class=\"elementor-widget-container\">\n\t\t\t\t\t<div class=\"site-module-header fynode-custom-title\"><div class=\"column\"><h3 class=\"entry-title\">Albert Masferrer<\/h3><\/div><!-- column --><div class=\"column\"><div class=\"entry-description\"><p>Laura retrata la relaci\u00f3n entre Albert y Laura, hermanos de una familia de tres miembros que, a pesar de tener este lazo sangu\u00edneo, no se llevan bien. No se quieren ni se insultan, pero tampoco hay violencia f\u00edsica; simplemente se ignoran. Esta relaci\u00f3n disfuncional parece no afectarles y, durante a\u00f1os, vemos c\u00f3mo sus vidas siguen adelante a pesar de cargar con ese peso que no parecen notar. Sin embargo, en algunos momentos fugaces, podemos ver c\u00f3mo se dan cuenta de que algo no va bien, pero deciden ignorarlo.\n\nEsto contin\u00faa hasta que llegan a la mayor\u00eda de edad y sus sue\u00f1os est\u00e1n m\u00e1s cerca de hacerse realidad. Es entonces cuando, finalmente, esta relaci\u00f3n de ignorancia mutua puede llegar a su fin y algo nuevo puede comenzar, a trav\u00e9s de un abrazo. La primera vez que se abrazar\u00e1n, finalmente se dar\u00e1n cuenta de que siempre han estado all\u00ed.<\/p><\/div><!-- entry-descriptio --><\/div><!-- column --><\/div>\t\t\t\t<\/div>\n\t\t\t\t<\/div>\n\t\t\t\t<\/div>\n\t\t\t\t<\/div>\n\t\t\t\t\t<\/div>\n\t\t\t\t<\/div>\n\t\t<div class=\"elementor-element elementor-element-79c7fd83 e-flex e-con-boxed e-con e-parent\" data-id=\"79c7fd83\" data-element_type=\"container\">\n\t\t\t\t\t<div class=\"e-con-inner\">\n\t\t<div class=\"elementor-element elementor-element-127c4cf4 e-con-full e-flex e-con e-child\" data-id=\"127c4cf4\" data-element_type=\"container\">\n\t\t<div class=\"elementor-element elementor-element-79fbd3d3 e-con-full e-flex e-con e-child\" data-id=\"79fbd3d3\" data-element_type=\"container\">\n\t\t<div class=\"elementor-element elementor-element-4de6dce9 e-con-full e-flex e-con e-child\" data-id=\"4de6dce9\" data-element_type=\"container\">\n\t\t\t\t<div class=\"elementor-element elementor-element-c48663 elementor-widget-divider--view-line elementor-widget elementor-widget-divider\" data-id=\"c48663\" data-element_type=\"widget\" data-widget_type=\"divider.default\">\n\t\t\t\t<div class=\"elementor-widget-container\">\n\t\t\t\t\t\t\t<div class=\"elementor-divider\">\n\t\t\t<span class=\"elementor-divider-separator\">\n\t\t\t\t\t\t<\/span>\n\t\t<\/div>\n\t\t\t\t\t\t<\/div>\n\t\t\t\t<\/div>\n\t\t\t\t<div class=\"elementor-element elementor-element-265a5530 elementor-widget elementor-widget-fynode-custom-title\" data-id=\"265a5530\" data-element_type=\"widget\" data-widget_type=\"fynode-custom-title.default\">\n\t\t\t\t<div class=\"elementor-widget-container\">\n\t\t\t\t\t<div class=\"site-module-header fynode-custom-title\"><div class=\"column\"><h3 class=\"entry-title\">Categor\u00eda<\/h3><\/div><!-- column --><div class=\"column\"><div class=\"entry-description\"><p>Ficci\u00f3n, Fant\u00e1stico, Terror, Otros<\/p><\/div><!-- entry-descriptio --><\/div><!-- column --><\/div>\t\t\t\t<\/div>\n\t\t\t\t<\/div>\n\t\t\t\t<\/div>\n\t\t<div class=\"elementor-element elementor-element-668b65d7 e-con-full e-flex e-con e-child\" data-id=\"668b65d7\" data-element_type=\"container\">\n\t\t\t\t<div class=\"elementor-element elementor-element-67f24abd elementor-widget-divider--view-line elementor-widget elementor-widget-divider\" data-id=\"67f24abd\" data-element_type=\"widget\" data-widget_type=\"divider.default\">\n\t\t\t\t<div class=\"elementor-widget-container\">\n\t\t\t\t\t\t\t<div class=\"elementor-divider\">\n\t\t\t<span class=\"elementor-divider-separator\">\n\t\t\t\t\t\t<\/span>\n\t\t<\/div>\n\t\t\t\t\t\t<\/div>\n\t\t\t\t<\/div>\n\t\t\t\t<div class=\"elementor-element elementor-element-76bf69ef elementor-widget elementor-widget-fynode-custom-title\" data-id=\"76bf69ef\" data-element_type=\"widget\" data-widget_type=\"fynode-custom-title.default\">\n\t\t\t\t<div class=\"elementor-widget-container\">\n\t\t\t\t\t<div class=\"site-module-header fynode-custom-title\"><div class=\"column\"><h3 class=\"entry-title\">G\u00e9nero<\/h3><\/div><!-- column --><div class=\"column\"><div class=\"entry-description\"><p>Adolescentes, Drama, Infantil\n<\/p><\/div><!-- entry-descriptio --><\/div><!-- column --><\/div>\t\t\t\t<\/div>\n\t\t\t\t<\/div>\n\t\t\t\t<\/div>\n\t\t<div class=\"elementor-element elementor-element-468f0d2a e-con-full e-flex e-con e-child\" data-id=\"468f0d2a\" data-element_type=\"container\">\n\t\t\t\t<div class=\"elementor-element elementor-element-247ccca7 elementor-widget-divider--view-line elementor-widget elementor-widget-divider\" data-id=\"247ccca7\" data-element_type=\"widget\" data-widget_type=\"divider.default\">\n\t\t\t\t<div class=\"elementor-widget-container\">\n\t\t\t\t\t\t\t<div class=\"elementor-divider\">\n\t\t\t<span class=\"elementor-divider-separator\">\n\t\t\t\t\t\t<\/span>\n\t\t<\/div>\n\t\t\t\t\t\t<\/div>\n\t\t\t\t<\/div>\n\t\t\t\t<div class=\"elementor-element elementor-element-35fb5b1d elementor-widget elementor-widget-fynode-custom-title\" data-id=\"35fb5b1d\" data-element_type=\"widget\" data-widget_type=\"fynode-custom-title.default\">\n\t\t\t\t<div class=\"elementor-widget-container\">\n\t\t\t\t\t<div class=\"site-module-header fynode-custom-title\"><div class=\"column\"><h3 class=\"entry-title\">Tem\u00e1tica<\/h3><\/div><!-- column --><div class=\"column\"><div class=\"entry-description\"><p>Adolescentes, Familia, Infancia, Juventud, M\u00fasica.<\/p><\/div><!-- entry-descriptio --><\/div><!-- column --><\/div>\t\t\t\t<\/div>\n\t\t\t\t<\/div>\n\t\t\t\t<\/div>\n\t\t\t\t<\/div>\n\t\t\t\t<\/div>\n\t\t\t\t\t<\/div>\n\t\t\t\t<\/div>\n\t\t<div class=\"elementor-element elementor-element-75a9edd e-flex e-con-boxed e-con e-parent\" data-id=\"75a9edd\" data-element_type=\"container\">\n\t\t\t\t\t<div class=\"e-con-inner\">\n\t\t\t\t<div class=\"elementor-element elementor-element-45ef9636 elementor-widget elementor-widget-video\" data-id=\"45ef9636\" data-element_type=\"widget\" data-settings=\"{&quot;video_type&quot;:&quot;hosted&quot;,&quot;show_image_overlay&quot;:&quot;yes&quot;,&quot;image_overlay&quot;:{&quot;url&quot;:&quot;https:\\\/\\\/ametllafilmfest.com\\\/wp-content\\\/uploads\\\/2025\\\/03\\\/23-frame2_Laura.jpg&quot;,&quot;id&quot;:2674,&quot;size&quot;:&quot;&quot;,&quot;alt&quot;:&quot;&quot;,&quot;source&quot;:&quot;library&quot;},&quot;controls&quot;:&quot;yes&quot;}\" data-widget_type=\"video.default\">\n\t\t\t\t<div class=\"elementor-widget-container\">\n\t\t\t\t\t\t\t<div class=\"e-hosted-video elementor-wrapper elementor-open-inline\">\n\t\t\t\t\t<video class=\"elementor-video\" src=\"https:\/\/ametllafilmfest.com\/wp-content\/uploads\/2025\/04\/Laura-Trailer.mp4\" controls=\"\" preload=\"metadata\" controlslist=\"nodownload\"><\/video>\n\t\t\t\t\t\t<div class=\"elementor-custom-embed-image-overlay\" style=\"background-image: url(https:\/\/ametllafilmfest.com\/wp-content\/uploads\/2025\/03\/23-frame2_Laura.jpg);\">\n\t\t\t\t\t\t\t\t\t\t\t\t\t\t\t\t<div class=\"elementor-custom-embed-play\" role=\"button\" aria-label=\"Reprodueix v\u00eddeo\" tabindex=\"0\">\n\t\t\t\t\t\t\t<svg aria-hidden=\"true\" class=\"e-font-icon-svg e-eicon-play\" viewbox=\"0 0 1000 1000\" xmlns=\"http:\/\/www.w3.org\/2000\/svg\"><path d=\"M838 162C746 71 633 25 500 25 371 25 258 71 163 162 71 254 25 367 25 500 25 633 71 746 163 837 254 929 367 979 500 979 633 979 746 933 838 837 929 746 975 633 975 500 975 367 929 254 838 162M808 192C892 279 933 379 933 500 933 621 892 725 808 808 725 892 621 938 500 938 379 938 279 896 196 808 113 725 67 621 67 500 67 379 108 279 196 192 279 108 383 62 500 62 621 62 721 108 808 192M438 392V642L642 517 438 392Z\"><\/path><\/svg>\t\t\t\t\t\t<\/div>\n\t\t\t\t\t\t\t\t\t<\/div>\n\t\t\t\t\t<\/div>\n\t\t\t\t\t\t<\/div>\n\t\t\t\t<\/div>\n\t\t\t\t\t<\/div>\n\t\t\t\t<\/div>\n\t\t\t\t<\/div>","protected":false},"excerpt":{"rendered":"<p>Laura Albert Masferrer Laura retrata la relaci\u00f3 entre l&#8217;Albert i la Laura, germans d&#8217;una fam\u00edlia de tres membres que, malgrat tenir aquesta relaci\u00f3 de sang, no es porten b\u00e9. No es volen ni es insulten, tampoc hi ha viol\u00e8ncia f\u00edsica, simplement s&#8217;ignoren. Aquesta relaci\u00f3 disfuncional sembla no afectar-los i, durant anys, veiem que les seves<\/p>\n<div class=\"klb-readmore post-buttons\"><a class=\"btn btn-black btn-rounded\" href=\"https:\/\/ametllafilmfest.com\/es\/curtmetratges-laura\/\">Read More <i class=\"klbth-icon-right-arrow\"><\/i><\/a><\/div>","protected":false},"author":1,"featured_media":0,"parent":0,"menu_order":0,"comment_status":"closed","ping_status":"closed","template":"elementor_theme","meta":{"footnotes":""},"class_list":["post-2671","page","type-page","status-publish","hentry"],"_links":{"self":[{"href":"https:\/\/ametllafilmfest.com\/es\/wp-json\/wp\/v2\/pages\/2671","targetHints":{"allow":["GET"]}}],"collection":[{"href":"https:\/\/ametllafilmfest.com\/es\/wp-json\/wp\/v2\/pages"}],"about":[{"href":"https:\/\/ametllafilmfest.com\/es\/wp-json\/wp\/v2\/types\/page"}],"author":[{"embeddable":true,"href":"https:\/\/ametllafilmfest.com\/es\/wp-json\/wp\/v2\/users\/1"}],"replies":[{"embeddable":true,"href":"https:\/\/ametllafilmfest.com\/es\/wp-json\/wp\/v2\/comments?post=2671"}],"version-history":[{"count":5,"href":"https:\/\/ametllafilmfest.com\/es\/wp-json\/wp\/v2\/pages\/2671\/revisions"}],"predecessor-version":[{"id":3242,"href":"https:\/\/ametllafilmfest.com\/es\/wp-json\/wp\/v2\/pages\/2671\/revisions\/3242"}],"wp:attachment":[{"href":"https:\/\/ametllafilmfest.com\/es\/wp-json\/wp\/v2\/media?parent=2671"}],"curies":[{"name":"wp","href":"https:\/\/api.w.org\/{rel}","templated":true}]}}