{"id":2694,"date":"2025-03-30T22:37:37","date_gmt":"2025-03-30T22:37:37","guid":{"rendered":"https:\/\/ametllafilmfest.com\/?page_id=2694"},"modified":"2025-04-14T16:10:16","modified_gmt":"2025-04-14T16:10:16","slug":"curtmetratges-la-nina-tatuada","status":"publish","type":"page","link":"https:\/\/ametllafilmfest.com\/es\/curtmetratges-la-nina-tatuada\/","title":{"rendered":"Curtmetratges | La ni\u00f1a tatuada"},"content":{"rendered":"<div data-elementor-type=\"wp-page\" data-elementor-id=\"2694\" class=\"elementor elementor-2694\">\n\t\t\t\t<div class=\"elementor-element elementor-element-1e181275 e-flex e-con-boxed e-con e-parent\" data-id=\"1e181275\" data-element_type=\"container\">\n\t\t\t\t\t<div class=\"e-con-inner\">\n\t\t<div class=\"elementor-element elementor-element-3c441313 e-con-full e-flex e-con e-child\" data-id=\"3c441313\" data-element_type=\"container\">\n\t\t\t\t<div class=\"elementor-element elementor-element-4c02b312 elementor-widget elementor-widget-spacer\" data-id=\"4c02b312\" data-element_type=\"widget\" data-widget_type=\"spacer.default\">\n\t\t\t\t<div class=\"elementor-widget-container\">\n\t\t\t\t\t\t\t<div class=\"elementor-spacer\">\n\t\t\t<div class=\"elementor-spacer-inner\"><\/div>\n\t\t<\/div>\n\t\t\t\t\t\t<\/div>\n\t\t\t\t<\/div>\n\t\t\t\t<\/div>\n\t\t\t\t\t<\/div>\n\t\t\t\t<\/div>\n\t\t<div class=\"elementor-element elementor-element-10c352f2 e-flex e-con-boxed e-con e-parent\" data-id=\"10c352f2\" data-element_type=\"container\">\n\t\t\t\t\t<div class=\"e-con-inner\">\n\t\t<div class=\"elementor-element elementor-element-15a5b092 e-con-full e-flex e-con e-child\" data-id=\"15a5b092\" data-element_type=\"container\">\n\t\t\t\t<div class=\"elementor-element elementor-element-5f2e06e3 elementor-widget elementor-widget-fynode-image-box\" data-id=\"5f2e06e3\" data-element_type=\"widget\" data-widget_type=\"fynode-image-box.default\">\n\t\t\t\t<div class=\"elementor-widget-container\">\n\t\t\t\t\t<div class=\"site-image-content\"><div class=\"entry-media\"><a href=\"\" ><img decoding=\"async\" src=\"https:\/\/ametllafilmfest.com\/wp-content\/uploads\/2025\/03\/18-poster_La-nina-tatuada-.jpg\"><\/a><\/div><!-- entry-media --><div class=\"entry-content\"><\/div><!-- entry-content --><\/div><!-- site-image-content -->\t\t\t\t<\/div>\n\t\t\t\t<\/div>\n\t\t\t\t<\/div>\n\t\t\t\t\t<\/div>\n\t\t\t\t<\/div>\n\t\t<div class=\"elementor-element elementor-element-6d48dd9a e-flex e-con-boxed e-con e-parent\" data-id=\"6d48dd9a\" data-element_type=\"container\">\n\t\t\t\t\t<div class=\"e-con-inner\">\n\t\t<div class=\"elementor-element elementor-element-721d5b58 e-con-full e-flex e-con e-child\" data-id=\"721d5b58\" data-element_type=\"container\">\n\t\t\t\t<div class=\"elementor-element elementor-element-77906648 elementor-widget elementor-widget-heading\" data-id=\"77906648\" data-element_type=\"widget\" data-widget_type=\"heading.default\">\n\t\t\t\t<div class=\"elementor-widget-container\">\n\t\t\t\t\t<h2 class=\"elementor-heading-title elementor-size-default\">La ni\u00f1a tatuada<\/h2>\t\t\t\t<\/div>\n\t\t\t\t<\/div>\n\t\t\t\t<\/div>\n\t\t\t\t\t<\/div>\n\t\t\t\t<\/div>\n\t\t<div class=\"elementor-element elementor-element-3d44bf20 e-flex e-con-boxed e-con e-parent\" data-id=\"3d44bf20\" data-element_type=\"container\">\n\t\t\t\t\t<div class=\"e-con-inner\">\n\t\t<div class=\"elementor-element elementor-element-273337cd e-con-full e-flex e-con e-child\" data-id=\"273337cd\" data-element_type=\"container\">\n\t\t<div class=\"elementor-element elementor-element-3b444595 e-con-full e-flex e-con e-child\" data-id=\"3b444595\" data-element_type=\"container\">\n\t\t\t\t<div class=\"elementor-element elementor-element-2c6fa5f1 elementor-widget elementor-widget-fynode-custom-title\" data-id=\"2c6fa5f1\" data-element_type=\"widget\" data-widget_type=\"fynode-custom-title.default\">\n\t\t\t\t<div class=\"elementor-widget-container\">\n\t\t\t\t\t<div class=\"site-module-header fynode-custom-title\"><div class=\"column\"><h3 class=\"entry-title\">Elisa Lanzas<\/h3><\/div><!-- column --><div class=\"column\"><div class=\"entry-description\"><p>Irene sufre el acoso callejero por parte de un desconocido. Asustada, acude a su padre, quien decide ponerla en el coche para buscar al acosador. Es entonces cuando Irene se da cuenta de que el comportamiento de su propio padre no es tan diferente al del hombre que la ha perseguido.\n\nEsta historia explora el tema de la disfuncionalitat en les relacions familiars i la manera en qu\u00e8 les din\u00e0miques de poder i control poden manifestar-se de formes inesperades. Tamb\u00e9 q\u00fcestiona la percepci\u00f3 de seguretat i confian\u00e7a en aquells que s'esperaria que protegissin.<\/p><\/div><!-- entry-descriptio --><\/div><!-- column --><\/div>\t\t\t\t<\/div>\n\t\t\t\t<\/div>\n\t\t\t\t<\/div>\n\t\t\t\t<\/div>\n\t\t\t\t\t<\/div>\n\t\t\t\t<\/div>\n\t\t<div class=\"elementor-element elementor-element-4a79560f e-flex e-con-boxed e-con e-parent\" data-id=\"4a79560f\" data-element_type=\"container\">\n\t\t\t\t\t<div class=\"e-con-inner\">\n\t\t<div class=\"elementor-element elementor-element-291e9eb7 e-con-full e-flex e-con e-child\" data-id=\"291e9eb7\" data-element_type=\"container\">\n\t\t<div class=\"elementor-element elementor-element-63c67ac2 e-con-full e-flex e-con e-child\" data-id=\"63c67ac2\" data-element_type=\"container\">\n\t\t<div class=\"elementor-element elementor-element-5ca6715d e-con-full e-flex e-con e-child\" data-id=\"5ca6715d\" data-element_type=\"container\">\n\t\t\t\t<div class=\"elementor-element elementor-element-c9ef90a elementor-widget-divider--view-line elementor-widget elementor-widget-divider\" data-id=\"c9ef90a\" data-element_type=\"widget\" data-widget_type=\"divider.default\">\n\t\t\t\t<div class=\"elementor-widget-container\">\n\t\t\t\t\t\t\t<div class=\"elementor-divider\">\n\t\t\t<span class=\"elementor-divider-separator\">\n\t\t\t\t\t\t<\/span>\n\t\t<\/div>\n\t\t\t\t\t\t<\/div>\n\t\t\t\t<\/div>\n\t\t\t\t<div class=\"elementor-element elementor-element-372de9ae elementor-widget elementor-widget-fynode-custom-title\" data-id=\"372de9ae\" data-element_type=\"widget\" data-widget_type=\"fynode-custom-title.default\">\n\t\t\t\t<div class=\"elementor-widget-container\">\n\t\t\t\t\t<div class=\"site-module-header fynode-custom-title\"><div class=\"column\"><h3 class=\"entry-title\">Categor\u00eda<\/h3><\/div><!-- column --><div class=\"column\"><div class=\"entry-description\"><p>Ficci\u00f3n, Otros<\/p><\/div><!-- entry-descriptio --><\/div><!-- column --><\/div>\t\t\t\t<\/div>\n\t\t\t\t<\/div>\n\t\t\t\t<\/div>\n\t\t<div class=\"elementor-element elementor-element-42549c01 e-con-full e-flex e-con e-child\" data-id=\"42549c01\" data-element_type=\"container\">\n\t\t\t\t<div class=\"elementor-element elementor-element-1faf95c3 elementor-widget-divider--view-line elementor-widget elementor-widget-divider\" data-id=\"1faf95c3\" data-element_type=\"widget\" data-widget_type=\"divider.default\">\n\t\t\t\t<div class=\"elementor-widget-container\">\n\t\t\t\t\t\t\t<div class=\"elementor-divider\">\n\t\t\t<span class=\"elementor-divider-separator\">\n\t\t\t\t\t\t<\/span>\n\t\t<\/div>\n\t\t\t\t\t\t<\/div>\n\t\t\t\t<\/div>\n\t\t\t\t<div class=\"elementor-element elementor-element-6e18c605 elementor-widget elementor-widget-fynode-custom-title\" data-id=\"6e18c605\" data-element_type=\"widget\" data-widget_type=\"fynode-custom-title.default\">\n\t\t\t\t<div class=\"elementor-widget-container\">\n\t\t\t\t\t<div class=\"site-module-header fynode-custom-title\"><div class=\"column\"><h3 class=\"entry-title\">G\u00e9nero<\/h3><\/div><!-- column --><div class=\"column\"><div class=\"entry-description\"><p>Infantil, Drama, Derechos Humanos, Psicol\u00f3gico, Adolescentes, Thriller.<\/p><\/div><!-- entry-descriptio --><\/div><!-- column --><\/div>\t\t\t\t<\/div>\n\t\t\t\t<\/div>\n\t\t\t\t<\/div>\n\t\t<div class=\"elementor-element elementor-element-5a178ed e-con-full e-flex e-con e-child\" data-id=\"5a178ed\" data-element_type=\"container\">\n\t\t\t\t<div class=\"elementor-element elementor-element-3f22f7f3 elementor-widget-divider--view-line elementor-widget elementor-widget-divider\" data-id=\"3f22f7f3\" data-element_type=\"widget\" data-widget_type=\"divider.default\">\n\t\t\t\t<div class=\"elementor-widget-container\">\n\t\t\t\t\t\t\t<div class=\"elementor-divider\">\n\t\t\t<span class=\"elementor-divider-separator\">\n\t\t\t\t\t\t<\/span>\n\t\t<\/div>\n\t\t\t\t\t\t<\/div>\n\t\t\t\t<\/div>\n\t\t\t\t<div class=\"elementor-element elementor-element-6aca7705 elementor-widget elementor-widget-fynode-custom-title\" data-id=\"6aca7705\" data-element_type=\"widget\" data-widget_type=\"fynode-custom-title.default\">\n\t\t\t\t<div class=\"elementor-widget-container\">\n\t\t\t\t\t<div class=\"site-module-header fynode-custom-title\"><div class=\"column\"><h3 class=\"entry-title\">Tem\u00e1tica<\/h3><\/div><!-- column --><div class=\"column\"><div class=\"entry-description\"><p>Adolescentes, Cuestiones sociales, Equidad de g\u00e9nero, Escuela, Familia, Mujer, Salud mental, Soledad.<\/p><\/div><!-- entry-descriptio --><\/div><!-- column --><\/div>\t\t\t\t<\/div>\n\t\t\t\t<\/div>\n\t\t\t\t<\/div>\n\t\t\t\t<\/div>\n\t\t\t\t<\/div>\n\t\t\t\t\t<\/div>\n\t\t\t\t<\/div>\n\t\t<div class=\"elementor-element elementor-element-3a178205 e-flex e-con-boxed e-con e-parent\" data-id=\"3a178205\" data-element_type=\"container\">\n\t\t\t\t\t<div class=\"e-con-inner\">\n\t\t\t\t<div class=\"elementor-element elementor-element-1e3eb33e elementor-widget elementor-widget-video\" data-id=\"1e3eb33e\" data-element_type=\"widget\" data-settings=\"{&quot;video_type&quot;:&quot;hosted&quot;,&quot;show_image_overlay&quot;:&quot;yes&quot;,&quot;image_overlay&quot;:{&quot;url&quot;:&quot;https:\\\/\\\/ametllafilmfest.com\\\/wp-content\\\/uploads\\\/2025\\\/03\\\/18-banner_La-nina-tatuada-.jpg&quot;,&quot;id&quot;:2697,&quot;size&quot;:&quot;&quot;,&quot;alt&quot;:&quot;&quot;,&quot;source&quot;:&quot;library&quot;},&quot;controls&quot;:&quot;yes&quot;}\" data-widget_type=\"video.default\">\n\t\t\t\t<div class=\"elementor-widget-container\">\n\t\t\t\t\t\t\t<div class=\"e-hosted-video elementor-wrapper elementor-open-inline\">\n\t\t\t\t\t<video class=\"elementor-video\" src=\"https:\/\/ametllafilmfest.com\/wp-content\/uploads\/2025\/04\/LNT_TEASER_V5_240512_1920X1080.mp4\" controls=\"\" preload=\"metadata\" controlslist=\"nodownload\"><\/video>\n\t\t\t\t\t\t<div class=\"elementor-custom-embed-image-overlay\" style=\"background-image: url(https:\/\/ametllafilmfest.com\/wp-content\/uploads\/2025\/03\/18-banner_La-nina-tatuada-.jpg);\">\n\t\t\t\t\t\t\t\t\t\t\t\t\t\t\t\t<div class=\"elementor-custom-embed-play\" role=\"button\" aria-label=\"Reproducir v\u00eddeo\" tabindex=\"0\" data-no-translation-aria-label=\"\">\n\t\t\t\t\t\t\t<svg aria-hidden=\"true\" class=\"e-font-icon-svg e-eicon-play\" viewbox=\"0 0 1000 1000\" xmlns=\"http:\/\/www.w3.org\/2000\/svg\"><path d=\"M838 162C746 71 633 25 500 25 371 25 258 71 163 162 71 254 25 367 25 500 25 633 71 746 163 837 254 929 367 979 500 979 633 979 746 933 838 837 929 746 975 633 975 500 975 367 929 254 838 162M808 192C892 279 933 379 933 500 933 621 892 725 808 808 725 892 621 938 500 938 379 938 279 896 196 808 113 725 67 621 67 500 67 379 108 279 196 192 279 108 383 62 500 62 621 62 721 108 808 192M438 392V642L642 517 438 392Z\"><\/path><\/svg>\t\t\t\t\t\t<\/div>\n\t\t\t\t\t\t\t\t\t<\/div>\n\t\t\t\t\t<\/div>\n\t\t\t\t\t\t<\/div>\n\t\t\t\t<\/div>\n\t\t\t\t\t<\/div>\n\t\t\t\t<\/div>\n\t\t\t\t<\/div>","protected":false},"excerpt":{"rendered":"<p>La ni\u00f1a tatuada Elisa Lanzas Irene sofreix l&#8217;assetjament al carrer per part d&#8217;un desconegut. Espantada, acudeix al seu pare, qui decideix posar-la al cotxe per buscar l&#8217;assetjador. \u00c9s llavors quan Irene es d\u00f3na compte que el comportament del seu propi pare no \u00e9s tan diferent del de l&#8217;home que l&#8217;ha perseguit. Categor\u00eda Ficci\u00f3, Altres G\u00e8nere<\/p>\n<div class=\"klb-readmore post-buttons\"><a class=\"btn btn-black btn-rounded\" href=\"https:\/\/ametllafilmfest.com\/es\/curtmetratges-la-nina-tatuada\/\">Read More <i class=\"klbth-icon-right-arrow\"><\/i><\/a><\/div>","protected":false},"author":1,"featured_media":0,"parent":0,"menu_order":0,"comment_status":"closed","ping_status":"closed","template":"elementor_theme","meta":{"footnotes":""},"class_list":["post-2694","page","type-page","status-publish","hentry"],"_links":{"self":[{"href":"https:\/\/ametllafilmfest.com\/es\/wp-json\/wp\/v2\/pages\/2694","targetHints":{"allow":["GET"]}}],"collection":[{"href":"https:\/\/ametllafilmfest.com\/es\/wp-json\/wp\/v2\/pages"}],"about":[{"href":"https:\/\/ametllafilmfest.com\/es\/wp-json\/wp\/v2\/types\/page"}],"author":[{"embeddable":true,"href":"https:\/\/ametllafilmfest.com\/es\/wp-json\/wp\/v2\/users\/1"}],"replies":[{"embeddable":true,"href":"https:\/\/ametllafilmfest.com\/es\/wp-json\/wp\/v2\/comments?post=2694"}],"version-history":[{"count":5,"href":"https:\/\/ametllafilmfest.com\/es\/wp-json\/wp\/v2\/pages\/2694\/revisions"}],"predecessor-version":[{"id":3226,"href":"https:\/\/ametllafilmfest.com\/es\/wp-json\/wp\/v2\/pages\/2694\/revisions\/3226"}],"wp:attachment":[{"href":"https:\/\/ametllafilmfest.com\/es\/wp-json\/wp\/v2\/media?parent=2694"}],"curies":[{"name":"wp","href":"https:\/\/api.w.org\/{rel}","templated":true}]}}