{"id":2945,"date":"2025-04-05T17:10:48","date_gmt":"2025-04-05T17:10:48","guid":{"rendered":"https:\/\/ametllafilmfest.com\/?page_id=2945"},"modified":"2025-04-14T16:32:07","modified_gmt":"2025-04-14T16:32:07","slug":"curtmetratges-opera","status":"publish","type":"page","link":"https:\/\/ametllafilmfest.com\/es\/curtmetratges-opera\/","title":{"rendered":"Curtmetratges |\u00a0\u00d2pera"},"content":{"rendered":"<div data-elementor-type=\"wp-page\" data-elementor-id=\"2945\" class=\"elementor elementor-2945\">\n\t\t\t\t<div class=\"elementor-element elementor-element-56c2a98a e-flex e-con-boxed e-con e-parent\" data-id=\"56c2a98a\" data-element_type=\"container\">\n\t\t\t\t\t<div class=\"e-con-inner\">\n\t\t<div class=\"elementor-element elementor-element-5e6f331f e-con-full e-flex e-con e-child\" data-id=\"5e6f331f\" data-element_type=\"container\">\n\t\t\t\t<div class=\"elementor-element elementor-element-48d3ce1a elementor-widget elementor-widget-spacer\" data-id=\"48d3ce1a\" data-element_type=\"widget\" data-widget_type=\"spacer.default\">\n\t\t\t\t<div class=\"elementor-widget-container\">\n\t\t\t\t\t\t\t<div class=\"elementor-spacer\">\n\t\t\t<div class=\"elementor-spacer-inner\"><\/div>\n\t\t<\/div>\n\t\t\t\t\t\t<\/div>\n\t\t\t\t<\/div>\n\t\t\t\t<\/div>\n\t\t\t\t\t<\/div>\n\t\t\t\t<\/div>\n\t\t<div class=\"elementor-element elementor-element-5e670f e-flex e-con-boxed e-con e-parent\" data-id=\"5e670f\" data-element_type=\"container\">\n\t\t\t\t\t<div class=\"e-con-inner\">\n\t\t<div class=\"elementor-element elementor-element-64252f e-con-full e-flex e-con e-child\" data-id=\"64252f\" data-element_type=\"container\">\n\t\t\t\t<div class=\"elementor-element elementor-element-52902d1b elementor-widget elementor-widget-fynode-image-box\" data-id=\"52902d1b\" data-element_type=\"widget\" data-widget_type=\"fynode-image-box.default\">\n\t\t\t\t<div class=\"elementor-widget-container\">\n\t\t\t\t\t<div class=\"site-image-content\"><div class=\"entry-media\"><a href=\"\" ><img decoding=\"async\" src=\"https:\/\/ametllafilmfest.com\/wp-content\/uploads\/2025\/04\/305-poster_Opera-1.jpg\"><\/a><\/div><!-- entry-media --><div class=\"entry-content\"><\/div><!-- entry-content --><\/div><!-- site-image-content -->\t\t\t\t<\/div>\n\t\t\t\t<\/div>\n\t\t\t\t<\/div>\n\t\t\t\t\t<\/div>\n\t\t\t\t<\/div>\n\t\t<div class=\"elementor-element elementor-element-25ed4208 e-flex e-con-boxed e-con e-parent\" data-id=\"25ed4208\" data-element_type=\"container\">\n\t\t\t\t\t<div class=\"e-con-inner\">\n\t\t<div class=\"elementor-element elementor-element-3a92fd06 e-con-full e-flex e-con e-child\" data-id=\"3a92fd06\" data-element_type=\"container\">\n\t\t\t\t<div class=\"elementor-element elementor-element-421842d0 elementor-widget elementor-widget-heading\" data-id=\"421842d0\" data-element_type=\"widget\" data-widget_type=\"heading.default\">\n\t\t\t\t<div class=\"elementor-widget-container\">\n\t\t\t\t\t<h2 class=\"elementor-heading-title elementor-size-default\">\u00d2pera<\/h2>\t\t\t\t<\/div>\n\t\t\t\t<\/div>\n\t\t\t\t<\/div>\n\t\t\t\t\t<\/div>\n\t\t\t\t<\/div>\n\t\t<div class=\"elementor-element elementor-element-439fa8c4 e-flex e-con-boxed e-con e-parent\" data-id=\"439fa8c4\" data-element_type=\"container\">\n\t\t\t\t\t<div class=\"e-con-inner\">\n\t\t<div class=\"elementor-element elementor-element-633cb94b e-con-full e-flex e-con e-child\" data-id=\"633cb94b\" data-element_type=\"container\">\n\t\t<div class=\"elementor-element elementor-element-1c01b89b e-con-full e-flex e-con e-child\" data-id=\"1c01b89b\" data-element_type=\"container\">\n\t\t\t\t<div class=\"elementor-element elementor-element-1d834333 elementor-widget elementor-widget-fynode-custom-title\" data-id=\"1d834333\" data-element_type=\"widget\" data-widget_type=\"fynode-custom-title.default\">\n\t\t\t\t<div class=\"elementor-widget-container\">\n\t\t\t\t\t<div class=\"site-module-header fynode-custom-title\"><div class=\"column\"><h3 class=\"entry-title\">Caterina Mayol Umbert <\/h3><\/div><!-- column --><div class=\"column\"><div class=\"entry-description\"><p>La situaci\u00f3 es torna cada cop m\u00e9s tensa mentre la Maria continua observant els dos nois amb desconfian\u00e7a. Els seus gestos, tot i ser educats, semblen poc naturals, com si estiguessin amagant alguna cosa. Quan la Maria intenta parlar amb el seu marit sobre les seves sospites, ell es mostra indiferent i li insisteix que no cal preocupar-se, ja que els nois nom\u00e9s volen ajuda.\n\nTanmateix, a mesura que la nit avan\u00e7a, les tensions creixen. La Maria comen\u00e7a a sentir-se atrapada, sense poder sortir de la situaci\u00f3. Quan decideix indagar m\u00e9s a fons, descobreix pistes que confirmen els seus pitjors temors: els nois no nom\u00e9s estan mentint sobre la seva hist\u00f2ria, sin\u00f3 que tamb\u00e9 tenen plans m\u00e9s sinistres en ment. \n\nEn aquest moment, la Maria haur\u00e0 de decidir si segueix la seva intu\u00efci\u00f3 i es converteix en la seva pr\u00f2pia hero\u00efna, o si, per por o per desconcert, continua amb la situaci\u00f3, arriscant-se a perdre el control de la seva pr\u00f2pia seguretat.<\/p><\/div><!-- entry-descriptio --><\/div><!-- column --><\/div>\t\t\t\t<\/div>\n\t\t\t\t<\/div>\n\t\t\t\t<\/div>\n\t\t\t\t<\/div>\n\t\t\t\t\t<\/div>\n\t\t\t\t<\/div>\n\t\t<div class=\"elementor-element elementor-element-217c84d8 e-flex e-con-boxed e-con e-parent\" data-id=\"217c84d8\" data-element_type=\"container\">\n\t\t\t\t\t<div class=\"e-con-inner\">\n\t\t<div class=\"elementor-element elementor-element-3cafd553 e-con-full e-flex e-con e-child\" data-id=\"3cafd553\" data-element_type=\"container\">\n\t\t<div class=\"elementor-element elementor-element-1f48983b e-con-full e-flex e-con e-child\" data-id=\"1f48983b\" data-element_type=\"container\">\n\t\t<div class=\"elementor-element elementor-element-271462fe e-con-full e-flex e-con e-child\" data-id=\"271462fe\" data-element_type=\"container\">\n\t\t\t\t<div class=\"elementor-element elementor-element-5d4c18fc elementor-widget-divider--view-line elementor-widget elementor-widget-divider\" data-id=\"5d4c18fc\" data-element_type=\"widget\" data-widget_type=\"divider.default\">\n\t\t\t\t<div class=\"elementor-widget-container\">\n\t\t\t\t\t\t\t<div class=\"elementor-divider\">\n\t\t\t<span class=\"elementor-divider-separator\">\n\t\t\t\t\t\t<\/span>\n\t\t<\/div>\n\t\t\t\t\t\t<\/div>\n\t\t\t\t<\/div>\n\t\t\t\t<div class=\"elementor-element elementor-element-568fdb66 elementor-widget elementor-widget-fynode-custom-title\" data-id=\"568fdb66\" data-element_type=\"widget\" data-widget_type=\"fynode-custom-title.default\">\n\t\t\t\t<div class=\"elementor-widget-container\">\n\t\t\t\t\t<div class=\"site-module-header fynode-custom-title\"><div class=\"column\"><h3 class=\"entry-title\">Categor\u00eda<\/h3><\/div><!-- column --><div class=\"column\"><div class=\"entry-description\"><p>Crimen, Terror, Thriller<\/p><\/div><!-- entry-descriptio --><\/div><!-- column --><\/div>\t\t\t\t<\/div>\n\t\t\t\t<\/div>\n\t\t\t\t<\/div>\n\t\t<div class=\"elementor-element elementor-element-2b0e4aeb e-con-full e-flex e-con e-child\" data-id=\"2b0e4aeb\" data-element_type=\"container\">\n\t\t\t\t<div class=\"elementor-element elementor-element-1ca2340c elementor-widget-divider--view-line elementor-widget elementor-widget-divider\" data-id=\"1ca2340c\" data-element_type=\"widget\" data-widget_type=\"divider.default\">\n\t\t\t\t<div class=\"elementor-widget-container\">\n\t\t\t\t\t\t\t<div class=\"elementor-divider\">\n\t\t\t<span class=\"elementor-divider-separator\">\n\t\t\t\t\t\t<\/span>\n\t\t<\/div>\n\t\t\t\t\t\t<\/div>\n\t\t\t\t<\/div>\n\t\t\t\t<div class=\"elementor-element elementor-element-17ccd958 elementor-widget elementor-widget-fynode-custom-title\" data-id=\"17ccd958\" data-element_type=\"widget\" data-widget_type=\"fynode-custom-title.default\">\n\t\t\t\t<div class=\"elementor-widget-container\">\n\t\t\t\t\t<div class=\"site-module-header fynode-custom-title\"><div class=\"column\"><h3 class=\"entry-title\">G\u00e9nero<\/h3><\/div><!-- column --><div class=\"column\"><div class=\"entry-description\"><p>Comedia, Terror, Thriller.<\/p><\/div><!-- entry-descriptio --><\/div><!-- column --><\/div>\t\t\t\t<\/div>\n\t\t\t\t<\/div>\n\t\t\t\t<\/div>\n\t\t<div class=\"elementor-element elementor-element-2fa376af e-con-full e-flex e-con e-child\" data-id=\"2fa376af\" data-element_type=\"container\">\n\t\t\t\t<div class=\"elementor-element elementor-element-4c10034f elementor-widget-divider--view-line elementor-widget elementor-widget-divider\" data-id=\"4c10034f\" data-element_type=\"widget\" data-widget_type=\"divider.default\">\n\t\t\t\t<div class=\"elementor-widget-container\">\n\t\t\t\t\t\t\t<div class=\"elementor-divider\">\n\t\t\t<span class=\"elementor-divider-separator\">\n\t\t\t\t\t\t<\/span>\n\t\t<\/div>\n\t\t\t\t\t\t<\/div>\n\t\t\t\t<\/div>\n\t\t\t\t<div class=\"elementor-element elementor-element-c133eef elementor-widget elementor-widget-fynode-custom-title\" data-id=\"c133eef\" data-element_type=\"widget\" data-widget_type=\"fynode-custom-title.default\">\n\t\t\t\t<div class=\"elementor-widget-container\">\n\t\t\t\t\t<div class=\"site-module-header fynode-custom-title\"><div class=\"column\"><h3 class=\"entry-title\">Tem\u00e1tica<\/h3><\/div><!-- column --><div class=\"column\"><div class=\"entry-description\"><p>Juventud, Macabro, Muerte, Mujer, Cine Queer, Sexualidad, Teatro, Violencia<\/p><\/div><!-- entry-descriptio --><\/div><!-- column --><\/div>\t\t\t\t<\/div>\n\t\t\t\t<\/div>\n\t\t\t\t<\/div>\n\t\t\t\t<\/div>\n\t\t\t\t<\/div>\n\t\t\t\t\t<\/div>\n\t\t\t\t<\/div>\n\t\t<div class=\"elementor-element elementor-element-50ff956c e-flex e-con-boxed e-con e-parent\" data-id=\"50ff956c\" data-element_type=\"container\">\n\t\t\t\t\t<div class=\"e-con-inner\">\n\t\t\t\t<div class=\"elementor-element elementor-element-27a42f75 elementor-widget elementor-widget-video\" data-id=\"27a42f75\" data-element_type=\"widget\" data-settings=\"{&quot;video_type&quot;:&quot;hosted&quot;,&quot;show_image_overlay&quot;:&quot;yes&quot;,&quot;image_overlay&quot;:{&quot;url&quot;:&quot;https:\\\/\\\/ametllafilmfest.com\\\/wp-content\\\/uploads\\\/2025\\\/04\\\/305-frame2_Opera.jpg&quot;,&quot;id&quot;:2955,&quot;size&quot;:&quot;&quot;,&quot;alt&quot;:&quot;&quot;,&quot;source&quot;:&quot;library&quot;},&quot;controls&quot;:&quot;yes&quot;}\" data-widget_type=\"video.default\">\n\t\t\t\t<div class=\"elementor-widget-container\">\n\t\t\t\t\t\t\t<div class=\"e-hosted-video elementor-wrapper elementor-open-inline\">\n\t\t\t\t\t<video class=\"elementor-video\" src=\"https:\/\/ametllafilmfest.com\/wp-content\/uploads\/2025\/04\/Teaser_Opera.mov\" controls=\"\" preload=\"metadata\" controlslist=\"nodownload\"><\/video>\n\t\t\t\t\t\t<div class=\"elementor-custom-embed-image-overlay\" style=\"background-image: url(https:\/\/ametllafilmfest.com\/wp-content\/uploads\/2025\/04\/305-frame2_Opera.jpg);\">\n\t\t\t\t\t\t\t\t\t\t\t\t\t\t\t\t<div class=\"elementor-custom-embed-play\" role=\"button\" aria-label=\"Reproducir v\u00eddeo\" tabindex=\"0\">\n\t\t\t\t\t\t\t<svg aria-hidden=\"true\" class=\"e-font-icon-svg e-eicon-play\" viewbox=\"0 0 1000 1000\" xmlns=\"http:\/\/www.w3.org\/2000\/svg\"><path d=\"M838 162C746 71 633 25 500 25 371 25 258 71 163 162 71 254 25 367 25 500 25 633 71 746 163 837 254 929 367 979 500 979 633 979 746 933 838 837 929 746 975 633 975 500 975 367 929 254 838 162M808 192C892 279 933 379 933 500 933 621 892 725 808 808 725 892 621 938 500 938 379 938 279 896 196 808 113 725 67 621 67 500 67 379 108 279 196 192 279 108 383 62 500 62 621 62 721 108 808 192M438 392V642L642 517 438 392Z\"><\/path><\/svg>\t\t\t\t\t\t<\/div>\n\t\t\t\t\t\t\t\t\t<\/div>\n\t\t\t\t\t<\/div>\n\t\t\t\t\t\t<\/div>\n\t\t\t\t<\/div>\n\t\t\t\t\t<\/div>\n\t\t\t\t<\/div>\n\t\t\t\t<\/div>","protected":false},"excerpt":{"rendered":"<p>\u00d2pera Caterina Mayol Umbert La Maria est\u00e0 preparant el sopar per al seu marit, quan dos nois, l\u2019Adam i en Bruno, truquen a la porta. Pel que sembla, necessiten ajuda perqu\u00e8 han tingut una avaria amb el cotxe. Demanen educadament si poden fer servir un tel\u00e8fon, i ella accepta encantada, ja que els nois semblen<\/p>\n<div class=\"klb-readmore post-buttons\"><a class=\"btn btn-black btn-rounded\" href=\"https:\/\/ametllafilmfest.com\/es\/curtmetratges-opera\/\">Read More <i class=\"klbth-icon-right-arrow\"><\/i><\/a><\/div>","protected":false},"author":1,"featured_media":0,"parent":0,"menu_order":0,"comment_status":"closed","ping_status":"closed","template":"elementor_theme","meta":{"footnotes":""},"class_list":["post-2945","page","type-page","status-publish","hentry"],"_links":{"self":[{"href":"https:\/\/ametllafilmfest.com\/es\/wp-json\/wp\/v2\/pages\/2945","targetHints":{"allow":["GET"]}}],"collection":[{"href":"https:\/\/ametllafilmfest.com\/es\/wp-json\/wp\/v2\/pages"}],"about":[{"href":"https:\/\/ametllafilmfest.com\/es\/wp-json\/wp\/v2\/types\/page"}],"author":[{"embeddable":true,"href":"https:\/\/ametllafilmfest.com\/es\/wp-json\/wp\/v2\/users\/1"}],"replies":[{"embeddable":true,"href":"https:\/\/ametllafilmfest.com\/es\/wp-json\/wp\/v2\/comments?post=2945"}],"version-history":[{"count":5,"href":"https:\/\/ametllafilmfest.com\/es\/wp-json\/wp\/v2\/pages\/2945\/revisions"}],"predecessor-version":[{"id":3258,"href":"https:\/\/ametllafilmfest.com\/es\/wp-json\/wp\/v2\/pages\/2945\/revisions\/3258"}],"wp:attachment":[{"href":"https:\/\/ametllafilmfest.com\/es\/wp-json\/wp\/v2\/media?parent=2945"}],"curies":[{"name":"wp","href":"https:\/\/api.w.org\/{rel}","templated":true}]}}